{"id":993,"date":"2025-04-11T16:38:56","date_gmt":"2025-04-11T16:38:56","guid":{"rendered":"https:\/\/www.stella-sisu.fi\/index.php\/tuote\/lyra-rytmisen-voimistelun-kisapuku\/"},"modified":"2026-04-18T07:53:28","modified_gmt":"2026-04-18T07:53:28","slug":"lyra-rytminen-voimistelu-kisapuku","status":"publish","type":"product","link":"https:\/\/www.stella-sisu.fi\/en\/product\/lyra-rytminen-voimistelu-kisapuku\/","title":{"rendered":"Lyra rhythmic gymnastics leotard"},"content":{"rendered":"<h3>T\u00e4m\u00e4 upea, t\u00e4ysin uusi Lyra rytmisen voimistelun kisapuku tuo n\u00e4ytt\u00e4vyytt\u00e4 ja laatua suorituksiisi.<\/h3>\n<p><strong>HUOMIO! Puku voi my\u00f6s vuokrata. Vuokrauksen hinta on 200\u20ac per kausi. Ota yhteytt\u00e4 ja sovi vuokrauksesta!<\/strong><\/p>\n<p>Puku on koristeltu runsailla korkealaatuisilla strasseilla, jotka korostavat liikkeiden eleganssia ja tuovat s\u00e4ihkett\u00e4 esiintymiseen. Sen kaunis ja huolellisesti suunniteltu kokonaisuus tekee siit\u00e4 t\u00e4ydellisen valinnan kansallisiin ja kansainv\u00e4lisiin kilpailuihin.<\/p>\n<p>Olka-haara-mitta on noin 56 cm, ja puku sopii parhaiten noin 130\u2013140 cm pituiselle voimistelijalle. Kuvassa n\u00e4kyv\u00e4t mitat on otettu ilman venytyst\u00e4. Parhaan istuvuuden varmistamiseksi sovitus onnistuu <a href=\"https:\/\/www.stella-sisu.fi\/en\/espoon-liike\/\">Stella Sisu liikkeess\u00e4 Espoossa<\/a>.<\/p>\n<p>T\u00e4m\u00e4 kisapuku t\u00e4ytt\u00e4\u00e4 uusimmat <a href=\"https:\/\/www.gymnastics.sport\/publicdir\/rules\/files\/en_1.1%20-%20RG%20Code%20of%20Points%202025-2028.pdf\" rel=\"noopener\">FIG:n s\u00e4\u00e4nn\u00f6t<\/a>, joten se on kilpailukelpoinen kansainv\u00e4lisell\u00e4 tasolla. Erityisen\u00e4 lis\u00e4n\u00e4 puku on suunniteltu ja valmistettu Suomessa, ja sill\u00e4 on Avainlippu-tunnus, joka takaa kotimaisen laadun ja vastuullisen tuotannon. Valmistuksessa on kiinnitetty erityist\u00e4 huomiota korkealaatuisiin materiaaleihin ja viimeistelyyn, jotta puku tukee voimistelijan esiintymist\u00e4 t\u00e4ydellisesti.<\/p>\n<p><strong>Huomio:<\/strong> Puvun kopiointi on ehdottomasti kielletty.<\/p>","protected":false},"excerpt":{"rendered":"<p>T\u00e4m\u00e4 upea, t\u00e4ysin uusi Lyra rytmisen voimistelun kisapuku tuo n\u00e4ytt\u00e4vyytt\u00e4 ja laatua suorituksiisi.<\/p>\n<p><strong>Kauden vuokrahinta on 200\u20ac.<\/strong><\/p>","protected":false},"featured_media":2560,"template":"","meta":{"_uag_custom_page_level_css":"","site-sidebar-layout":"default","site-content-layout":"","ast-site-content-layout":"default","site-content-style":"default","site-sidebar-style":"default","ast-global-header-display":"","ast-banner-title-visibility":"","ast-main-header-display":"","ast-hfb-above-header-display":"","ast-hfb-below-header-display":"","ast-hfb-mobile-header-display":"","site-post-title":"","ast-breadcrumbs-content":"","ast-featured-img":"","footer-sml-layout":"","ast-disable-related-posts":"","theme-transparent-header-meta":"default","adv-header-id-meta":"","stick-header-meta":"","header-above-stick-meta":"","header-main-stick-meta":"","header-below-stick-meta":"","astra-migrate-meta-layouts":"set","ast-page-background-enabled":"default","ast-page-background-meta":{"desktop":{"background-color":"var(--ast-global-color-5)","background-image":"","background-repeat":"repeat","background-position":"center center","background-size":"auto","background-attachment":"scroll","background-type":"","background-media":"","overlay-type":"","overlay-color":"","overlay-opacity":"","overlay-gradient":""},"tablet":{"background-color":"","background-image":"","background-repeat":"repeat","background-position":"center center","background-size":"auto","background-attachment":"scroll","background-type":"","background-media":"","overlay-type":"","overlay-color":"","overlay-opacity":"","overlay-gradient":""},"mobile":{"background-color":"","background-image":"","background-repeat":"repeat","background-position":"center center","background-size":"auto","background-attachment":"scroll","background-type":"","background-media":"","overlay-type":"","overlay-color":"","overlay-opacity":"","overlay-gradient":""}},"ast-content-background-meta":{"desktop":{"background-color":"var(--ast-global-color-4)","background-image":"","background-repeat":"repeat","background-position":"center center","background-size":"auto","background-attachment":"scroll","background-type":"","background-media":"","overlay-type":"","overlay-color":"","overlay-opacity":"","overlay-gradient":""},"tablet":{"background-color":"var(--ast-global-color-4)","background-image":"","background-repeat":"repeat","background-position":"center center","background-size":"auto","background-attachment":"scroll","background-type":"","background-media":"","overlay-type":"","overlay-color":"","overlay-opacity":"","overlay-gradient":""},"mobile":{"background-color":"var(--ast-global-color-4)","background-image":"","background-repeat":"repeat","background-position":"center center","background-size":"auto","background-attachment":"scroll","background-type":"","background-media":"","overlay-type":"","overlay-color":"","overlay-opacity":"","overlay-gradient":""}}},"product_brand":[135],"product_cat":[17],"product_tag":[19,36,133,37,20],"class_list":{"0":"post-993","1":"product","2":"type-product","3":"status-publish","4":"has-post-thumbnail","6":"product_brand-stella-sisu-ompelimo","7":"product_cat-kisapuvut","8":"product_tag-kisapuku","9":"product_tag-rytminen-voimistelu","10":"product_tag-stella-sisu","11":"product_tag-uusi-kisapuku","12":"product_tag-voimistelupuku","13":"pa_koko-130-140-cm","14":"desktop-align-left","15":"tablet-align-left","16":"mobile-align-left","18":"first","19":"instock","20":"sale","21":"taxable","22":"shipping-taxable","23":"purchasable","24":"product-type-simple"},"supplier_id":4737,"supplier_sku":"","barcode":null,"atum_controlled":true,"out_stock_date":null,"out_stock_threshold":null,"inheritable":false,"inbound_stock":0,"stock_on_hold":0,"sold_today":0,"sales_last_days":0,"reserved_stock":0,"customer_returns":0,"warehouse_damage":0,"lost_in_post":0,"other_logs":0,"out_stock_days":0,"lost_sales":0,"has_location":false,"update_date":"2026-04-30T03:51:23","atum_locations":[],"atum_stock_status":"instock","restock_status":false,"low_stock_amount":"","sales_update_date":"2026-04-30T03:51:23","calc_backorders":null,"uagb_featured_image_src":{"full":["https:\/\/www.stella-sisu.fi\/wp-content\/uploads\/2025\/04\/IMG_3293-1_edited.webp",2250,2250,false],"thumbnail":["https:\/\/www.stella-sisu.fi\/wp-content\/uploads\/2025\/04\/IMG_3293-1_edited-150x150.png",150,150,true],"medium":["https:\/\/www.stella-sisu.fi\/wp-content\/uploads\/2025\/04\/IMG_3293-1_edited-300x300.png",300,300,true],"medium_large":["https:\/\/www.stella-sisu.fi\/wp-content\/uploads\/2025\/04\/IMG_3293-1_edited-768x768.png",768,768,true],"large":["https:\/\/www.stella-sisu.fi\/wp-content\/uploads\/2025\/04\/IMG_3293-1_edited-1024x1024.png",1024,1024,true],"1536x1536":["https:\/\/www.stella-sisu.fi\/wp-content\/uploads\/2025\/04\/IMG_3293-1_edited-1536x1536.png",1536,1536,true],"2048x2048":["https:\/\/www.stella-sisu.fi\/wp-content\/uploads\/2025\/04\/IMG_3293-1_edited-2048x2048.png",2048,2048,true],"trp-custom-language-flag":["https:\/\/www.stella-sisu.fi\/wp-content\/uploads\/2025\/04\/IMG_3293-1_edited.webp",12,12,false],"woocommerce_thumbnail":["https:\/\/www.stella-sisu.fi\/wp-content\/uploads\/2025\/04\/IMG_3293-1_edited-300x300.webp",300,300,true],"woocommerce_single":["https:\/\/www.stella-sisu.fi\/wp-content\/uploads\/2025\/04\/IMG_3293-1_edited-600x600.webp",600,600,true],"woocommerce_gallery_thumbnail":["https:\/\/www.stella-sisu.fi\/wp-content\/uploads\/2025\/04\/IMG_3293-1_edited-100x100.webp",100,100,true]},"uagb_author_info":{"display_name":"Stella Sisun Nadiia","author_link":"https:\/\/www.stella-sisu.fi\/en\/author\/"},"uagb_comment_info":0,"uagb_excerpt":"T\u00e4m\u00e4 upea, t\u00e4ysin uusi Lyra rytmisen voimistelun kisapuku tuo n\u00e4ytt\u00e4vyytt\u00e4 ja laatua suorituksiisi. Kauden vuokrahinta on 200\u20ac.","_links":{"self":[{"href":"https:\/\/www.stella-sisu.fi\/en\/wp-json\/wp\/v2\/product\/993","targetHints":{"allow":["GET"]}}],"collection":[{"href":"https:\/\/www.stella-sisu.fi\/en\/wp-json\/wp\/v2\/product"}],"about":[{"href":"https:\/\/www.stella-sisu.fi\/en\/wp-json\/wp\/v2\/types\/product"}],"wp:featuredmedia":[{"embeddable":true,"href":"https:\/\/www.stella-sisu.fi\/en\/wp-json\/wp\/v2\/media\/2560"}],"wp:attachment":[{"href":"https:\/\/www.stella-sisu.fi\/en\/wp-json\/wp\/v2\/media?parent=993"}],"wp:term":[{"taxonomy":"product_brand","embeddable":true,"href":"https:\/\/www.stella-sisu.fi\/en\/wp-json\/wp\/v2\/product_brand?post=993"},{"taxonomy":"product_cat","embeddable":true,"href":"https:\/\/www.stella-sisu.fi\/en\/wp-json\/wp\/v2\/product_cat?post=993"},{"taxonomy":"product_tag","embeddable":true,"href":"https:\/\/www.stella-sisu.fi\/en\/wp-json\/wp\/v2\/product_tag?post=993"}],"curies":[{"name":"wp","href":"https:\/\/api.w.org\/{rel}","templated":true}]}}