{"id":989,"date":"2025-04-11T16:38:55","date_gmt":"2025-04-11T16:38:55","guid":{"rendered":"https:\/\/www.stella-sisu.fi\/index.php\/tuote\/elana-taitoluistelun-kisapuku\/"},"modified":"2026-05-03T21:09:45","modified_gmt":"2026-05-03T21:09:45","slug":"elana-taitoluistelu-kisapuku","status":"publish","type":"product","link":"https:\/\/www.stella-sisu.fi\/en\/product\/elana-taitoluistelu-kisapuku\/","title":{"rendered":"Elana ice skating dress"},"content":{"rendered":"<h3>Elana taitoluistelun kisapuku on osa budjettimallistoa, joka yhdist\u00e4\u00e4 elegantin muotoilun ja huippulaadukkaat materiaalit kohtuuhintaan.<\/h3>\n<p>T\u00e4m\u00e4 kaunis puku on suunniteltu erityisesti taitoluistelijoille, jotka haluavat loistaa sek\u00e4 tyyli\u00e4 ett\u00e4 suorituskyky\u00e4 arvostavissa kilpailuissa.<\/p>\n<p>Puvussa on k\u00e4ytetty laadukkaita italialaisia <a href=\"https:\/\/www.carvico.com\/en\/fabrics\/\" rel=\"noopener\">Carvico-kankaita<\/a>, jotka tarjoavat t\u00e4ydellisen yhdistelm\u00e4n joustavuutta, hengitt\u00e4vyytt\u00e4 ja kest\u00e4vyytt\u00e4. Crystal-v\u00e4riset korkealaatuiset lasistrassit tuovat s\u00e4ihkett\u00e4 ja viimeistelev\u00e4t elegantin ilmeen. Olka-haara-mitta on noin 64 cm, joten puku sopii ihanteellisesti noin 155\u2013165 cm pituiselle taitoluistelijalle.<\/p>\n<p>Elana-puvun mitat on otettu ilman venytyst\u00e4, ja t\u00e4ydellisen istuvuuden varmistamiseksi sovitus onnistuu <a href=\"https:\/\/www.stella-sisu.fi\/en\/yhteystiedot\/\">Stella Sisu liikkeess\u00e4 Espoossa<\/a>. Puku t\u00e4ytt\u00e4\u00e4 uusimmat\u00a0<a href=\"https:\/\/www.isu.org\/\" rel=\"noopener\">ISU:n<\/a> s\u00e4\u00e4nn\u00f6t, joten se soveltuu sek\u00e4 taitoluistelun kilpailuk\u00e4ytt\u00f6\u00f6n.<\/p>\n<p><strong>Huomio:<\/strong> Puvun kopiointi on ehdottomasti kielletty.<\/p>","protected":false},"excerpt":{"rendered":"<p>Elana puku on osa budjettimallistoa, joka yhdist\u00e4\u00e4 elegantin muotoilun ja huippulaadukkaat materiaalit kohtuuhintaan.<\/p>","protected":false},"featured_media":2517,"template":"","meta":{"_uag_custom_page_level_css":"","site-sidebar-layout":"default","site-content-layout":"","ast-site-content-layout":"default","site-content-style":"default","site-sidebar-style":"default","ast-global-header-display":"","ast-banner-title-visibility":"","ast-main-header-display":"","ast-hfb-above-header-display":"","ast-hfb-below-header-display":"","ast-hfb-mobile-header-display":"","site-post-title":"","ast-breadcrumbs-content":"","ast-featured-img":"","footer-sml-layout":"","ast-disable-related-posts":"","theme-transparent-header-meta":"default","adv-header-id-meta":"","stick-header-meta":"","header-above-stick-meta":"","header-main-stick-meta":"","header-below-stick-meta":"","astra-migrate-meta-layouts":"set","ast-page-background-enabled":"default","ast-page-background-meta":{"desktop":{"background-color":"var(--ast-global-color-5)","background-image":"","background-repeat":"repeat","background-position":"center center","background-size":"auto","background-attachment":"scroll","background-type":"","background-media":"","overlay-type":"","overlay-color":"","overlay-opacity":"","overlay-gradient":""},"tablet":{"background-color":"","background-image":"","background-repeat":"repeat","background-position":"center center","background-size":"auto","background-attachment":"scroll","background-type":"","background-media":"","overlay-type":"","overlay-color":"","overlay-opacity":"","overlay-gradient":""},"mobile":{"background-color":"","background-image":"","background-repeat":"repeat","background-position":"center center","background-size":"auto","background-attachment":"scroll","background-type":"","background-media":"","overlay-type":"","overlay-color":"","overlay-opacity":"","overlay-gradient":""}},"ast-content-background-meta":{"desktop":{"background-color":"var(--ast-global-color-4)","background-image":"","background-repeat":"repeat","background-position":"center center","background-size":"auto","background-attachment":"scroll","background-type":"","background-media":"","overlay-type":"","overlay-color":"","overlay-opacity":"","overlay-gradient":""},"tablet":{"background-color":"var(--ast-global-color-4)","background-image":"","background-repeat":"repeat","background-position":"center center","background-size":"auto","background-attachment":"scroll","background-type":"","background-media":"","overlay-type":"","overlay-color":"","overlay-opacity":"","overlay-gradient":""},"mobile":{"background-color":"var(--ast-global-color-4)","background-image":"","background-repeat":"repeat","background-position":"center center","background-size":"auto","background-attachment":"scroll","background-type":"","background-media":"","overlay-type":"","overlay-color":"","overlay-opacity":"","overlay-gradient":""}}},"product_brand":[135],"product_cat":[17],"product_tag":[19,70,69,37],"class_list":{"0":"post-989","1":"product","2":"type-product","3":"status-publish","4":"has-post-thumbnail","6":"product_brand-stella-sisu-ompelimo","7":"product_cat-kisapuvut","8":"product_tag-kisapuku","9":"product_tag-mallisto-2025","10":"product_tag-taitoluistelu","11":"product_tag-uusi-kisapuku","12":"pa_koko-155-165-cm","13":"desktop-align-left","14":"tablet-align-left","15":"mobile-align-left","17":"first","18":"instock","19":"sale","20":"taxable","21":"shipping-taxable","22":"purchasable","23":"product-type-simple"},"supplier_id":4737,"supplier_sku":"","barcode":null,"atum_controlled":true,"out_stock_date":null,"out_stock_threshold":null,"inheritable":false,"inbound_stock":0,"stock_on_hold":0,"sold_today":0,"sales_last_days":0,"reserved_stock":0,"customer_returns":0,"warehouse_damage":0,"lost_in_post":0,"other_logs":0,"out_stock_days":0,"lost_sales":0,"has_location":false,"update_date":"2026-05-16T00:05:44","atum_locations":[],"atum_stock_status":"instock","restock_status":false,"low_stock_amount":"","sales_update_date":"2026-05-16T00:05:44","calc_backorders":null,"uagb_featured_image_src":{"full":["https:\/\/www.stella-sisu.fi\/wp-content\/uploads\/2025\/04\/DelMar-0437-scaled.webp",2560,2560,false],"thumbnail":["https:\/\/www.stella-sisu.fi\/wp-content\/uploads\/2025\/04\/DelMar-0437-150x150.jpg",150,150,true],"medium":["https:\/\/www.stella-sisu.fi\/wp-content\/uploads\/2025\/04\/DelMar-0437-300x300.jpg",300,300,true],"medium_large":["https:\/\/www.stella-sisu.fi\/wp-content\/uploads\/2025\/04\/DelMar-0437-768x768.jpg",768,768,true],"large":["https:\/\/www.stella-sisu.fi\/wp-content\/uploads\/2025\/04\/DelMar-0437-1024x1024.jpg",1024,1024,true],"1536x1536":["https:\/\/www.stella-sisu.fi\/wp-content\/uploads\/2025\/04\/DelMar-0437-1536x1536.jpg",1536,1536,true],"2048x2048":["https:\/\/www.stella-sisu.fi\/wp-content\/uploads\/2025\/04\/DelMar-0437-2048x2048.jpg",2048,2048,true],"trp-custom-language-flag":["https:\/\/www.stella-sisu.fi\/wp-content\/uploads\/2025\/04\/DelMar-0437-scaled.webp",12,12,false],"woocommerce_thumbnail":["https:\/\/www.stella-sisu.fi\/wp-content\/uploads\/2025\/04\/DelMar-0437-scaled-300x300.webp",300,300,true],"woocommerce_single":["https:\/\/www.stella-sisu.fi\/wp-content\/uploads\/2025\/04\/DelMar-0437-scaled-600x600.webp",600,600,true],"woocommerce_gallery_thumbnail":["https:\/\/www.stella-sisu.fi\/wp-content\/uploads\/2025\/04\/DelMar-0437-scaled-100x100.webp",100,100,true]},"uagb_author_info":{"display_name":"Stella Sisun Nadiia","author_link":"https:\/\/www.stella-sisu.fi\/en\/author\/"},"uagb_comment_info":0,"uagb_excerpt":"Elana puku on osa budjettimallistoa, joka yhdist\u00e4\u00e4 elegantin muotoilun ja huippulaadukkaat materiaalit kohtuuhintaan.","_links":{"self":[{"href":"https:\/\/www.stella-sisu.fi\/en\/wp-json\/wp\/v2\/product\/989","targetHints":{"allow":["GET"]}}],"collection":[{"href":"https:\/\/www.stella-sisu.fi\/en\/wp-json\/wp\/v2\/product"}],"about":[{"href":"https:\/\/www.stella-sisu.fi\/en\/wp-json\/wp\/v2\/types\/product"}],"wp:featuredmedia":[{"embeddable":true,"href":"https:\/\/www.stella-sisu.fi\/en\/wp-json\/wp\/v2\/media\/2517"}],"wp:attachment":[{"href":"https:\/\/www.stella-sisu.fi\/en\/wp-json\/wp\/v2\/media?parent=989"}],"wp:term":[{"taxonomy":"product_brand","embeddable":true,"href":"https:\/\/www.stella-sisu.fi\/en\/wp-json\/wp\/v2\/product_brand?post=989"},{"taxonomy":"product_cat","embeddable":true,"href":"https:\/\/www.stella-sisu.fi\/en\/wp-json\/wp\/v2\/product_cat?post=989"},{"taxonomy":"product_tag","embeddable":true,"href":"https:\/\/www.stella-sisu.fi\/en\/wp-json\/wp\/v2\/product_tag?post=989"}],"curies":[{"name":"wp","href":"https:\/\/api.w.org\/{rel}","templated":true}]}}