{"id":986,"date":"2025-04-11T16:38:54","date_gmt":"2025-04-11T16:38:54","guid":{"rendered":"https:\/\/www.stella-sisu.fi\/index.php\/tuote\/kaytetyt-uudenveroiset-pastorelli-yksivariset-narut\/"},"modified":"2026-04-18T07:49:41","modified_gmt":"2026-04-18T07:49:41","slug":"kaytetty-pastorelli-voimistelunaru","status":"publish","type":"product","link":"https:\/\/www.stella-sisu.fi\/en\/product\/kaytetty-pastorelli-voimistelunaru\/","title":{"rendered":"Used like-new Pastorelli gymnastic rope"},"content":{"rendered":"<h3>T\u00e4m\u00e4 k\u00e4ytetty, mutta uudenveroinen pinkki voimistelunaru on t\u00e4ydellinen valinta voimistelijalle, joka arvostaa laatua ja suorituskyky\u00e4 edulliseen hintaan.<\/h3>\n<p>&nbsp;<\/p>\n<p>Naru on ollut k\u00e4yt\u00f6ss\u00e4 yhteisty\u00f6seurojen varav\u00e4lineen\u00e4 vain muutaman kerran ja on edelleen erinomaisessa kunnossa.<\/p>\n<p>Narun pituus on 1,75 m, ja paksuus on 0,9 cm, mik\u00e4 tekee sen sopivan eri voimistelijoille. Narulla on <a href=\"https:\/\/www.gymnastics.sport\/site\/\" rel=\"noopener\">Kansainv\u00e4lisen Voimisteluliiton (FIG)<\/a> hyv\u00e4ksynt\u00e4, joten se soveltuu kilpailuk\u00e4ytt\u00f6\u00f6n.<\/p>\n<p><strong>Suositukset:<\/strong><\/p>\n<ul>\n<li>FIG:n merkinn\u00e4n s\u00e4ilytt\u00e4miseksi suosittelemme lis\u00e4\u00e4m\u00e4\u00e4n l\u00e4pin\u00e4kyv\u00e4n teipin merkinn\u00e4n p\u00e4\u00e4lle, mik\u00e4 suojaa sit\u00e4 kulumiselta ja varmistaa, ett\u00e4 merkint\u00e4 pysyy selke\u00e4n\u00e4.<\/li>\n<li>Suosittelemme s\u00e4ilytt\u00e4m\u00e4\u00e4n ja kuljettamaan narun erityisess\u00e4 <a href=\"https:\/\/www.stella-sisu.fi\/en\/product\/pastorelli-narupussi\/\" target=\"_blank\" rel=\"noopener\">narupussissa<\/a>, joka suojaa sit\u00e4 naarmuilta ja kulumiselta, pident\u00e4en sen k\u00e4ytt\u00f6ik\u00e4\u00e4.<\/li>\n<\/ul>\n<p>Yksiv\u00e4rinen naru tarjoa laadukkaan ja kest\u00e4v\u00e4n vaihtoehdon sek\u00e4 harjoituksiin ett\u00e4 kilpailuihin.<\/p>","protected":false},"excerpt":{"rendered":"<p>T\u00e4m\u00e4 k\u00e4ytetty, mutta uudenveroinen pinkki naru on t\u00e4ydellinen valinta voimistelijalle, joka arvostaa laatua ja suorituskyky\u00e4 edulliseen hintaan.<\/p>","protected":false},"featured_media":2548,"template":"","meta":{"_uag_custom_page_level_css":"","site-sidebar-layout":"default","site-content-layout":"","ast-site-content-layout":"default","site-content-style":"default","site-sidebar-style":"default","ast-global-header-display":"","ast-banner-title-visibility":"","ast-main-header-display":"","ast-hfb-above-header-display":"","ast-hfb-below-header-display":"","ast-hfb-mobile-header-display":"","site-post-title":"","ast-breadcrumbs-content":"","ast-featured-img":"","footer-sml-layout":"","ast-disable-related-posts":"","theme-transparent-header-meta":"default","adv-header-id-meta":"","stick-header-meta":"","header-above-stick-meta":"","header-main-stick-meta":"","header-below-stick-meta":"","astra-migrate-meta-layouts":"set","ast-page-background-enabled":"default","ast-page-background-meta":{"desktop":{"background-color":"var(--ast-global-color-5)","background-image":"","background-repeat":"repeat","background-position":"center center","background-size":"auto","background-attachment":"scroll","background-type":"","background-media":"","overlay-type":"","overlay-color":"","overlay-opacity":"","overlay-gradient":""},"tablet":{"background-color":"","background-image":"","background-repeat":"repeat","background-position":"center center","background-size":"auto","background-attachment":"scroll","background-type":"","background-media":"","overlay-type":"","overlay-color":"","overlay-opacity":"","overlay-gradient":""},"mobile":{"background-color":"","background-image":"","background-repeat":"repeat","background-position":"center center","background-size":"auto","background-attachment":"scroll","background-type":"","background-media":"","overlay-type":"","overlay-color":"","overlay-opacity":"","overlay-gradient":""}},"ast-content-background-meta":{"desktop":{"background-color":"var(--ast-global-color-4)","background-image":"","background-repeat":"repeat","background-position":"center center","background-size":"auto","background-attachment":"scroll","background-type":"","background-media":"","overlay-type":"","overlay-color":"","overlay-opacity":"","overlay-gradient":""},"tablet":{"background-color":"var(--ast-global-color-4)","background-image":"","background-repeat":"repeat","background-position":"center center","background-size":"auto","background-attachment":"scroll","background-type":"","background-media":"","overlay-type":"","overlay-color":"","overlay-opacity":"","overlay-gradient":""},"mobile":{"background-color":"var(--ast-global-color-4)","background-image":"","background-repeat":"repeat","background-position":"center center","background-size":"auto","background-attachment":"scroll","background-type":"","background-media":"","overlay-type":"","overlay-color":"","overlay-opacity":"","overlay-gradient":""}}},"product_brand":[136],"product_cat":[364,53,320],"product_tag":[42,91,194,195,36,120,54,52],"class_list":{"0":"post-986","1":"product","2":"type-product","3":"status-publish","4":"has-post-thumbnail","6":"product_brand-pastorelli","7":"product_cat-alennukset","8":"product_cat-voimistelunarut","9":"product_cat-voimisteluvalineet","10":"product_tag-alennus","11":"product_tag-fig-hyvaksytty","12":"product_tag-kirpputori","13":"product_tag-pastorelli","14":"product_tag-rytminen-voimistelu","15":"product_tag-voimistelu","16":"product_tag-voimistelunaru","17":"product_tag-voimisteluvalineet","18":"pa_koko-175-m","19":"desktop-align-left","20":"tablet-align-left","21":"mobile-align-left","23":"first","24":"instock","25":"sale","26":"taxable","27":"shipping-taxable","28":"purchasable","29":"product-type-simple"},"supplier_id":4737,"supplier_sku":"","barcode":null,"atum_controlled":true,"out_stock_date":null,"out_stock_threshold":null,"inheritable":false,"inbound_stock":0,"stock_on_hold":0,"sold_today":0,"sales_last_days":0,"reserved_stock":0,"customer_returns":0,"warehouse_damage":0,"lost_in_post":0,"other_logs":0,"out_stock_days":0,"lost_sales":0,"has_location":false,"update_date":"2026-04-29T03:50:55","atum_locations":[],"atum_stock_status":"instock","restock_status":false,"low_stock_amount":"","sales_update_date":"2026-04-29T03:50:55","calc_backorders":null,"uagb_featured_image_src":{"full":["https:\/\/www.stella-sisu.fi\/wp-content\/uploads\/2025\/04\/IMG_5053-scaled.webp",1920,2560,false],"thumbnail":["https:\/\/www.stella-sisu.fi\/wp-content\/uploads\/2025\/04\/IMG_5053-150x150.jpg",150,150,true],"medium":["https:\/\/www.stella-sisu.fi\/wp-content\/uploads\/2025\/04\/IMG_5053-225x300.jpg",225,300,true],"medium_large":["https:\/\/www.stella-sisu.fi\/wp-content\/uploads\/2025\/04\/IMG_5053-768x1024.jpg",768,1024,true],"large":["https:\/\/www.stella-sisu.fi\/wp-content\/uploads\/2025\/04\/IMG_5053-768x1024.jpg",768,1024,true],"1536x1536":["https:\/\/www.stella-sisu.fi\/wp-content\/uploads\/2025\/04\/IMG_5053-1152x1536.jpg",1152,1536,true],"2048x2048":["https:\/\/www.stella-sisu.fi\/wp-content\/uploads\/2025\/04\/IMG_5053-1536x2048.jpg",1536,2048,true],"trp-custom-language-flag":["https:\/\/www.stella-sisu.fi\/wp-content\/uploads\/2025\/04\/IMG_5053-scaled.webp",9,12,false],"woocommerce_thumbnail":["https:\/\/www.stella-sisu.fi\/wp-content\/uploads\/2025\/04\/IMG_5053-scaled-300x300.webp",300,300,true],"woocommerce_single":["https:\/\/www.stella-sisu.fi\/wp-content\/uploads\/2025\/04\/IMG_5053-scaled-600x800.webp",600,800,true],"woocommerce_gallery_thumbnail":["https:\/\/www.stella-sisu.fi\/wp-content\/uploads\/2025\/04\/IMG_5053-scaled-100x100.webp",100,100,true]},"uagb_author_info":{"display_name":"Stella Sisun Nadiia","author_link":"https:\/\/www.stella-sisu.fi\/en\/author\/"},"uagb_comment_info":0,"uagb_excerpt":"T\u00e4m\u00e4 k\u00e4ytetty, mutta uudenveroinen pinkki naru on t\u00e4ydellinen valinta voimistelijalle, joka arvostaa laatua ja suorituskyky\u00e4 edulliseen hintaan.","_links":{"self":[{"href":"https:\/\/www.stella-sisu.fi\/en\/wp-json\/wp\/v2\/product\/986","targetHints":{"allow":["GET"]}}],"collection":[{"href":"https:\/\/www.stella-sisu.fi\/en\/wp-json\/wp\/v2\/product"}],"about":[{"href":"https:\/\/www.stella-sisu.fi\/en\/wp-json\/wp\/v2\/types\/product"}],"wp:featuredmedia":[{"embeddable":true,"href":"https:\/\/www.stella-sisu.fi\/en\/wp-json\/wp\/v2\/media\/2548"}],"wp:attachment":[{"href":"https:\/\/www.stella-sisu.fi\/en\/wp-json\/wp\/v2\/media?parent=986"}],"wp:term":[{"taxonomy":"product_brand","embeddable":true,"href":"https:\/\/www.stella-sisu.fi\/en\/wp-json\/wp\/v2\/product_brand?post=986"},{"taxonomy":"product_cat","embeddable":true,"href":"https:\/\/www.stella-sisu.fi\/en\/wp-json\/wp\/v2\/product_cat?post=986"},{"taxonomy":"product_tag","embeddable":true,"href":"https:\/\/www.stella-sisu.fi\/en\/wp-json\/wp\/v2\/product_tag?post=986"}],"curies":[{"name":"wp","href":"https:\/\/api.w.org\/{rel}","templated":true}]}}