{"id":1142,"date":"2025-04-11T16:39:27","date_gmt":"2025-04-11T16:39:27","guid":{"rendered":"https:\/\/www.stella-sisu.fi\/index.php\/tuote\/sasaki-sukkatossut-153-be\/"},"modified":"2026-04-19T10:07:22","modified_gmt":"2026-04-19T10:07:22","slug":"sasaki-sukkatossut-153-be","status":"publish","type":"product","link":"https:\/\/www.stella-sisu.fi\/en\/product\/sasaki-sukkatossut-153-be\/","title":{"rendered":"Sasaki 153 BE gymnastic socks"},"content":{"rendered":"<h3>Sasaki 153 BE -sukkatossut ovat t\u00e4ydellinen valinta aloitteleville voimistelijoille ja tanssijoille, jotka etsiv\u00e4t mukavuutta ja tukea treeneihin.<\/h3>\n<p>&nbsp;<\/p>\n<p>N\u00e4m\u00e4 tossut sopivat erinomaisesti my\u00f6s kokeneemmille voimistelijoille harjoitusk\u00e4ytt\u00f6\u00f6n, sill\u00e4 ne auttavat v\u00e4hent\u00e4m\u00e4\u00e4n jalkojen kuormitusta ja ehk\u00e4isev\u00e4t ylirasitusta intensiivisen harjoittelun aikana.<\/p>\n<p>Tossut on suunniteltu istumaan hyvin jalkaan, tarjoten t\u00e4ydellisen tasapainon joustavuuden ja tukevuuden v\u00e4lill\u00e4. Niiden laadukkaat materiaalit ja huolellinen muotoilu tekev\u00e4t niist\u00e4 luotettavan valinnan kaiken tasoisille esiintyjille.<\/p>\n<p>Muista s\u00e4ilytt\u00e4\u00e4 ja kuljettaa tossujasi siihen tarkoitetussa mukavassa <a href=\"https:\/\/www.stella-sisu.fi\/en\/product\/pastorelli-puolitossujen-pussi\/\">half-shoe bag<\/a>.<\/p>\n<p><strong>Size chart:<\/strong><\/p>\n<ul>\n<li><strong>S6<\/strong>: 17 &#8211; 17.5 cm<\/li>\n<li><strong>S5<\/strong>: 18 &#8211; 18.5 cm<\/li>\n<li><strong>S4<\/strong>: 19 &#8211; 19.5 cm<\/li>\n<li><strong>S3<\/strong>: 20 &#8211; 20.5 cm<\/li>\n<li><strong>S2<\/strong>: 21 &#8211; 21.5 cm<\/li>\n<li><strong>S<\/strong>: 22 &#8211; 22.5 cm<\/li>\n<li><strong>M<\/strong>: 23 &#8211; 23.5 cm<\/li>\n<li><strong>L<\/strong>: 24 &#8211; 24.5 cm<\/li>\n<li><strong>L2<\/strong>: 25 &#8211; 25.5 cm<\/li>\n<\/ul>\n<p>Sasaki 153 BE -sukkatossut ovat erinomainen valinta niin harjoituksiin kuin esiintymisiin, tarjoten mukavuutta ja suojaa jokaisessa liikkeess\u00e4.<\/p>","protected":false},"excerpt":{"rendered":"<p>Sasaki 153 BE -tossut ovat t\u00e4ydellinen valinta aloitteleville voimistelijoille ja tanssijoille, jotka etsiv\u00e4t mukavuutta ja tukea treeneihin.<\/p>","protected":false},"featured_media":4481,"template":"","meta":{"_uag_custom_page_level_css":"","site-sidebar-layout":"default","site-content-layout":"","ast-site-content-layout":"default","site-content-style":"default","site-sidebar-style":"default","ast-global-header-display":"","ast-banner-title-visibility":"","ast-main-header-display":"","ast-hfb-above-header-display":"","ast-hfb-below-header-display":"","ast-hfb-mobile-header-display":"","site-post-title":"","ast-breadcrumbs-content":"","ast-featured-img":"","footer-sml-layout":"","ast-disable-related-posts":"","theme-transparent-header-meta":"default","adv-header-id-meta":"","stick-header-meta":"","header-above-stick-meta":"","header-main-stick-meta":"","header-below-stick-meta":"","astra-migrate-meta-layouts":"set","ast-page-background-enabled":"default","ast-page-background-meta":{"desktop":{"background-color":"var(--ast-global-color-5)","background-image":"","background-repeat":"repeat","background-position":"center center","background-size":"auto","background-attachment":"scroll","background-type":"","background-media":"","overlay-type":"","overlay-color":"","overlay-opacity":"","overlay-gradient":""},"tablet":{"background-color":"","background-image":"","background-repeat":"repeat","background-position":"center center","background-size":"auto","background-attachment":"scroll","background-type":"","background-media":"","overlay-type":"","overlay-color":"","overlay-opacity":"","overlay-gradient":""},"mobile":{"background-color":"","background-image":"","background-repeat":"repeat","background-position":"center center","background-size":"auto","background-attachment":"scroll","background-type":"","background-media":"","overlay-type":"","overlay-color":"","overlay-opacity":"","overlay-gradient":""}},"ast-content-background-meta":{"desktop":{"background-color":"var(--ast-global-color-4)","background-image":"","background-repeat":"repeat","background-position":"center center","background-size":"auto","background-attachment":"scroll","background-type":"","background-media":"","overlay-type":"","overlay-color":"","overlay-opacity":"","overlay-gradient":""},"tablet":{"background-color":"var(--ast-global-color-4)","background-image":"","background-repeat":"repeat","background-position":"center center","background-size":"auto","background-attachment":"scroll","background-type":"","background-media":"","overlay-type":"","overlay-color":"","overlay-opacity":"","overlay-gradient":""},"mobile":{"background-color":"var(--ast-global-color-4)","background-image":"","background-repeat":"repeat","background-position":"center center","background-size":"auto","background-attachment":"scroll","background-type":"","background-media":"","overlay-type":"","overlay-color":"","overlay-opacity":"","overlay-gradient":""}}},"product_brand":[26],"product_cat":[28],"product_tag":[40,36,218,120,52],"class_list":{"0":"post-1142","1":"product","2":"type-product","3":"status-publish","4":"has-post-thumbnail","6":"product_brand-sasaki","7":"product_cat-puolitossut","8":"product_tag-puolitossut","9":"product_tag-rytminen-voimistelu","10":"product_tag-sasaki","11":"product_tag-voimistelu","12":"product_tag-voimisteluvalineet","13":"pa_koko-l-40-41","14":"pa_koko-m-38-39","15":"pa_koko-s-36-37","16":"pa_koko-s2-34-35","17":"desktop-align-left","18":"tablet-align-left","19":"mobile-align-left","21":"first","22":"instock","23":"sale","24":"taxable","25":"shipping-taxable","26":"purchasable","27":"product-type-variable"},"supplier_id":null,"supplier_sku":"","barcode":null,"atum_controlled":true,"out_stock_date":"2025-05-24 20:55:27","out_stock_threshold":null,"inheritable":true,"inbound_stock":0,"stock_on_hold":0,"sold_today":0,"sales_last_days":0,"reserved_stock":0,"customer_returns":0,"warehouse_damage":0,"lost_in_post":0,"other_logs":0,"out_stock_days":339,"lost_sales":0,"has_location":false,"update_date":"2026-04-29T03:51:04","atum_locations":[],"atum_stock_status":"instock","restock_status":false,"low_stock_amount":"","sales_update_date":"2026-04-29T03:51:04","calc_backorders":null,"uagb_featured_image_src":{"full":["https:\/\/www.stella-sisu.fi\/wp-content\/uploads\/2025\/04\/153_4.jpg",600,600,false],"thumbnail":["https:\/\/www.stella-sisu.fi\/wp-content\/uploads\/2025\/04\/153_4-150x150.jpg",150,150,true],"medium":["https:\/\/www.stella-sisu.fi\/wp-content\/uploads\/2025\/04\/153_4-300x300.jpg",300,300,true],"medium_large":["https:\/\/www.stella-sisu.fi\/wp-content\/uploads\/2025\/04\/153_4.jpg",600,600,false],"large":["https:\/\/www.stella-sisu.fi\/wp-content\/uploads\/2025\/04\/153_4.jpg",600,600,false],"1536x1536":["https:\/\/www.stella-sisu.fi\/wp-content\/uploads\/2025\/04\/153_4.jpg",600,600,false],"2048x2048":["https:\/\/www.stella-sisu.fi\/wp-content\/uploads\/2025\/04\/153_4.jpg",600,600,false],"trp-custom-language-flag":["https:\/\/www.stella-sisu.fi\/wp-content\/uploads\/2025\/04\/153_4.jpg",12,12,false],"woocommerce_thumbnail":["https:\/\/www.stella-sisu.fi\/wp-content\/uploads\/2025\/04\/153_4-300x300.jpg",300,300,true],"woocommerce_single":["https:\/\/www.stella-sisu.fi\/wp-content\/uploads\/2025\/04\/153_4.jpg",600,600,false],"woocommerce_gallery_thumbnail":["https:\/\/www.stella-sisu.fi\/wp-content\/uploads\/2025\/04\/153_4-100x100.jpg",100,100,true]},"uagb_author_info":{"display_name":"Stella Sisun Nadiia","author_link":"https:\/\/www.stella-sisu.fi\/en\/author\/"},"uagb_comment_info":0,"uagb_excerpt":"Sasaki 153 BE -tossut ovat t\u00e4ydellinen valinta aloitteleville voimistelijoille ja tanssijoille, jotka etsiv\u00e4t mukavuutta ja tukea treeneihin.","_links":{"self":[{"href":"https:\/\/www.stella-sisu.fi\/en\/wp-json\/wp\/v2\/product\/1142","targetHints":{"allow":["GET"]}}],"collection":[{"href":"https:\/\/www.stella-sisu.fi\/en\/wp-json\/wp\/v2\/product"}],"about":[{"href":"https:\/\/www.stella-sisu.fi\/en\/wp-json\/wp\/v2\/types\/product"}],"wp:featuredmedia":[{"embeddable":true,"href":"https:\/\/www.stella-sisu.fi\/en\/wp-json\/wp\/v2\/media\/4481"}],"wp:attachment":[{"href":"https:\/\/www.stella-sisu.fi\/en\/wp-json\/wp\/v2\/media?parent=1142"}],"wp:term":[{"taxonomy":"product_brand","embeddable":true,"href":"https:\/\/www.stella-sisu.fi\/en\/wp-json\/wp\/v2\/product_brand?post=1142"},{"taxonomy":"product_cat","embeddable":true,"href":"https:\/\/www.stella-sisu.fi\/en\/wp-json\/wp\/v2\/product_cat?post=1142"},{"taxonomy":"product_tag","embeddable":true,"href":"https:\/\/www.stella-sisu.fi\/en\/wp-json\/wp\/v2\/product_tag?post=1142"}],"curies":[{"name":"wp","href":"https:\/\/api.w.org\/{rel}","templated":true}]}}