{"id":1141,"date":"2025-04-11T16:39:27","date_gmt":"2025-04-11T16:39:27","guid":{"rendered":"https:\/\/www.stella-sisu.fi\/index.php\/tuote\/tuloni-sukkatossut\/"},"modified":"2026-05-02T07:38:32","modified_gmt":"2026-05-02T07:38:32","slug":"tuloni-sukkatossut","status":"publish","type":"product","link":"https:\/\/www.stella-sisu.fi\/en\/product\/tuloni-sukkatossut\/","title":{"rendered":"Tuloni gymnastic socks"},"content":{"rendered":"<h3>Tuloni sukkatossut ovat erinomainen valinta, kun etsit mukavia ja hyvin istuvia treenitossuja. N\u00e4m\u00e4 tossut on valmistettu joustavasta trikookankaasta, joka mukautuu t\u00e4ydellisesti jalan muotoon keveydest\u00e4 riippumatta.<\/h3>\n<p>&nbsp;<\/p>\n<p>Tossut istuvat tukevasti, mik\u00e4 tekee niist\u00e4 ihanteelliset niin l\u00e4mmittelyyn kuin pitk\u00e4kestoisiin harjoituksiin.<\/p>\n<p>Tossujen sis\u00e4puolella on pehmuste, joka tasapainottaa ja v\u00e4hent\u00e4\u00e4 jalkoihin kohdistuvaa kuormitusta. T\u00e4m\u00e4 ominaisuus lis\u00e4\u00e4 mukavuutta ja tukee jalkoja intensiivisten harjoitusten aikana. Kevyt ja hengitt\u00e4v\u00e4 materiaali varmistaa miellytt\u00e4v\u00e4n k\u00e4ytt\u00f6kokemuksen ja tekee n\u00e4ist\u00e4 tossuista suositun valinnan aktiivisille liikkujille.<\/p>\n<p>Suosittelemme s\u00e4ilytt\u00e4m\u00e4\u00e4n ja kuljettamaan tossuja <a href=\"https:\/\/www.stella-sisu.fi\/en\/product\/pastorelli-puolitossujen-pussi\/\">half-shoe bag<\/a>, joka suojaa niit\u00e4 kuljetuksen aikana ja auttaa pit\u00e4m\u00e4\u00e4n tossut hyv\u00e4ss\u00e4 kunnossa pidemp\u00e4\u00e4n.<\/p>\n<p>Tuloni treenitossut sopivat parhaiten treenik\u00e4ytt\u00f6\u00f6n ja tarjoavat t\u00e4ydellisen yhdistelm\u00e4n mukavuutta, joustavuutta ja tukea. Tossuja on saatavilla eri kokoja:<\/p>\n<p><strong>Size chart:<\/strong><\/p>\n<ul>\n<li><strong>XS<\/strong>: Kenk\u00e4koko 27\u201330<\/li>\n<li><strong>S<\/strong>: Kenk\u00e4koko 31\u201334<\/li>\n<li><strong>M<\/strong>: Kenk\u00e4koko 35\u201337<\/li>\n<li><strong>L<\/strong>: Kenk\u00e4koko 38\u201341<\/li>\n<\/ul>","protected":false},"excerpt":{"rendered":"<p>Tuloni tossut ovat erinomainen valinta, kun etsit mukavia ja hyvin istuvia treenitossuja. N\u00e4m\u00e4 tossut on valmistettu joustavasta trikookankaasta, joka mukautuu t\u00e4ydellisesti jalan muotoon keveydest\u00e4 riippumatta. Tossut istuvat tukevasti, mik\u00e4 tekee niist\u00e4 ihanteelliset niin l\u00e4mmittelyyn kuin pitk\u00e4kestoisiin harjoituksiin.<\/p>","protected":false},"featured_media":4538,"template":"","meta":{"_uag_custom_page_level_css":"","site-sidebar-layout":"default","site-content-layout":"","ast-site-content-layout":"default","site-content-style":"default","site-sidebar-style":"default","ast-global-header-display":"","ast-banner-title-visibility":"","ast-main-header-display":"","ast-hfb-above-header-display":"","ast-hfb-below-header-display":"","ast-hfb-mobile-header-display":"","site-post-title":"","ast-breadcrumbs-content":"","ast-featured-img":"","footer-sml-layout":"","ast-disable-related-posts":"","theme-transparent-header-meta":"default","adv-header-id-meta":"","stick-header-meta":"","header-above-stick-meta":"","header-main-stick-meta":"","header-below-stick-meta":"","astra-migrate-meta-layouts":"set","ast-page-background-enabled":"default","ast-page-background-meta":{"desktop":{"background-color":"var(--ast-global-color-5)","background-image":"","background-repeat":"repeat","background-position":"center center","background-size":"auto","background-attachment":"scroll","background-type":"","background-media":"","overlay-type":"","overlay-color":"","overlay-opacity":"","overlay-gradient":""},"tablet":{"background-color":"","background-image":"","background-repeat":"repeat","background-position":"center center","background-size":"auto","background-attachment":"scroll","background-type":"","background-media":"","overlay-type":"","overlay-color":"","overlay-opacity":"","overlay-gradient":""},"mobile":{"background-color":"","background-image":"","background-repeat":"repeat","background-position":"center center","background-size":"auto","background-attachment":"scroll","background-type":"","background-media":"","overlay-type":"","overlay-color":"","overlay-opacity":"","overlay-gradient":""}},"ast-content-background-meta":{"desktop":{"background-color":"var(--ast-global-color-4)","background-image":"","background-repeat":"repeat","background-position":"center center","background-size":"auto","background-attachment":"scroll","background-type":"","background-media":"","overlay-type":"","overlay-color":"","overlay-opacity":"","overlay-gradient":""},"tablet":{"background-color":"var(--ast-global-color-4)","background-image":"","background-repeat":"repeat","background-position":"center center","background-size":"auto","background-attachment":"scroll","background-type":"","background-media":"","overlay-type":"","overlay-color":"","overlay-opacity":"","overlay-gradient":""},"mobile":{"background-color":"var(--ast-global-color-4)","background-image":"","background-repeat":"repeat","background-position":"center center","background-size":"auto","background-attachment":"scroll","background-type":"","background-media":"","overlay-type":"","overlay-color":"","overlay-opacity":"","overlay-gradient":""}}},"product_brand":[137],"product_cat":[28],"product_tag":[40,36,219,120],"class_list":{"0":"post-1141","1":"product","2":"type-product","3":"status-publish","4":"has-post-thumbnail","6":"product_brand-tuloni","7":"product_cat-puolitossut","8":"product_tag-puolitossut","9":"product_tag-rytminen-voimistelu","10":"product_tag-tuloni","11":"product_tag-voimistelu","12":"pa_koko-l-38-41","13":"pa_koko-m-35-37","14":"pa_koko-s-31-34","15":"pa_koko-xs-27-30","16":"desktop-align-left","17":"tablet-align-left","18":"mobile-align-left","20":"first","21":"instock","22":"taxable","23":"shipping-taxable","24":"purchasable","25":"product-type-variable"},"supplier_id":null,"supplier_sku":"","barcode":null,"atum_controlled":true,"out_stock_date":"2025-05-24 20:55:27","out_stock_threshold":null,"inheritable":true,"inbound_stock":0,"stock_on_hold":0,"sold_today":0,"sales_last_days":3,"reserved_stock":0,"customer_returns":0,"warehouse_damage":0,"lost_in_post":0,"other_logs":0,"out_stock_days":353,"lost_sales":0,"has_location":false,"update_date":"2026-05-13T00:02:38","atum_locations":[],"atum_stock_status":"instock","restock_status":false,"low_stock_amount":"","sales_update_date":"2026-05-13T00:02:38","calc_backorders":null,"uagb_featured_image_src":{"full":["https:\/\/www.stella-sisu.fi\/wp-content\/uploads\/2025\/04\/DSC_0090-3_edited_edited.png",1736,2344,false],"thumbnail":["https:\/\/www.stella-sisu.fi\/wp-content\/uploads\/2025\/04\/DSC_0090-3_edited_edited-150x150.png",150,150,true],"medium":["https:\/\/www.stella-sisu.fi\/wp-content\/uploads\/2025\/04\/DSC_0090-3_edited_edited-222x300.png",222,300,true],"medium_large":["https:\/\/www.stella-sisu.fi\/wp-content\/uploads\/2025\/04\/DSC_0090-3_edited_edited-768x1037.png",768,1037,true],"large":["https:\/\/www.stella-sisu.fi\/wp-content\/uploads\/2025\/04\/DSC_0090-3_edited_edited-758x1024.png",758,1024,true],"1536x1536":["https:\/\/www.stella-sisu.fi\/wp-content\/uploads\/2025\/04\/DSC_0090-3_edited_edited-1138x1536.png",1138,1536,true],"2048x2048":["https:\/\/www.stella-sisu.fi\/wp-content\/uploads\/2025\/04\/DSC_0090-3_edited_edited-1517x2048.png",1517,2048,true],"trp-custom-language-flag":["https:\/\/www.stella-sisu.fi\/wp-content\/uploads\/2025\/04\/DSC_0090-3_edited_edited.png",9,12,false],"woocommerce_thumbnail":["https:\/\/www.stella-sisu.fi\/wp-content\/uploads\/2025\/04\/DSC_0090-3_edited_edited-300x300.png",300,300,true],"woocommerce_single":["https:\/\/www.stella-sisu.fi\/wp-content\/uploads\/2025\/04\/DSC_0090-3_edited_edited-600x810.png",600,810,true],"woocommerce_gallery_thumbnail":["https:\/\/www.stella-sisu.fi\/wp-content\/uploads\/2025\/04\/DSC_0090-3_edited_edited-100x100.png",100,100,true]},"uagb_author_info":{"display_name":"Stella Sisun Nadiia","author_link":"https:\/\/www.stella-sisu.fi\/en\/author\/"},"uagb_comment_info":0,"uagb_excerpt":"Tuloni tossut ovat erinomainen valinta, kun etsit mukavia ja hyvin istuvia treenitossuja. N\u00e4m\u00e4 tossut on valmistettu joustavasta trikookankaasta, joka mukautuu t\u00e4ydellisesti jalan muotoon keveydest\u00e4 riippumatta. Tossut istuvat tukevasti, mik\u00e4 tekee niist\u00e4 ihanteelliset niin l\u00e4mmittelyyn kuin pitk\u00e4kestoisiin harjoituksiin.","_links":{"self":[{"href":"https:\/\/www.stella-sisu.fi\/en\/wp-json\/wp\/v2\/product\/1141","targetHints":{"allow":["GET"]}}],"collection":[{"href":"https:\/\/www.stella-sisu.fi\/en\/wp-json\/wp\/v2\/product"}],"about":[{"href":"https:\/\/www.stella-sisu.fi\/en\/wp-json\/wp\/v2\/types\/product"}],"wp:featuredmedia":[{"embeddable":true,"href":"https:\/\/www.stella-sisu.fi\/en\/wp-json\/wp\/v2\/media\/4538"}],"wp:attachment":[{"href":"https:\/\/www.stella-sisu.fi\/en\/wp-json\/wp\/v2\/media?parent=1141"}],"wp:term":[{"taxonomy":"product_brand","embeddable":true,"href":"https:\/\/www.stella-sisu.fi\/en\/wp-json\/wp\/v2\/product_brand?post=1141"},{"taxonomy":"product_cat","embeddable":true,"href":"https:\/\/www.stella-sisu.fi\/en\/wp-json\/wp\/v2\/product_cat?post=1141"},{"taxonomy":"product_tag","embeddable":true,"href":"https:\/\/www.stella-sisu.fi\/en\/wp-json\/wp\/v2\/product_tag?post=1141"}],"curies":[{"name":"wp","href":"https:\/\/api.w.org\/{rel}","templated":true}]}}