{"id":1138,"date":"2025-04-11T16:39:26","date_gmt":"2025-04-11T16:39:26","guid":{"rendered":"https:\/\/www.stella-sisu.fi\/index.php\/tuote\/tuloni-kps-polvisuojat\/"},"modified":"2026-04-14T16:35:22","modified_gmt":"2026-04-14T16:35:22","slug":"tuloni-kps-polvisuojat","status":"publish","type":"product","link":"https:\/\/www.stella-sisu.fi\/en\/product\/tuloni-kps-polvisuojat\/","title":{"rendered":"Tuloni KPS knee-pads"},"content":{"rendered":"<h3>Tuloni KPS (Knee Pad Single) polvisuojat on suunniteltu erityisesti voimistelijoiden ja tanssijoiden tarpeisiin, tarjoten optimaalisen suojan ja mukavuuden intensiivisten harjoitusten aikana.<\/h3>\n<p>&nbsp;<\/p>\n<p>Saatavilla tyylikk\u00e4iss\u00e4 mustan ja vaaleanpunaisen s\u00e4vyiss\u00e4, n\u00e4m\u00e4 polvituet yhdist\u00e4v\u00e4t kest\u00e4vyyden ja keveyden, mik\u00e4 tekee niist\u00e4 ihanteellisen valinnan aktiiviseen k\u00e4ytt\u00f6\u00f6n.<\/p>\n<p>Polvituet on valmistettu joustavasta polyesterimateriaalista, ja niiden t\u00e4ytteen\u00e4 on EVA-vaahtoa, joka muotoutuu polven liikkeiden mukaan ja tarjoaa erinomaisen suojan. Suunnittelussa on otettu huomioon jalan k\u00e4\u00e4nnepiste, mik\u00e4 lis\u00e4\u00e4 mukavuutta ja varmistaa, ett\u00e4 polvisuojat pysyv\u00e4t hyvin paikallaan. Ohuesta ja kevyest\u00e4 rakenteestaan huolimatta ne tarjoavat tehokkaan suojan polvia rasittavia liikkeit\u00e4 vastaan.<\/p>\n<p>Vastaavanlainen ohuempi malli on <a href=\"https:\/\/www.stella-sisu.fi\/en\/product\/tuloni-kpd-paksut-polvisuojat\/\">KPD<\/a> eli knee pad double malli.<\/p>\n<p><strong>Size chart:<\/strong><\/p>\n<table style=\"font-size: 16px; font-style: normal;\">\n<tbody>\n<tr>\n<th><strong>Mitta (cm)<\/strong><\/th>\n<th><strong>XS<\/strong><\/th>\n<th><strong>S<\/strong><\/th>\n<th><strong>M<\/strong><\/th>\n<th><strong>L<\/strong><\/th>\n<\/tr>\n<tr>\n<td>Polven yll\u00e4<\/td>\n<td>24\u201327<\/td>\n<td>28\u201334<\/td>\n<td>32\u201338<\/td>\n<td>36\u201342<\/td>\n<\/tr>\n<tr>\n<td>Polven alla<\/td>\n<td>21\u201324<\/td>\n<td>25\u201328<\/td>\n<td>29\u201332<\/td>\n<td>33\u201336<\/td>\n<\/tr>\n<\/tbody>\n<\/table>","protected":false},"excerpt":{"rendered":"<p>Tuloni KPS (Knee Pad Single) polvituet on suunniteltu erityisesti voimistelijoiden ja tanssijoiden tarpeisiin, tarjoten optimaalisen suojan ja mukavuuden intensiivisten harjoitusten aikana. Saatavilla tyylikk\u00e4iss\u00e4 mustan ja vaaleanpunaisen s\u00e4vyiss\u00e4, n\u00e4m\u00e4 polvisuojat yhdist\u00e4v\u00e4t kest\u00e4vyyden ja keveyden, mik\u00e4 tekee niist\u00e4 ihanteellisen valinnan aktiiviseen k\u00e4ytt\u00f6\u00f6n.<\/p>","protected":false},"featured_media":3061,"template":"","meta":{"_uag_custom_page_level_css":"","site-sidebar-layout":"default","site-content-layout":"","ast-site-content-layout":"default","site-content-style":"default","site-sidebar-style":"default","ast-global-header-display":"","ast-banner-title-visibility":"","ast-main-header-display":"","ast-hfb-above-header-display":"","ast-hfb-below-header-display":"","ast-hfb-mobile-header-display":"","site-post-title":"","ast-breadcrumbs-content":"","ast-featured-img":"","footer-sml-layout":"","ast-disable-related-posts":"","theme-transparent-header-meta":"default","adv-header-id-meta":"","stick-header-meta":"","header-above-stick-meta":"","header-main-stick-meta":"","header-below-stick-meta":"","astra-migrate-meta-layouts":"set","ast-page-background-enabled":"default","ast-page-background-meta":{"desktop":{"background-color":"var(--ast-global-color-5)","background-image":"","background-repeat":"repeat","background-position":"center center","background-size":"auto","background-attachment":"scroll","background-type":"","background-media":"","overlay-type":"","overlay-color":"","overlay-opacity":"","overlay-gradient":""},"tablet":{"background-color":"","background-image":"","background-repeat":"repeat","background-position":"center center","background-size":"auto","background-attachment":"scroll","background-type":"","background-media":"","overlay-type":"","overlay-color":"","overlay-opacity":"","overlay-gradient":""},"mobile":{"background-color":"","background-image":"","background-repeat":"repeat","background-position":"center center","background-size":"auto","background-attachment":"scroll","background-type":"","background-media":"","overlay-type":"","overlay-color":"","overlay-opacity":"","overlay-gradient":""}},"ast-content-background-meta":{"desktop":{"background-color":"var(--ast-global-color-4)","background-image":"","background-repeat":"repeat","background-position":"center center","background-size":"auto","background-attachment":"scroll","background-type":"","background-media":"","overlay-type":"","overlay-color":"","overlay-opacity":"","overlay-gradient":""},"tablet":{"background-color":"var(--ast-global-color-4)","background-image":"","background-repeat":"repeat","background-position":"center center","background-size":"auto","background-attachment":"scroll","background-type":"","background-media":"","overlay-type":"","overlay-color":"","overlay-opacity":"","overlay-gradient":""},"mobile":{"background-color":"var(--ast-global-color-4)","background-image":"","background-repeat":"repeat","background-position":"center center","background-size":"auto","background-attachment":"scroll","background-type":"","background-media":"","overlay-type":"","overlay-color":"","overlay-opacity":"","overlay-gradient":""}}},"product_brand":[137],"product_cat":[55],"product_tag":[66,36,148,219,65,120],"class_list":{"0":"post-1138","1":"product","2":"type-product","3":"status-publish","4":"has-post-thumbnail","6":"product_brand-tuloni","7":"product_cat-treeniasusteet","8":"product_tag-asusteet","9":"product_tag-rytminen-voimistelu","10":"product_tag-treeniasu","11":"product_tag-tuloni","12":"product_tag-venyttely","13":"product_tag-voimistelu","14":"pa_koko-l-yli-15v","15":"pa_koko-m-12-15v","16":"pa_koko-s-8-12v","17":"pa_koko-xs-4-8v","18":"pa_vari-black","19":"pa_vari-pink","20":"desktop-align-left","21":"tablet-align-left","22":"mobile-align-left","24":"first","25":"instock","26":"taxable","27":"shipping-taxable","28":"purchasable","29":"product-type-variable"},"supplier_id":null,"supplier_sku":"","barcode":null,"atum_controlled":true,"out_stock_date":"2025-05-24 20:55:29","out_stock_threshold":null,"inheritable":true,"inbound_stock":0,"stock_on_hold":0,"sold_today":0,"sales_last_days":0,"reserved_stock":0,"customer_returns":0,"warehouse_damage":0,"lost_in_post":0,"other_logs":0,"out_stock_days":339,"lost_sales":0,"has_location":false,"update_date":"2026-04-29T03:50:33","atum_locations":[],"atum_stock_status":"instock","restock_status":false,"low_stock_amount":"","sales_update_date":"2026-04-29T03:50:33","calc_backorders":null,"uagb_featured_image_src":{"full":["https:\/\/www.stella-sisu.fi\/wp-content\/uploads\/2025\/04\/Polvisuojat.webp",465,579,false],"thumbnail":["https:\/\/www.stella-sisu.fi\/wp-content\/uploads\/2025\/04\/Polvisuojat-150x150.jpg",150,150,true],"medium":["https:\/\/www.stella-sisu.fi\/wp-content\/uploads\/2025\/04\/Polvisuojat-241x300.jpg",241,300,true],"medium_large":["https:\/\/www.stella-sisu.fi\/wp-content\/uploads\/2025\/04\/Polvisuojat.webp",465,579,false],"large":["https:\/\/www.stella-sisu.fi\/wp-content\/uploads\/2025\/04\/Polvisuojat.webp",465,579,false],"1536x1536":["https:\/\/www.stella-sisu.fi\/wp-content\/uploads\/2025\/04\/Polvisuojat.webp",465,579,false],"2048x2048":["https:\/\/www.stella-sisu.fi\/wp-content\/uploads\/2025\/04\/Polvisuojat.webp",465,579,false],"trp-custom-language-flag":["https:\/\/www.stella-sisu.fi\/wp-content\/uploads\/2025\/04\/Polvisuojat.webp",10,12,false],"woocommerce_thumbnail":["https:\/\/www.stella-sisu.fi\/wp-content\/uploads\/2025\/04\/Polvisuojat-300x300.webp",300,300,true],"woocommerce_single":["https:\/\/www.stella-sisu.fi\/wp-content\/uploads\/2025\/04\/Polvisuojat.webp",465,579,false],"woocommerce_gallery_thumbnail":["https:\/\/www.stella-sisu.fi\/wp-content\/uploads\/2025\/04\/Polvisuojat-100x100.webp",100,100,true]},"uagb_author_info":{"display_name":"Stella Sisun Nadiia","author_link":"https:\/\/www.stella-sisu.fi\/en\/author\/"},"uagb_comment_info":0,"uagb_excerpt":"Tuloni KPS (Knee Pad Single) polvituet on suunniteltu erityisesti voimistelijoiden ja tanssijoiden tarpeisiin, tarjoten optimaalisen suojan ja mukavuuden intensiivisten harjoitusten aikana. Saatavilla tyylikk\u00e4iss\u00e4 mustan ja vaaleanpunaisen s\u00e4vyiss\u00e4, n\u00e4m\u00e4 polvisuojat yhdist\u00e4v\u00e4t kest\u00e4vyyden ja keveyden, mik\u00e4 tekee niist\u00e4 ihanteellisen valinnan aktiiviseen k\u00e4ytt\u00f6\u00f6n.","_links":{"self":[{"href":"https:\/\/www.stella-sisu.fi\/en\/wp-json\/wp\/v2\/product\/1138","targetHints":{"allow":["GET"]}}],"collection":[{"href":"https:\/\/www.stella-sisu.fi\/en\/wp-json\/wp\/v2\/product"}],"about":[{"href":"https:\/\/www.stella-sisu.fi\/en\/wp-json\/wp\/v2\/types\/product"}],"wp:featuredmedia":[{"embeddable":true,"href":"https:\/\/www.stella-sisu.fi\/en\/wp-json\/wp\/v2\/media\/3061"}],"wp:attachment":[{"href":"https:\/\/www.stella-sisu.fi\/en\/wp-json\/wp\/v2\/media?parent=1138"}],"wp:term":[{"taxonomy":"product_brand","embeddable":true,"href":"https:\/\/www.stella-sisu.fi\/en\/wp-json\/wp\/v2\/product_brand?post=1138"},{"taxonomy":"product_cat","embeddable":true,"href":"https:\/\/www.stella-sisu.fi\/en\/wp-json\/wp\/v2\/product_cat?post=1138"},{"taxonomy":"product_tag","embeddable":true,"href":"https:\/\/www.stella-sisu.fi\/en\/wp-json\/wp\/v2\/product_tag?post=1138"}],"curies":[{"name":"wp","href":"https:\/\/api.w.org\/{rel}","templated":true}]}}