{"id":1134,"date":"2025-04-11T16:39:26","date_gmt":"2025-04-11T16:39:26","guid":{"rendered":"https:\/\/www.stella-sisu.fi\/index.php\/tuote\/pastorelli-hengettomat-hiuspinnit\/"},"modified":"2026-03-13T19:28:26","modified_gmt":"2026-03-13T19:28:26","slug":"pastorelli-hengettomat-hiuspinnit","status":"publish","type":"product","link":"https:\/\/www.stella-sisu.fi\/en\/product\/pastorelli-hengettomat-hiuspinnit\/","title":{"rendered":"Pastorelli hairpins"},"content":{"rendered":"<h3>Pastorelli hengett\u00f6m\u00e4t hiuspinnit ovat t\u00e4ydellinen valinta voimistelijoille ja tanssijoille, jotka tarvitsevat luotettavia ja huomaamattomia tarvikkeita kampauksen kiinnitt\u00e4miseen.<\/h3>\n<p>&nbsp;<\/p>\n<p>N\u00e4m\u00e4 5,5 cm pitk\u00e4t pinnit sopivat kaikenlaisille hiuksille ja eri v\u00e4risille kampauksille, sulautuen luonnollisesti osaksi tyyli\u00e4si.<\/p>\n<p>Pinnit ovat saatavilla eri s\u00e4vyiss\u00e4, joten ne erottuvat v\u00e4hiten hiustesi luonnollisesta v\u00e4rist\u00e4. Ne sopivat t\u00e4ydellisesti niin vaalean- kuin tummanhiuksisille k\u00e4ytt\u00e4jille, varmistaen huomaamattoman ja tyylikk\u00e4\u00e4n lopputuloksen. Paketissa on 20 kappaletta pinnej\u00e4, jotka tarjoavat riitt\u00e4v\u00e4sti tukea my\u00f6s intensiivisten liikkeiden aikana. Niiden muotoilu on suunniteltu pysym\u00e4\u00e4n paikoillaan pitki\u00e4kin esiintymisi\u00e4 varten, ja ne sopivat erinomaisesti my\u00f6s pienemmille nutturoille.<\/p>\n<p>Hengett\u00f6m\u00e4t pinnit ovat kevyit\u00e4 mutta tarpeeksi kest\u00e4vi\u00e4 pit\u00e4m\u00e4\u00e4n kampauksesi siistin\u00e4 koko suorituksen ajan. Ne ovat monipuolinen lis\u00e4varuste, joka kuuluu jokaisen voimistelijan ja tanssijan varustekaappiin.<\/p>","protected":false},"excerpt":{"rendered":"<p>Hengett\u00f6m\u00e4t pinnit ovat t\u00e4ydellinen valinta voimistelijoille ja tanssijoille, jotka tarvitsevat luotettavia ja huomaamattomia tarvikkeita kampauksen kiinnitt\u00e4miseen.<\/p>","protected":false},"featured_media":2621,"template":"","meta":{"_uag_custom_page_level_css":"","site-sidebar-layout":"default","site-content-layout":"","ast-site-content-layout":"default","site-content-style":"default","site-sidebar-style":"default","ast-global-header-display":"","ast-banner-title-visibility":"","ast-main-header-display":"","ast-hfb-above-header-display":"","ast-hfb-below-header-display":"","ast-hfb-mobile-header-display":"","site-post-title":"","ast-breadcrumbs-content":"","ast-featured-img":"","footer-sml-layout":"","ast-disable-related-posts":"","theme-transparent-header-meta":"default","adv-header-id-meta":"","stick-header-meta":"","header-above-stick-meta":"","header-main-stick-meta":"","header-below-stick-meta":"","astra-migrate-meta-layouts":"set","ast-page-background-enabled":"default","ast-page-background-meta":{"desktop":{"background-color":"var(--ast-global-color-5)","background-image":"","background-repeat":"repeat","background-position":"center center","background-size":"auto","background-attachment":"scroll","background-type":"","background-media":"","overlay-type":"","overlay-color":"","overlay-opacity":"","overlay-gradient":""},"tablet":{"background-color":"","background-image":"","background-repeat":"repeat","background-position":"center center","background-size":"auto","background-attachment":"scroll","background-type":"","background-media":"","overlay-type":"","overlay-color":"","overlay-opacity":"","overlay-gradient":""},"mobile":{"background-color":"","background-image":"","background-repeat":"repeat","background-position":"center center","background-size":"auto","background-attachment":"scroll","background-type":"","background-media":"","overlay-type":"","overlay-color":"","overlay-opacity":"","overlay-gradient":""}},"ast-content-background-meta":{"desktop":{"background-color":"var(--ast-global-color-4)","background-image":"","background-repeat":"repeat","background-position":"center center","background-size":"auto","background-attachment":"scroll","background-type":"","background-media":"","overlay-type":"","overlay-color":"","overlay-opacity":"","overlay-gradient":""},"tablet":{"background-color":"var(--ast-global-color-4)","background-image":"","background-repeat":"repeat","background-position":"center center","background-size":"auto","background-attachment":"scroll","background-type":"","background-media":"","overlay-type":"","overlay-color":"","overlay-opacity":"","overlay-gradient":""},"mobile":{"background-color":"var(--ast-global-color-4)","background-image":"","background-repeat":"repeat","background-position":"center center","background-size":"auto","background-attachment":"scroll","background-type":"","background-media":"","overlay-type":"","overlay-color":"","overlay-opacity":"","overlay-gradient":""}}},"product_brand":[136],"product_cat":[55],"product_tag":[66,195,36,69,120],"class_list":{"0":"post-1134","1":"product","2":"type-product","3":"status-publish","4":"has-post-thumbnail","6":"product_brand-pastorelli","7":"product_cat-treeniasusteet","8":"product_tag-asusteet","9":"product_tag-pastorelli","10":"product_tag-rytminen-voimistelu","11":"product_tag-taitoluistelu","12":"product_tag-voimistelu","13":"pa_vari-blonde","14":"pa_vari-brunette","15":"desktop-align-left","16":"tablet-align-left","17":"mobile-align-left","19":"first","20":"instock","21":"taxable","22":"shipping-taxable","23":"purchasable","24":"product-type-variable"},"supplier_id":null,"supplier_sku":"","barcode":null,"atum_controlled":true,"out_stock_date":"2025-05-24 20:55:28","out_stock_threshold":null,"inheritable":true,"inbound_stock":0,"stock_on_hold":0,"sold_today":0,"sales_last_days":0,"reserved_stock":0,"customer_returns":0,"warehouse_damage":0,"lost_in_post":0,"other_logs":0,"out_stock_days":339,"lost_sales":0,"has_location":false,"update_date":"2026-04-29T03:50:19","atum_locations":[],"atum_stock_status":"instock","restock_status":false,"low_stock_amount":"","sales_update_date":"2026-04-29T03:50:19","calc_backorders":null,"uagb_featured_image_src":{"full":["https:\/\/www.stella-sisu.fi\/wp-content\/uploads\/2025\/04\/Stella-Sisu-products-1.webp",1080,1080,false],"thumbnail":["https:\/\/www.stella-sisu.fi\/wp-content\/uploads\/2025\/04\/Stella-Sisu-products-1-150x150.jpg",150,150,true],"medium":["https:\/\/www.stella-sisu.fi\/wp-content\/uploads\/2025\/04\/Stella-Sisu-products-1-300x300.jpg",300,300,true],"medium_large":["https:\/\/www.stella-sisu.fi\/wp-content\/uploads\/2025\/04\/Stella-Sisu-products-1-768x768.jpg",768,768,true],"large":["https:\/\/www.stella-sisu.fi\/wp-content\/uploads\/2025\/04\/Stella-Sisu-products-1-1024x1024.jpg",1024,1024,true],"1536x1536":["https:\/\/www.stella-sisu.fi\/wp-content\/uploads\/2025\/04\/Stella-Sisu-products-1.webp",1080,1080,false],"2048x2048":["https:\/\/www.stella-sisu.fi\/wp-content\/uploads\/2025\/04\/Stella-Sisu-products-1.webp",1080,1080,false],"trp-custom-language-flag":["https:\/\/www.stella-sisu.fi\/wp-content\/uploads\/2025\/04\/Stella-Sisu-products-1.webp",12,12,false],"woocommerce_thumbnail":["https:\/\/www.stella-sisu.fi\/wp-content\/uploads\/2025\/04\/Stella-Sisu-products-1-300x300.webp",300,300,true],"woocommerce_single":["https:\/\/www.stella-sisu.fi\/wp-content\/uploads\/2025\/04\/Stella-Sisu-products-1-600x600.webp",600,600,true],"woocommerce_gallery_thumbnail":["https:\/\/www.stella-sisu.fi\/wp-content\/uploads\/2025\/04\/Stella-Sisu-products-1-100x100.webp",100,100,true]},"uagb_author_info":{"display_name":"Stella Sisun Nadiia","author_link":"https:\/\/www.stella-sisu.fi\/en\/author\/"},"uagb_comment_info":0,"uagb_excerpt":"Hengett\u00f6m\u00e4t pinnit ovat t\u00e4ydellinen valinta voimistelijoille ja tanssijoille, jotka tarvitsevat luotettavia ja huomaamattomia tarvikkeita kampauksen kiinnitt\u00e4miseen.","_links":{"self":[{"href":"https:\/\/www.stella-sisu.fi\/en\/wp-json\/wp\/v2\/product\/1134","targetHints":{"allow":["GET"]}}],"collection":[{"href":"https:\/\/www.stella-sisu.fi\/en\/wp-json\/wp\/v2\/product"}],"about":[{"href":"https:\/\/www.stella-sisu.fi\/en\/wp-json\/wp\/v2\/types\/product"}],"wp:featuredmedia":[{"embeddable":true,"href":"https:\/\/www.stella-sisu.fi\/en\/wp-json\/wp\/v2\/media\/2621"}],"wp:attachment":[{"href":"https:\/\/www.stella-sisu.fi\/en\/wp-json\/wp\/v2\/media?parent=1134"}],"wp:term":[{"taxonomy":"product_brand","embeddable":true,"href":"https:\/\/www.stella-sisu.fi\/en\/wp-json\/wp\/v2\/product_brand?post=1134"},{"taxonomy":"product_cat","embeddable":true,"href":"https:\/\/www.stella-sisu.fi\/en\/wp-json\/wp\/v2\/product_cat?post=1134"},{"taxonomy":"product_tag","embeddable":true,"href":"https:\/\/www.stella-sisu.fi\/en\/wp-json\/wp\/v2\/product_tag?post=1134"}],"curies":[{"name":"wp","href":"https:\/\/api.w.org\/{rel}","templated":true}]}}