{"id":1123,"date":"2025-04-11T16:39:23","date_gmt":"2025-04-11T16:39:23","guid":{"rendered":"https:\/\/www.stella-sisu.fi\/index.php\/tuote\/dvillena-painijaselkainen-toppi\/"},"modified":"2026-02-09T14:19:37","modified_gmt":"2026-02-09T14:19:37","slug":"dvillena-painijaselkainen-toppi","status":"publish","type":"product","link":"https:\/\/www.stella-sisu.fi\/en\/product\/dvillena-painijaselkainen-toppi\/","title":{"rendered":"Dvillena racerback top"},"content":{"rendered":"<h3>Dvillena painijaselk\u00e4inen toppi on t\u00e4ydellinen valinta aktiiviseen treenik\u00e4ytt\u00f6\u00f6n.<\/h3>\n<p>&nbsp;<\/p>\n<p>T\u00e4m\u00e4 vartalonmy\u00f6t\u00e4inen toppi on suunniteltu tarjoamaan sek\u00e4 mukavuutta ett\u00e4 k\u00e4yt\u00e4nn\u00f6llisyytt\u00e4, ja sen tyylik\u00e4s painijaselk\u00e4leikkaus takaa maksimaalisen liikkuvuuden kaikissa harjoituksissa.<\/p>\n<p>Hengitt\u00e4v\u00e4 kangasmateriaali varmistaa miellytt\u00e4v\u00e4n k\u00e4ytt\u00f6kokemuksen ja pit\u00e4\u00e4 sinut viile\u00e4n\u00e4 intensiivisiss\u00e4kin treeneiss\u00e4. Helposti pest\u00e4v\u00e4 ja nopeasti kuivuva kangas tekee topista helppohoitoisen, ja v\u00e4ri s\u00e4ilyy kirkkaana pesukerrasta toiseen. T\u00e4m\u00e4 tekee topista pitk\u00e4kestoisen ja luotettavan valinnan.<\/p>\n<p>Toppi on saatavilla useissa EU-kokoihin perustuvissa kokovaihtoehdoissa, joten se sopii kaikenik\u00e4isille voimistelijoille:<\/p>\n<table>\n<tbody>\n<tr>\n<th><strong>KOKO<\/strong><\/th>\n<th><strong>IK\u00c4<\/strong><\/th>\n<th><strong>VY\u00d6T\u00c4R\u00d6 (CM)<\/strong><\/th>\n<th><strong>SELK\u00c4 (CM)<\/strong><\/th>\n<th><strong>LANTIO (CM)<\/strong><\/th>\n<\/tr>\n<tr>\n<td>6<\/td>\n<td>4\u20136 vuotta<\/td>\n<td>48\u201352<\/td>\n<td>27\u201329<\/td>\n<td>56\u201361<\/td>\n<\/tr>\n<tr>\n<td>8<\/td>\n<td>7\u20138 vuotta<\/td>\n<td>53\u201356<\/td>\n<td>30\u201331<\/td>\n<td>62\u201367<\/td>\n<\/tr>\n<tr>\n<td>10<\/td>\n<td>9\u201310 vuotta<\/td>\n<td>57\u201359<\/td>\n<td>32<\/td>\n<td>68\u201371<\/td>\n<\/tr>\n<tr>\n<td>12<\/td>\n<td>11\u201312 vuotta<\/td>\n<td>60\u201363<\/td>\n<td>33\u201334<\/td>\n<td>72\u201377<\/td>\n<\/tr>\n<tr>\n<td>14<\/td>\n<td>34 (teini)<\/td>\n<td>64\u201366<\/td>\n<td>35\u201336<\/td>\n<td>78\u201380<\/td>\n<\/tr>\n<tr>\n<td>16<\/td>\n<td>36 (aikuinen)<\/td>\n<td>67\u201369<\/td>\n<td>37<\/td>\n<td>81\u201383<\/td>\n<\/tr>\n<\/tbody>\n<\/table>","protected":false},"excerpt":{"rendered":"<p>T\u00e4m\u00e4 toppi on t\u00e4ydellinen valinta aktiiviseen treenik\u00e4ytt\u00f6\u00f6n. Vartalonmy\u00f6t\u00e4inen toppi on suunniteltu tarjoamaan sek\u00e4 mukavuutta ett\u00e4 k\u00e4yt\u00e4nn\u00f6llisyytt\u00e4, ja sen tyylik\u00e4s painijaselk\u00e4leikkaus takaa maksimaalisen liikkuvuuden kaikissa harjoituksissa.<\/p>","protected":false},"featured_media":4276,"template":"","meta":{"_uag_custom_page_level_css":"","site-sidebar-layout":"default","site-content-layout":"","ast-site-content-layout":"default","site-content-style":"default","site-sidebar-style":"default","ast-global-header-display":"","ast-banner-title-visibility":"","ast-main-header-display":"","ast-hfb-above-header-display":"","ast-hfb-below-header-display":"","ast-hfb-mobile-header-display":"","site-post-title":"","ast-breadcrumbs-content":"","ast-featured-img":"","footer-sml-layout":"","ast-disable-related-posts":"","theme-transparent-header-meta":"default","adv-header-id-meta":"","stick-header-meta":"","header-above-stick-meta":"","header-main-stick-meta":"","header-below-stick-meta":"","astra-migrate-meta-layouts":"set","ast-page-background-enabled":"default","ast-page-background-meta":{"desktop":{"background-color":"var(--ast-global-color-5)","background-image":"","background-repeat":"repeat","background-position":"center center","background-size":"auto","background-attachment":"scroll","background-type":"","background-media":"","overlay-type":"","overlay-color":"","overlay-opacity":"","overlay-gradient":""},"tablet":{"background-color":"","background-image":"","background-repeat":"repeat","background-position":"center center","background-size":"auto","background-attachment":"scroll","background-type":"","background-media":"","overlay-type":"","overlay-color":"","overlay-opacity":"","overlay-gradient":""},"mobile":{"background-color":"","background-image":"","background-repeat":"repeat","background-position":"center center","background-size":"auto","background-attachment":"scroll","background-type":"","background-media":"","overlay-type":"","overlay-color":"","overlay-opacity":"","overlay-gradient":""}},"ast-content-background-meta":{"desktop":{"background-color":"var(--ast-global-color-4)","background-image":"","background-repeat":"repeat","background-position":"center center","background-size":"auto","background-attachment":"scroll","background-type":"","background-media":"","overlay-type":"","overlay-color":"","overlay-opacity":"","overlay-gradient":""},"tablet":{"background-color":"var(--ast-global-color-4)","background-image":"","background-repeat":"repeat","background-position":"center center","background-size":"auto","background-attachment":"scroll","background-type":"","background-media":"","overlay-type":"","overlay-color":"","overlay-opacity":"","overlay-gradient":""},"mobile":{"background-color":"var(--ast-global-color-4)","background-image":"","background-repeat":"repeat","background-position":"center center","background-size":"auto","background-attachment":"scroll","background-type":"","background-media":"","overlay-type":"","overlay-color":"","overlay-opacity":"","overlay-gradient":""}}},"product_brand":[134],"product_cat":[364,144,162],"product_tag":[42,146,36,148,147,120],"class_list":{"0":"post-1123","1":"product","2":"type-product","3":"status-publish","4":"has-post-thumbnail","6":"product_brand-dvillena","7":"product_cat-alennukset","8":"product_cat-treenivaatteet","9":"product_cat-treenivaatteiden-ylaosat","10":"product_tag-alennus","11":"product_tag-dvillena","12":"product_tag-rytminen-voimistelu","13":"product_tag-treeniasu","14":"product_tag-treenivaatteet","15":"product_tag-voimistelu","16":"pa_koko-140","17":"pa_koko-141","18":"pa_koko-142","19":"pa_koko-143","20":"pa_koko-l","21":"pa_koko-m","22":"pa_koko-s","23":"desktop-align-left","24":"tablet-align-left","25":"mobile-align-left","27":"first","28":"instock","29":"sale","30":"taxable","31":"shipping-taxable","32":"purchasable","33":"product-type-variable"},"supplier_id":null,"supplier_sku":"","barcode":null,"atum_controlled":true,"out_stock_date":"2025-05-24 20:55:30","out_stock_threshold":null,"inheritable":true,"inbound_stock":0,"stock_on_hold":0,"sold_today":0,"sales_last_days":0,"reserved_stock":0,"customer_returns":0,"warehouse_damage":0,"lost_in_post":0,"other_logs":0,"out_stock_days":353,"lost_sales":0,"has_location":false,"update_date":"2026-05-13T00:01:59","atum_locations":[],"atum_stock_status":"instock","restock_status":false,"low_stock_amount":"","sales_update_date":"2026-05-13T00:01:59","calc_backorders":null,"uagb_featured_image_src":{"full":["https:\/\/www.stella-sisu.fi\/wp-content\/uploads\/2025\/04\/camiseta-tirantes.webp",800,1084,false],"thumbnail":["https:\/\/www.stella-sisu.fi\/wp-content\/uploads\/2025\/04\/camiseta-tirantes-150x150.jpg",150,150,true],"medium":["https:\/\/www.stella-sisu.fi\/wp-content\/uploads\/2025\/04\/camiseta-tirantes-221x300.jpg",221,300,true],"medium_large":["https:\/\/www.stella-sisu.fi\/wp-content\/uploads\/2025\/04\/camiseta-tirantes-768x1041.jpg",768,1041,true],"large":["https:\/\/www.stella-sisu.fi\/wp-content\/uploads\/2025\/04\/camiseta-tirantes-756x1024.jpg",756,1024,true],"1536x1536":["https:\/\/www.stella-sisu.fi\/wp-content\/uploads\/2025\/04\/camiseta-tirantes.webp",800,1084,false],"2048x2048":["https:\/\/www.stella-sisu.fi\/wp-content\/uploads\/2025\/04\/camiseta-tirantes.webp",800,1084,false],"trp-custom-language-flag":["https:\/\/www.stella-sisu.fi\/wp-content\/uploads\/2025\/04\/camiseta-tirantes.webp",9,12,false],"woocommerce_thumbnail":["https:\/\/www.stella-sisu.fi\/wp-content\/uploads\/2025\/04\/camiseta-tirantes-300x300.webp",300,300,true],"woocommerce_single":["https:\/\/www.stella-sisu.fi\/wp-content\/uploads\/2025\/04\/camiseta-tirantes-600x813.webp",600,813,true],"woocommerce_gallery_thumbnail":["https:\/\/www.stella-sisu.fi\/wp-content\/uploads\/2025\/04\/camiseta-tirantes-100x100.webp",100,100,true]},"uagb_author_info":{"display_name":"Stella Sisun Nadiia","author_link":"https:\/\/www.stella-sisu.fi\/en\/author\/"},"uagb_comment_info":0,"uagb_excerpt":"T\u00e4m\u00e4 toppi on t\u00e4ydellinen valinta aktiiviseen treenik\u00e4ytt\u00f6\u00f6n. Vartalonmy\u00f6t\u00e4inen toppi on suunniteltu tarjoamaan sek\u00e4 mukavuutta ett\u00e4 k\u00e4yt\u00e4nn\u00f6llisyytt\u00e4, ja sen tyylik\u00e4s painijaselk\u00e4leikkaus takaa maksimaalisen liikkuvuuden kaikissa harjoituksissa.","_links":{"self":[{"href":"https:\/\/www.stella-sisu.fi\/en\/wp-json\/wp\/v2\/product\/1123","targetHints":{"allow":["GET"]}}],"collection":[{"href":"https:\/\/www.stella-sisu.fi\/en\/wp-json\/wp\/v2\/product"}],"about":[{"href":"https:\/\/www.stella-sisu.fi\/en\/wp-json\/wp\/v2\/types\/product"}],"wp:featuredmedia":[{"embeddable":true,"href":"https:\/\/www.stella-sisu.fi\/en\/wp-json\/wp\/v2\/media\/4276"}],"wp:attachment":[{"href":"https:\/\/www.stella-sisu.fi\/en\/wp-json\/wp\/v2\/media?parent=1123"}],"wp:term":[{"taxonomy":"product_brand","embeddable":true,"href":"https:\/\/www.stella-sisu.fi\/en\/wp-json\/wp\/v2\/product_brand?post=1123"},{"taxonomy":"product_cat","embeddable":true,"href":"https:\/\/www.stella-sisu.fi\/en\/wp-json\/wp\/v2\/product_cat?post=1123"},{"taxonomy":"product_tag","embeddable":true,"href":"https:\/\/www.stella-sisu.fi\/en\/wp-json\/wp\/v2\/product_tag?post=1123"}],"curies":[{"name":"wp","href":"https:\/\/api.w.org\/{rel}","templated":true}]}}