{"id":1117,"date":"2025-04-11T16:39:22","date_gmt":"2025-04-11T16:39:22","guid":{"rendered":"https:\/\/www.stella-sisu.fi\/index.php\/tuote\/sasaki-voimistelunauha-4-m\/"},"modified":"2026-04-19T10:11:02","modified_gmt":"2026-04-19T10:11:02","slug":"sasaki-voimistelunauha-4-m","status":"publish","type":"product","link":"https:\/\/www.stella-sisu.fi\/en\/product\/sasaki-voimistelunauha-4-m\/","title":{"rendered":"Sasaki gymnastic ribbon 4 m"},"content":{"rendered":"<h3>Sasaki yksiv\u00e4rinen juniori voimistelunauha on suunniteltu erityisesti nuorille, noin 6\u20139-vuotiaille voimistelijoille ensimm\u00e4iseksi harjoitusnauhaksi.<\/h3>\n<p>&nbsp;<\/p>\n<p>T\u00e4m\u00e4 4 metrin pituinen nauha on valmistettu laadukkaasta rayonista, joka tekee siit\u00e4 kevyen ja helpon hallita, erityisesti aloittelijoille.<\/p>\n<p>Nauhan yksinkertainen ja selke\u00e4 design auttaa voimistelijoita keskittym\u00e4\u00e4n perustekniikan ja liikkeiden kehitt\u00e4miseen. Vaikka nauhassa ei ole <a href=\"https:\/\/www.gymnastics.sport\/site\/\" rel=\"noopener\">Kansainv\u00e4lisen Voimisteluliiton (FIG)<\/a> merkint\u00e4\u00e4, se on erinomainen v\u00e4line harjoitteluun ja tekniikan parantamiseen.<\/p>\n<p><strong>Suositukset:<\/strong><\/p>\n<ul>\n<li>Suosittelemme k\u00e4ytt\u00e4m\u00e4\u00e4n t\u00e4m\u00e4n nauhan parina <a href=\"https:\/\/www.stella-sisu.fi\/en\/product\/chacott-nauhakeppi-50-cm\/\">50 cm pitk\u00e4\u00e4 nauhakeppi\u00e4<\/a>, joka t\u00e4ydent\u00e4\u00e4 nauhan ominaisuuksia ja tarjoaa optimaalisen k\u00e4ytt\u00f6kokemuksen.<\/li>\n<li>Suosittelemme s\u00e4ilytt\u00e4m\u00e4\u00e4n ja kuljettamaan nauhan erityisess\u00e4 <a href=\"https:\/\/www.stella-sisu.fi\/en\/product\/sasaki-nauhakela\/\">nauhakelassa<\/a>, joka suojaa sit\u00e4 kulumiselta ja pit\u00e4\u00e4 nauhan siistin\u00e4 ja valmiina k\u00e4ytt\u00f6\u00f6n.<\/li>\n<\/ul>\n<p><strong>Valmistajan takuu:<\/strong> 1 kuukausi valmistusvirheiden varalta.<\/p>\n<p>T\u00e4m\u00e4 nauha sopii t\u00e4ydellisesti pienille voimistelijoille, jotka haluavat oppia ja kehitty\u00e4 rytmisen voimistelun parissa.<\/p>","protected":false},"excerpt":{"rendered":"<p>Sasaki yksiv\u00e4rinen voimistelunauha on suunniteltu erityisesti nuorille, noin 6\u20139-vuotiaille voimistelijoille ensimm\u00e4iseksi harjoitusnauhaksi.<\/p>","protected":false},"featured_media":3008,"template":"","meta":{"_uag_custom_page_level_css":"","site-sidebar-layout":"default","site-content-layout":"","ast-site-content-layout":"default","site-content-style":"default","site-sidebar-style":"default","ast-global-header-display":"","ast-banner-title-visibility":"","ast-main-header-display":"","ast-hfb-above-header-display":"","ast-hfb-below-header-display":"","ast-hfb-mobile-header-display":"","site-post-title":"","ast-breadcrumbs-content":"","ast-featured-img":"","footer-sml-layout":"","ast-disable-related-posts":"","theme-transparent-header-meta":"default","adv-header-id-meta":"","stick-header-meta":"","header-above-stick-meta":"","header-main-stick-meta":"","header-below-stick-meta":"","astra-migrate-meta-layouts":"set","ast-page-background-enabled":"default","ast-page-background-meta":{"desktop":{"background-color":"var(--ast-global-color-5)","background-image":"","background-repeat":"repeat","background-position":"center center","background-size":"auto","background-attachment":"scroll","background-type":"","background-media":"","overlay-type":"","overlay-color":"","overlay-opacity":"","overlay-gradient":""},"tablet":{"background-color":"","background-image":"","background-repeat":"repeat","background-position":"center center","background-size":"auto","background-attachment":"scroll","background-type":"","background-media":"","overlay-type":"","overlay-color":"","overlay-opacity":"","overlay-gradient":""},"mobile":{"background-color":"","background-image":"","background-repeat":"repeat","background-position":"center center","background-size":"auto","background-attachment":"scroll","background-type":"","background-media":"","overlay-type":"","overlay-color":"","overlay-opacity":"","overlay-gradient":""}},"ast-content-background-meta":{"desktop":{"background-color":"var(--ast-global-color-4)","background-image":"","background-repeat":"repeat","background-position":"center center","background-size":"auto","background-attachment":"scroll","background-type":"","background-media":"","overlay-type":"","overlay-color":"","overlay-opacity":"","overlay-gradient":""},"tablet":{"background-color":"var(--ast-global-color-4)","background-image":"","background-repeat":"repeat","background-position":"center center","background-size":"auto","background-attachment":"scroll","background-type":"","background-media":"","overlay-type":"","overlay-color":"","overlay-opacity":"","overlay-gradient":""},"mobile":{"background-color":"var(--ast-global-color-4)","background-image":"","background-repeat":"repeat","background-position":"center center","background-size":"auto","background-attachment":"scroll","background-type":"","background-media":"","overlay-type":"","overlay-color":"","overlay-opacity":"","overlay-gradient":""}}},"product_brand":[26],"product_cat":[364,56],"product_tag":[113,36,218,120,57,52],"class_list":{"0":"post-1117","1":"product","2":"type-product","3":"status-publish","4":"has-post-thumbnail","6":"product_brand-sasaki","7":"product_cat-alennukset","8":"product_cat-voimistelunauhat","9":"product_tag-nauha","10":"product_tag-rytminen-voimistelu","11":"product_tag-sasaki","12":"product_tag-voimistelu","13":"product_tag-voimistelunauha","14":"product_tag-voimisteluvalineet","15":"pa_vari-cherry-pink","16":"pa_vari-peppermint-green","17":"pa_vari-red","18":"pa_vari-saxe-blue","19":"desktop-align-left","20":"tablet-align-left","21":"mobile-align-left","23":"first","24":"instock","25":"sale","26":"taxable","27":"shipping-taxable","28":"purchasable","29":"product-type-variable"},"supplier_id":null,"supplier_sku":"","barcode":null,"atum_controlled":true,"out_stock_date":null,"out_stock_threshold":null,"inheritable":true,"inbound_stock":0,"stock_on_hold":0,"sold_today":0,"sales_last_days":0,"reserved_stock":0,"customer_returns":0,"warehouse_damage":0,"lost_in_post":0,"other_logs":0,"out_stock_days":0,"lost_sales":0,"has_location":false,"update_date":"2026-05-13T00:02:37","atum_locations":[],"atum_stock_status":"instock","restock_status":false,"low_stock_amount":"","sales_update_date":"2026-05-13T00:02:37","calc_backorders":null,"uagb_featured_image_src":{"full":["https:\/\/www.stella-sisu.fi\/wp-content\/uploads\/2025\/04\/Stella-Sisu-products-35.webp",1080,1080,false],"thumbnail":["https:\/\/www.stella-sisu.fi\/wp-content\/uploads\/2025\/04\/Stella-Sisu-products-35-150x150.jpg",150,150,true],"medium":["https:\/\/www.stella-sisu.fi\/wp-content\/uploads\/2025\/04\/Stella-Sisu-products-35-300x300.jpg",300,300,true],"medium_large":["https:\/\/www.stella-sisu.fi\/wp-content\/uploads\/2025\/04\/Stella-Sisu-products-35-768x768.jpg",768,768,true],"large":["https:\/\/www.stella-sisu.fi\/wp-content\/uploads\/2025\/04\/Stella-Sisu-products-35-1024x1024.jpg",1024,1024,true],"1536x1536":["https:\/\/www.stella-sisu.fi\/wp-content\/uploads\/2025\/04\/Stella-Sisu-products-35.webp",1080,1080,false],"2048x2048":["https:\/\/www.stella-sisu.fi\/wp-content\/uploads\/2025\/04\/Stella-Sisu-products-35.webp",1080,1080,false],"trp-custom-language-flag":["https:\/\/www.stella-sisu.fi\/wp-content\/uploads\/2025\/04\/Stella-Sisu-products-35.webp",12,12,false],"woocommerce_thumbnail":["https:\/\/www.stella-sisu.fi\/wp-content\/uploads\/2025\/04\/Stella-Sisu-products-35-300x300.webp",300,300,true],"woocommerce_single":["https:\/\/www.stella-sisu.fi\/wp-content\/uploads\/2025\/04\/Stella-Sisu-products-35-600x600.webp",600,600,true],"woocommerce_gallery_thumbnail":["https:\/\/www.stella-sisu.fi\/wp-content\/uploads\/2025\/04\/Stella-Sisu-products-35-100x100.webp",100,100,true]},"uagb_author_info":{"display_name":"Stella Sisun Nadiia","author_link":"https:\/\/www.stella-sisu.fi\/en\/author\/"},"uagb_comment_info":0,"uagb_excerpt":"Sasaki yksiv\u00e4rinen voimistelunauha on suunniteltu erityisesti nuorille, noin 6\u20139-vuotiaille voimistelijoille ensimm\u00e4iseksi harjoitusnauhaksi.","_links":{"self":[{"href":"https:\/\/www.stella-sisu.fi\/en\/wp-json\/wp\/v2\/product\/1117","targetHints":{"allow":["GET"]}}],"collection":[{"href":"https:\/\/www.stella-sisu.fi\/en\/wp-json\/wp\/v2\/product"}],"about":[{"href":"https:\/\/www.stella-sisu.fi\/en\/wp-json\/wp\/v2\/types\/product"}],"wp:featuredmedia":[{"embeddable":true,"href":"https:\/\/www.stella-sisu.fi\/en\/wp-json\/wp\/v2\/media\/3008"}],"wp:attachment":[{"href":"https:\/\/www.stella-sisu.fi\/en\/wp-json\/wp\/v2\/media?parent=1117"}],"wp:term":[{"taxonomy":"product_brand","embeddable":true,"href":"https:\/\/www.stella-sisu.fi\/en\/wp-json\/wp\/v2\/product_brand?post=1117"},{"taxonomy":"product_cat","embeddable":true,"href":"https:\/\/www.stella-sisu.fi\/en\/wp-json\/wp\/v2\/product_cat?post=1117"},{"taxonomy":"product_tag","embeddable":true,"href":"https:\/\/www.stella-sisu.fi\/en\/wp-json\/wp\/v2\/product_tag?post=1117"}],"curies":[{"name":"wp","href":"https:\/\/api.w.org\/{rel}","templated":true}]}}