{"id":1116,"date":"2025-04-11T16:39:22","date_gmt":"2025-04-11T16:39:22","guid":{"rendered":"https:\/\/www.stella-sisu.fi\/index.php\/tuote\/sasaki-voimistelunauha\/"},"modified":"2026-03-11T13:48:17","modified_gmt":"2026-03-11T13:48:17","slug":"sasaki-voimistelunauha","status":"publish","type":"product","link":"https:\/\/www.stella-sisu.fi\/en\/product\/sasaki-voimistelunauha\/","title":{"rendered":"Sasaki gymnastic ribbon 5 m and 6 m"},"content":{"rendered":"<h3>Sasaki-yksiv\u00e4rinen voimistelunauha on t\u00e4ydellinen valinta kilpailevalle voimistelijoille.<\/h3>\n<p>&nbsp;<\/p>\n<p>6 metrin nauha sopii yli 14-vuotiaille voimistelijoille ja 5 metrin nauha &#8211; 9-13-vuotiaille voimistelijoille, jotka arvostavat laatua ja suorituskyky\u00e4. T\u00e4m\u00e4 nauha on valmistettu kest\u00e4v\u00e4st\u00e4 ja kevyest\u00e4 rayonista, joka liikkuu sulavasti ja luo kauniita, virtaavia linjoja jokaisessa liikkeess\u00e4.<\/p>\n<p>Nauhalla on <a href=\"https:\/\/www.gymnastics.sport\/site\/\" rel=\"noopener\">FIG:n<\/a> hyv\u00e4ksynt\u00e4, joten se t\u00e4ytt\u00e4\u00e4 kansainv\u00e4liset kilpailujen standardit ja sopii erinomaisesti sek\u00e4 kilpailu- ett\u00e4 harjoitusk\u00e4ytt\u00f6\u00f6n. N\u00e4m\u00e4 nnauhat ovat saatavilla laajassa v\u00e4rivalikoimassa, joten voit valita juuri omaan tyyliisi tai kilpailu asuusi sopivan s\u00e4vyn, joka korostaa liikkeidesi kauneutta ja esiintymis ilmett\u00e4.<\/p>\n<p><strong>Recommendation:<\/strong> Valitse t\u00e4lle nauhalle 60 cm <a href=\"https:\/\/www.stella-sisu.fi\/en\/product-category\/voimisteluvalineet\/voimistelunauhat\/\">nauhakeppi<\/a>, jotta saat parhaan mahdollisen suorituskyvyn ja mukavuuden harjoituksiin ja kilpailuihin.\u00a0Lis\u00e4ksi nauhan s\u00e4ilytt\u00e4miseen suosittelemme <a href=\"https:\/\/www.stella-sisu.fi\/en\/product\/sasaki-nauhakela\/\">nauhakelaa<\/a>, joka auttaa pit\u00e4m\u00e4\u00e4n nauhan hyv\u00e4ss\u00e4 kunnossa ja k\u00e4ytt\u00f6valmiina.<\/p>\n<p><strong>Valmistajan takuu:<\/strong> 1 kuukausi<\/p>","protected":false},"excerpt":{"rendered":"<p>Yksiv\u00e4rinen nauha on t\u00e4ydellinen valinta kilpailevalle voimistelijoille.<\/p>","protected":false},"featured_media":3002,"template":"","meta":{"_uag_custom_page_level_css":"","site-sidebar-layout":"default","site-content-layout":"","ast-site-content-layout":"default","site-content-style":"default","site-sidebar-style":"default","ast-global-header-display":"","ast-banner-title-visibility":"","ast-main-header-display":"","ast-hfb-above-header-display":"","ast-hfb-below-header-display":"","ast-hfb-mobile-header-display":"","site-post-title":"","ast-breadcrumbs-content":"","ast-featured-img":"","footer-sml-layout":"","ast-disable-related-posts":"","theme-transparent-header-meta":"default","adv-header-id-meta":"","stick-header-meta":"","header-above-stick-meta":"","header-main-stick-meta":"","header-below-stick-meta":"","astra-migrate-meta-layouts":"set","ast-page-background-enabled":"default","ast-page-background-meta":{"desktop":{"background-color":"var(--ast-global-color-5)","background-image":"","background-repeat":"repeat","background-position":"center center","background-size":"auto","background-attachment":"scroll","background-type":"","background-media":"","overlay-type":"","overlay-color":"","overlay-opacity":"","overlay-gradient":""},"tablet":{"background-color":"","background-image":"","background-repeat":"repeat","background-position":"center center","background-size":"auto","background-attachment":"scroll","background-type":"","background-media":"","overlay-type":"","overlay-color":"","overlay-opacity":"","overlay-gradient":""},"mobile":{"background-color":"","background-image":"","background-repeat":"repeat","background-position":"center center","background-size":"auto","background-attachment":"scroll","background-type":"","background-media":"","overlay-type":"","overlay-color":"","overlay-opacity":"","overlay-gradient":""}},"ast-content-background-meta":{"desktop":{"background-color":"var(--ast-global-color-4)","background-image":"","background-repeat":"repeat","background-position":"center center","background-size":"auto","background-attachment":"scroll","background-type":"","background-media":"","overlay-type":"","overlay-color":"","overlay-opacity":"","overlay-gradient":""},"tablet":{"background-color":"var(--ast-global-color-4)","background-image":"","background-repeat":"repeat","background-position":"center center","background-size":"auto","background-attachment":"scroll","background-type":"","background-media":"","overlay-type":"","overlay-color":"","overlay-opacity":"","overlay-gradient":""},"mobile":{"background-color":"var(--ast-global-color-4)","background-image":"","background-repeat":"repeat","background-position":"center center","background-size":"auto","background-attachment":"scroll","background-type":"","background-media":"","overlay-type":"","overlay-color":"","overlay-opacity":"","overlay-gradient":""}}},"product_brand":[26],"product_cat":[56],"product_tag":[91,113,36,218,120,57,52],"class_list":{"0":"post-1116","1":"product","2":"type-product","3":"status-publish","4":"has-post-thumbnail","6":"product_brand-sasaki","7":"product_cat-voimistelunauhat","8":"product_tag-fig-hyvaksytty","9":"product_tag-nauha","10":"product_tag-rytminen-voimistelu","11":"product_tag-sasaki","12":"product_tag-voimistelu","13":"product_tag-voimistelunauha","14":"product_tag-voimisteluvalineet","15":"pa_koko-5-m","16":"pa_koko-6-m","17":"pa_vari-black","18":"pa_vari-cherry-pink","19":"pa_vari-cobalt-blue","20":"pa_vari-lavender","21":"pa_vari-peppermint-green","22":"pa_vari-pink","23":"pa_vari-purple","24":"pa_vari-red","25":"pa_vari-saxe-blue","26":"pa_vari-turquoise-blue","27":"pa_vari-white","28":"pa_vari-yellow","29":"desktop-align-left","30":"tablet-align-left","31":"mobile-align-left","33":"first","34":"instock","35":"taxable","36":"shipping-taxable","37":"purchasable","38":"product-type-variable"},"supplier_id":null,"supplier_sku":"","barcode":null,"atum_controlled":true,"out_stock_date":null,"out_stock_threshold":null,"inheritable":true,"inbound_stock":0,"stock_on_hold":0,"sold_today":0,"sales_last_days":0,"reserved_stock":0,"customer_returns":0,"warehouse_damage":0,"lost_in_post":0,"other_logs":0,"out_stock_days":0,"lost_sales":0,"has_location":false,"update_date":"2026-04-29T03:50:27","atum_locations":[],"atum_stock_status":"instock","restock_status":false,"low_stock_amount":"","sales_update_date":"2026-04-29T03:50:27","calc_backorders":null,"uagb_featured_image_src":{"full":["https:\/\/www.stella-sisu.fi\/wp-content\/uploads\/2025\/04\/Stella-Sisu-products-34.webp",1080,1080,false],"thumbnail":["https:\/\/www.stella-sisu.fi\/wp-content\/uploads\/2025\/04\/Stella-Sisu-products-34-150x150.jpg",150,150,true],"medium":["https:\/\/www.stella-sisu.fi\/wp-content\/uploads\/2025\/04\/Stella-Sisu-products-34-300x300.jpg",300,300,true],"medium_large":["https:\/\/www.stella-sisu.fi\/wp-content\/uploads\/2025\/04\/Stella-Sisu-products-34-768x768.jpg",768,768,true],"large":["https:\/\/www.stella-sisu.fi\/wp-content\/uploads\/2025\/04\/Stella-Sisu-products-34-1024x1024.jpg",1024,1024,true],"1536x1536":["https:\/\/www.stella-sisu.fi\/wp-content\/uploads\/2025\/04\/Stella-Sisu-products-34.webp",1080,1080,false],"2048x2048":["https:\/\/www.stella-sisu.fi\/wp-content\/uploads\/2025\/04\/Stella-Sisu-products-34.webp",1080,1080,false],"trp-custom-language-flag":["https:\/\/www.stella-sisu.fi\/wp-content\/uploads\/2025\/04\/Stella-Sisu-products-34.webp",12,12,false],"woocommerce_thumbnail":["https:\/\/www.stella-sisu.fi\/wp-content\/uploads\/2025\/04\/Stella-Sisu-products-34-300x300.webp",300,300,true],"woocommerce_single":["https:\/\/www.stella-sisu.fi\/wp-content\/uploads\/2025\/04\/Stella-Sisu-products-34-600x600.webp",600,600,true],"woocommerce_gallery_thumbnail":["https:\/\/www.stella-sisu.fi\/wp-content\/uploads\/2025\/04\/Stella-Sisu-products-34-100x100.webp",100,100,true]},"uagb_author_info":{"display_name":"Stella Sisun Nadiia","author_link":"https:\/\/www.stella-sisu.fi\/en\/author\/"},"uagb_comment_info":0,"uagb_excerpt":"Yksiv\u00e4rinen nauha on t\u00e4ydellinen valinta kilpailevalle voimistelijoille.","_links":{"self":[{"href":"https:\/\/www.stella-sisu.fi\/en\/wp-json\/wp\/v2\/product\/1116","targetHints":{"allow":["GET"]}}],"collection":[{"href":"https:\/\/www.stella-sisu.fi\/en\/wp-json\/wp\/v2\/product"}],"about":[{"href":"https:\/\/www.stella-sisu.fi\/en\/wp-json\/wp\/v2\/types\/product"}],"wp:featuredmedia":[{"embeddable":true,"href":"https:\/\/www.stella-sisu.fi\/en\/wp-json\/wp\/v2\/media\/3002"}],"wp:attachment":[{"href":"https:\/\/www.stella-sisu.fi\/en\/wp-json\/wp\/v2\/media?parent=1116"}],"wp:term":[{"taxonomy":"product_brand","embeddable":true,"href":"https:\/\/www.stella-sisu.fi\/en\/wp-json\/wp\/v2\/product_brand?post=1116"},{"taxonomy":"product_cat","embeddable":true,"href":"https:\/\/www.stella-sisu.fi\/en\/wp-json\/wp\/v2\/product_cat?post=1116"},{"taxonomy":"product_tag","embeddable":true,"href":"https:\/\/www.stella-sisu.fi\/en\/wp-json\/wp\/v2\/product_tag?post=1116"}],"curies":[{"name":"wp","href":"https:\/\/api.w.org\/{rel}","templated":true}]}}