{"id":1107,"date":"2025-04-11T16:39:20","date_gmt":"2025-04-11T16:39:20","guid":{"rendered":"https:\/\/www.stella-sisu.fi\/index.php\/tuote\/sasaki-pallopumpun-pehmentaja\/"},"modified":"2026-04-07T17:00:23","modified_gmt":"2026-04-07T17:00:23","slug":"sasaki-pallopumpun-pehmentaja","status":"publish","type":"product","link":"https:\/\/www.stella-sisu.fi\/en\/product\/sasaki-pallopumpun-pehmentaja\/","title":{"rendered":"Sasaki ball pump's grease"},"content":{"rendered":"<h3><strong>Sasaki pallopumpun pehment\u00e4j\u00e4 \u2013 Varmista voimistelupallosi pitk\u00e4ik\u00e4isyys ja suorituskyky<\/strong><\/h3>\n<p>&nbsp;<\/p>\n<p>Pumpun pehment\u00e4j\u00e4 eli pehment\u00e4v\u00e4 geeli on suunniteltu erityisesti voimistelupallojen suojaamiseen ilmanpumppauksen aikana. T\u00e4m\u00e4 k\u00e4tev\u00e4 aine est\u00e4\u00e4 pumpun neulaa vahingoittamasta pallon venttiili\u00e4, mik\u00e4 auttaa pit\u00e4m\u00e4\u00e4n pallon pinnan ja rakenteen hyv\u00e4ss\u00e4 kunnossa pidemp\u00e4\u00e4n, my\u00f6s intensiivisess\u00e4 k\u00e4yt\u00f6ss\u00e4.<\/p>\n<p>Pehment\u00e4j\u00e4 levitet\u00e4\u00e4n pumpun neulaan ennen k\u00e4ytt\u00f6\u00e4, jolloin se v\u00e4hent\u00e4\u00e4 kitkaa ja ehk\u00e4isee mahdollisia vaurioita. T\u00e4m\u00e4 pieni mutta t\u00e4rke\u00e4 lis\u00e4varuste on erinomainen apu kaikille, jotka haluavat huolehtia voimisteluv\u00e4lineidens\u00e4 pitk\u00e4ik\u00e4isyydest\u00e4 ja suorituskyvyst\u00e4.<\/p>\n<p>Vaikka pehment\u00e4j\u00e4 on suunniteltu erityisesti <a href=\"https:\/\/www.stella-sisu.fi\/en\/product\/sasaki-pallopumppu\/\">Sasakin pallopumppuja<\/a> ja palloja varten, se sopii erinomaisesti my\u00f6s muiden merkkien pumppuihin ja palloihin, tehden siit\u00e4 monik\u00e4ytt\u00f6isen ja k\u00e4yt\u00e4nn\u00f6llisen lis\u00e4varusteen kaikille voimistelijoille ja valmentajille.<\/p>\n<p>Suojaa pallosi ja varmista sen optimaalinen suorituskyky jokaisessa harjoituksessa ja kilpailussa.<\/p>","protected":false},"excerpt":{"rendered":"<p>Pumpun pehment\u00e4j\u00e4 \u2013 Varmista voimistelupallosi pitk\u00e4ik\u00e4isyys ja suorituskyky.<\/p>","protected":false},"featured_media":2942,"template":"","meta":{"_uag_custom_page_level_css":"","site-sidebar-layout":"default","site-content-layout":"","ast-site-content-layout":"default","site-content-style":"default","site-sidebar-style":"default","ast-global-header-display":"","ast-banner-title-visibility":"","ast-main-header-display":"","ast-hfb-above-header-display":"","ast-hfb-below-header-display":"","ast-hfb-mobile-header-display":"","site-post-title":"","ast-breadcrumbs-content":"","ast-featured-img":"","footer-sml-layout":"","ast-disable-related-posts":"","theme-transparent-header-meta":"default","adv-header-id-meta":"","stick-header-meta":"","header-above-stick-meta":"","header-main-stick-meta":"","header-below-stick-meta":"","astra-migrate-meta-layouts":"set","ast-page-background-enabled":"default","ast-page-background-meta":{"desktop":{"background-color":"var(--ast-global-color-5)","background-image":"","background-repeat":"repeat","background-position":"center center","background-size":"auto","background-attachment":"scroll","background-type":"","background-media":"","overlay-type":"","overlay-color":"","overlay-opacity":"","overlay-gradient":""},"tablet":{"background-color":"","background-image":"","background-repeat":"repeat","background-position":"center center","background-size":"auto","background-attachment":"scroll","background-type":"","background-media":"","overlay-type":"","overlay-color":"","overlay-opacity":"","overlay-gradient":""},"mobile":{"background-color":"","background-image":"","background-repeat":"repeat","background-position":"center center","background-size":"auto","background-attachment":"scroll","background-type":"","background-media":"","overlay-type":"","overlay-color":"","overlay-opacity":"","overlay-gradient":""}},"ast-content-background-meta":{"desktop":{"background-color":"var(--ast-global-color-4)","background-image":"","background-repeat":"repeat","background-position":"center center","background-size":"auto","background-attachment":"scroll","background-type":"","background-media":"","overlay-type":"","overlay-color":"","overlay-opacity":"","overlay-gradient":""},"tablet":{"background-color":"var(--ast-global-color-4)","background-image":"","background-repeat":"repeat","background-position":"center center","background-size":"auto","background-attachment":"scroll","background-type":"","background-media":"","overlay-type":"","overlay-color":"","overlay-opacity":"","overlay-gradient":""},"mobile":{"background-color":"var(--ast-global-color-4)","background-image":"","background-repeat":"repeat","background-position":"center center","background-size":"auto","background-attachment":"scroll","background-type":"","background-media":"","overlay-type":"","overlay-color":"","overlay-opacity":"","overlay-gradient":""}}},"product_brand":[26],"product_cat":[55,30],"product_tag":[66,36,218,120,43,52],"class_list":{"0":"post-1107","1":"product","2":"type-product","3":"status-publish","4":"has-post-thumbnail","6":"product_brand-sasaki","7":"product_cat-treeniasusteet","8":"product_cat-voimistelupallot","9":"product_tag-asusteet","10":"product_tag-rytminen-voimistelu","11":"product_tag-sasaki","12":"product_tag-voimistelu","13":"product_tag-voimistelupallo","14":"product_tag-voimisteluvalineet","15":"desktop-align-left","16":"tablet-align-left","17":"mobile-align-left","19":"first","20":"instock","21":"taxable","22":"shipping-taxable","23":"purchasable","24":"product-type-simple"},"supplier_id":4734,"supplier_sku":"","barcode":null,"atum_controlled":true,"out_stock_date":null,"out_stock_threshold":null,"inheritable":false,"inbound_stock":0,"stock_on_hold":0,"sold_today":0,"sales_last_days":0,"reserved_stock":0,"customer_returns":0,"warehouse_damage":0,"lost_in_post":0,"other_logs":0,"out_stock_days":0,"lost_sales":0,"has_location":false,"update_date":"2026-04-29T03:50:55","atum_locations":[],"atum_stock_status":"instock","restock_status":false,"low_stock_amount":"","sales_update_date":"2026-04-29T03:50:55","calc_backorders":null,"uagb_featured_image_src":{"full":["https:\/\/www.stella-sisu.fi\/wp-content\/uploads\/2025\/04\/m-746.webp",500,500,false],"thumbnail":["https:\/\/www.stella-sisu.fi\/wp-content\/uploads\/2025\/04\/m-746-150x150.jpg",150,150,true],"medium":["https:\/\/www.stella-sisu.fi\/wp-content\/uploads\/2025\/04\/m-746-300x300.jpg",300,300,true],"medium_large":["https:\/\/www.stella-sisu.fi\/wp-content\/uploads\/2025\/04\/m-746.webp",500,500,false],"large":["https:\/\/www.stella-sisu.fi\/wp-content\/uploads\/2025\/04\/m-746.webp",500,500,false],"1536x1536":["https:\/\/www.stella-sisu.fi\/wp-content\/uploads\/2025\/04\/m-746.webp",500,500,false],"2048x2048":["https:\/\/www.stella-sisu.fi\/wp-content\/uploads\/2025\/04\/m-746.webp",500,500,false],"trp-custom-language-flag":["https:\/\/www.stella-sisu.fi\/wp-content\/uploads\/2025\/04\/m-746.webp",12,12,false],"woocommerce_thumbnail":["https:\/\/www.stella-sisu.fi\/wp-content\/uploads\/2025\/04\/m-746-300x300.webp",300,300,true],"woocommerce_single":["https:\/\/www.stella-sisu.fi\/wp-content\/uploads\/2025\/04\/m-746.webp",500,500,false],"woocommerce_gallery_thumbnail":["https:\/\/www.stella-sisu.fi\/wp-content\/uploads\/2025\/04\/m-746-100x100.webp",100,100,true]},"uagb_author_info":{"display_name":"Stella Sisun Nadiia","author_link":"https:\/\/www.stella-sisu.fi\/en\/author\/"},"uagb_comment_info":0,"uagb_excerpt":"Pumpun pehment\u00e4j\u00e4 \u2013 Varmista voimistelupallosi pitk\u00e4ik\u00e4isyys ja suorituskyky.","_links":{"self":[{"href":"https:\/\/www.stella-sisu.fi\/en\/wp-json\/wp\/v2\/product\/1107","targetHints":{"allow":["GET"]}}],"collection":[{"href":"https:\/\/www.stella-sisu.fi\/en\/wp-json\/wp\/v2\/product"}],"about":[{"href":"https:\/\/www.stella-sisu.fi\/en\/wp-json\/wp\/v2\/types\/product"}],"wp:featuredmedia":[{"embeddable":true,"href":"https:\/\/www.stella-sisu.fi\/en\/wp-json\/wp\/v2\/media\/2942"}],"wp:attachment":[{"href":"https:\/\/www.stella-sisu.fi\/en\/wp-json\/wp\/v2\/media?parent=1107"}],"wp:term":[{"taxonomy":"product_brand","embeddable":true,"href":"https:\/\/www.stella-sisu.fi\/en\/wp-json\/wp\/v2\/product_brand?post=1107"},{"taxonomy":"product_cat","embeddable":true,"href":"https:\/\/www.stella-sisu.fi\/en\/wp-json\/wp\/v2\/product_cat?post=1107"},{"taxonomy":"product_tag","embeddable":true,"href":"https:\/\/www.stella-sisu.fi\/en\/wp-json\/wp\/v2\/product_tag?post=1107"}],"curies":[{"name":"wp","href":"https:\/\/api.w.org\/{rel}","templated":true}]}}