{"id":1091,"date":"2025-04-11T16:39:17","date_gmt":"2025-04-11T16:39:17","guid":{"rendered":"https:\/\/www.stella-sisu.fi\/index.php\/tuote\/chacott-yksivarinen-pallo-15-cm\/"},"modified":"2026-04-09T05:27:27","modified_gmt":"2026-04-09T05:27:27","slug":"chacott-yksivarinen-voimistelupallo-15-cm","status":"publish","type":"product","link":"https:\/\/www.stella-sisu.fi\/en\/product\/chacott-yksivarinen-voimistelupallo-15-cm\/","title":{"rendered":"Chacott single-colored gymnastic ball 15 cm"},"content":{"rendered":"<h3>Chacottin yksiv\u00e4rinen mattapintainen voimistelupallo on suunniteltu erityisesti pienille voimistelijoille ensimm\u00e4iseksi harjoitusv\u00e4lineeksi.<\/h3>\n<p>&nbsp;<\/p>\n<p>T\u00e4m\u00e4 15 cm halkaisijaltaan oleva pallo on kevyt ja helppo hallita, mik\u00e4 tekee siit\u00e4 ihanteellisen noin 5\u20138-vuotiaille lapsille, jotka haluavat kehitt\u00e4\u00e4 rytmisen voimistelun perustaitojaan.<\/p>\n<p>Pallon mattapinta takaa hyv\u00e4n pidon, ja se on t\u00e4ydellinen valinta harjoitteluun, mutta sill\u00e4 ei ole <a href=\"https:\/\/www.gymnastics.sport\/site\/\" rel=\"noopener\">FIG:n<\/a> merkint\u00e4\u00e4, joten se soveltuu ep\u00e4virallisiin kilpailuihin ja treeneihin. Sen yksinkertainen ja selke\u00e4 muotoilu auttaa lapsia keskittym\u00e4\u00e4n tekniikan oppimiseen ja liikkeiden kehitt\u00e4miseen.<\/p>\n<p><strong>Suositukset ja huolto:<\/strong><br \/>\nPident\u00e4\u00e4ksesi pallon ik\u00e4\u00e4, k\u00e4yt\u00e4 kuljetukseen <a href=\"https:\/\/www.stella-sisu.fi\/en\/product\/stella-sisu-pallopussi\/\">suojapussia<\/a>. Suosittelemme pumppaamiseen merkin <a href=\"https:\/\/www.stella-sisu.fi\/en\/product\/chacott-pallopumppu\/\">omaa pumppua<\/a> ja venttiili\u00e4 <a href=\"https:\/\/www.stella-sisu.fi\/en\/product\/sasaki-pallopumpun-pehmentaja\/\">suojaavaa geeli\u00e4<\/a> \u2013 n\u00e4in v\u00e4lt\u00e4t ilmavuodot ja optimoit pallon ominaisuudet.<\/p>\n<p>Lis\u00e4\u00e4 vinkkej\u00e4 keilojen valintaan l\u00f6yd\u00e4t\u00a0<a href=\"https:\/\/www.stella-sisu.fi\/en\/miten-valitaan-rytmisen-voimistelun-valineita-oikealla-tavalla\/\">blogistamme<\/a>.<\/p>\n<p><strong>Valmistajan takuu:<\/strong> 2 kuukautta valmistusvirheiden varalta.<\/p>","protected":false},"excerpt":{"rendered":"<p>Chacottin yksiv\u00e4rinen mattapintainen pallo on suunniteltu erityisesti pienille voimistelijoille ensimm\u00e4iseksi harjoitusv\u00e4lineeksi.<\/p>","protected":false},"featured_media":2286,"template":"","meta":{"_uag_custom_page_level_css":"","site-sidebar-layout":"default","site-content-layout":"","ast-site-content-layout":"default","site-content-style":"default","site-sidebar-style":"default","ast-global-header-display":"","ast-banner-title-visibility":"","ast-main-header-display":"","ast-hfb-above-header-display":"","ast-hfb-below-header-display":"","ast-hfb-mobile-header-display":"","site-post-title":"","ast-breadcrumbs-content":"","ast-featured-img":"","footer-sml-layout":"","ast-disable-related-posts":"","theme-transparent-header-meta":"default","adv-header-id-meta":"","stick-header-meta":"","header-above-stick-meta":"","header-main-stick-meta":"","header-below-stick-meta":"","astra-migrate-meta-layouts":"set","ast-page-background-enabled":"default","ast-page-background-meta":{"desktop":{"background-color":"var(--ast-global-color-5)","background-image":"","background-repeat":"repeat","background-position":"center center","background-size":"auto","background-attachment":"scroll","background-type":"","background-media":"","overlay-type":"","overlay-color":"","overlay-opacity":"","overlay-gradient":""},"tablet":{"background-color":"","background-image":"","background-repeat":"repeat","background-position":"center center","background-size":"auto","background-attachment":"scroll","background-type":"","background-media":"","overlay-type":"","overlay-color":"","overlay-opacity":"","overlay-gradient":""},"mobile":{"background-color":"","background-image":"","background-repeat":"repeat","background-position":"center center","background-size":"auto","background-attachment":"scroll","background-type":"","background-media":"","overlay-type":"","overlay-color":"","overlay-opacity":"","overlay-gradient":""}},"ast-content-background-meta":{"desktop":{"background-color":"var(--ast-global-color-4)","background-image":"","background-repeat":"repeat","background-position":"center center","background-size":"auto","background-attachment":"scroll","background-type":"","background-media":"","overlay-type":"","overlay-color":"","overlay-opacity":"","overlay-gradient":""},"tablet":{"background-color":"var(--ast-global-color-4)","background-image":"","background-repeat":"repeat","background-position":"center center","background-size":"auto","background-attachment":"scroll","background-type":"","background-media":"","overlay-type":"","overlay-color":"","overlay-opacity":"","overlay-gradient":""},"mobile":{"background-color":"var(--ast-global-color-4)","background-image":"","background-repeat":"repeat","background-position":"center center","background-size":"auto","background-attachment":"scroll","background-type":"","background-media":"","overlay-type":"","overlay-color":"","overlay-opacity":"","overlay-gradient":""}}},"product_brand":[27],"product_cat":[364,30],"product_tag":[42,77,36,43,52],"class_list":{"0":"post-1091","1":"product","2":"type-product","3":"status-publish","4":"has-post-thumbnail","6":"product_brand-chacott","7":"product_cat-alennukset","8":"product_cat-voimistelupallot","9":"product_tag-alennus","10":"product_tag-chacott","11":"product_tag-rytminen-voimistelu","12":"product_tag-voimistelupallo","13":"product_tag-voimisteluvalineet","14":"pa_vari-lime-green","15":"pa_vari-orange","16":"desktop-align-left","17":"tablet-align-left","18":"mobile-align-left","20":"first","21":"instock","22":"sale","23":"taxable","24":"shipping-taxable","25":"purchasable","26":"product-type-variable"},"supplier_id":null,"supplier_sku":"","barcode":null,"atum_controlled":true,"out_stock_date":null,"out_stock_threshold":null,"inheritable":true,"inbound_stock":0,"stock_on_hold":0,"sold_today":0,"sales_last_days":0,"reserved_stock":0,"customer_returns":0,"warehouse_damage":0,"lost_in_post":0,"other_logs":0,"out_stock_days":0,"lost_sales":0,"has_location":false,"update_date":"2026-04-29T03:50:55","atum_locations":[],"atum_stock_status":"instock","restock_status":false,"low_stock_amount":"","sales_update_date":"2026-04-29T03:50:55","calc_backorders":null,"uagb_featured_image_src":{"full":["https:\/\/www.stella-sisu.fi\/wp-content\/uploads\/2025\/05\/73.webp",1080,1080,false],"thumbnail":["https:\/\/www.stella-sisu.fi\/wp-content\/uploads\/2025\/05\/73-150x150.jpg",150,150,true],"medium":["https:\/\/www.stella-sisu.fi\/wp-content\/uploads\/2025\/05\/73-300x300.jpg",300,300,true],"medium_large":["https:\/\/www.stella-sisu.fi\/wp-content\/uploads\/2025\/05\/73-768x768.jpg",768,768,true],"large":["https:\/\/www.stella-sisu.fi\/wp-content\/uploads\/2025\/05\/73-1024x1024.jpg",1024,1024,true],"1536x1536":["https:\/\/www.stella-sisu.fi\/wp-content\/uploads\/2025\/05\/73.webp",1080,1080,false],"2048x2048":["https:\/\/www.stella-sisu.fi\/wp-content\/uploads\/2025\/05\/73.webp",1080,1080,false],"trp-custom-language-flag":["https:\/\/www.stella-sisu.fi\/wp-content\/uploads\/2025\/05\/73.webp",12,12,false],"woocommerce_thumbnail":["https:\/\/www.stella-sisu.fi\/wp-content\/uploads\/2025\/05\/73-300x300.webp",300,300,true],"woocommerce_single":["https:\/\/www.stella-sisu.fi\/wp-content\/uploads\/2025\/05\/73-600x600.webp",600,600,true],"woocommerce_gallery_thumbnail":["https:\/\/www.stella-sisu.fi\/wp-content\/uploads\/2025\/05\/73-100x100.webp",100,100,true]},"uagb_author_info":{"display_name":"Stella Sisun Nadiia","author_link":"https:\/\/www.stella-sisu.fi\/en\/author\/"},"uagb_comment_info":0,"uagb_excerpt":"Chacottin yksiv\u00e4rinen mattapintainen pallo on suunniteltu erityisesti pienille voimistelijoille ensimm\u00e4iseksi harjoitusv\u00e4lineeksi.","_links":{"self":[{"href":"https:\/\/www.stella-sisu.fi\/en\/wp-json\/wp\/v2\/product\/1091","targetHints":{"allow":["GET"]}}],"collection":[{"href":"https:\/\/www.stella-sisu.fi\/en\/wp-json\/wp\/v2\/product"}],"about":[{"href":"https:\/\/www.stella-sisu.fi\/en\/wp-json\/wp\/v2\/types\/product"}],"wp:featuredmedia":[{"embeddable":true,"href":"https:\/\/www.stella-sisu.fi\/en\/wp-json\/wp\/v2\/media\/2286"}],"wp:attachment":[{"href":"https:\/\/www.stella-sisu.fi\/en\/wp-json\/wp\/v2\/media?parent=1091"}],"wp:term":[{"taxonomy":"product_brand","embeddable":true,"href":"https:\/\/www.stella-sisu.fi\/en\/wp-json\/wp\/v2\/product_brand?post=1091"},{"taxonomy":"product_cat","embeddable":true,"href":"https:\/\/www.stella-sisu.fi\/en\/wp-json\/wp\/v2\/product_cat?post=1091"},{"taxonomy":"product_tag","embeddable":true,"href":"https:\/\/www.stella-sisu.fi\/en\/wp-json\/wp\/v2\/product_tag?post=1091"}],"curies":[{"name":"wp","href":"https:\/\/api.w.org\/{rel}","templated":true}]}}