{"id":1074,"date":"2025-04-11T16:39:13","date_gmt":"2025-04-11T16:39:13","guid":{"rendered":"https:\/\/www.stella-sisu.fi\/index.php\/tuote\/pastorelli-narupussi\/"},"modified":"2026-03-13T15:56:21","modified_gmt":"2026-03-13T15:56:21","slug":"pastorelli-narupussi","status":"publish","type":"product","link":"https:\/\/www.stella-sisu.fi\/en\/product\/pastorelli-narupussi\/","title":{"rendered":"Pastorelli rope bag"},"content":{"rendered":"<h3>Narupussi on suunniteltu erityisesti voimistelu narujen s\u00e4ilytykseen ja kuljettamiseen. Valmistettu vedenkest\u00e4v\u00e4st\u00e4 materiaalista, t\u00e4m\u00e4 pussi suojaa naruja kosteudelta ja kulumiselta, pit\u00e4en ne aina hyv\u00e4ss\u00e4 kunnossa.<\/h3>\n<p>&nbsp;<\/p>\n<p>Pussissa on k\u00e4tev\u00e4 vetoketju, joka varmistaa turvallisen sulkemisen, ja sen l\u00e4pin\u00e4kyv\u00e4 ikkuna mahdollistaa nopean tarkistuksen siit\u00e4, mik\u00e4 naru sinulla on mukana. T\u00e4m\u00e4 tekee siit\u00e4 t\u00e4ydellisen ratkaisun voimistelijoille, jotka haluavat pit\u00e4\u00e4 v\u00e4lineens\u00e4 j\u00e4rjestyksess\u00e4 ja helposti saatavilla.<\/p>\n<p>Narupussin kompakti koko, 21 cm x 14,5 cm, sopii t\u00e4ydellisesti treenikassiin tai varusteiden joukkoon, ja sen kevyt rakenne tekee siit\u00e4 helpon kantaa mukana miss\u00e4 tahansa.<\/p>\n<p>Suositus: S\u00e4ilyt\u00e4 ja kuljeta <a href=\"https:\/\/www.stella-sisu.fi\/en\/product-category\/voimisteluvalineet\/voimistelunarut\/\">voimistelunarusi<\/a> aina erityisess\u00e4 pussissa. N\u00e4in varmistat, ett\u00e4 narut pysyv\u00e4t ehjin\u00e4 ja k\u00e4ytt\u00f6valmiina, v\u00e4ltt\u00e4en tarpeettomat vauriot ja sotkeutumiset.<\/p>\n<p>T\u00e4m\u00e4 pussi on k\u00e4yt\u00e4nn\u00f6llinen ja kest\u00e4v\u00e4 lis\u00e4varuste, joka auttaa pit\u00e4m\u00e4\u00e4n voimisteluv\u00e4lineesi j\u00e4rjestyksess\u00e4. Tilaa omasi nyt ja varmista, ett\u00e4 narusi pysyv\u00e4t t\u00e4ydellisess\u00e4 kunnossa!<\/p>","protected":false},"excerpt":{"rendered":"<p>Pussi on suunniteltu erityisesti voimistelu narujen s\u00e4ilytykseen ja kuljettamiseen. Valmistettu vedenkest\u00e4v\u00e4st\u00e4 materiaalista.<\/p>","protected":false},"featured_media":2685,"template":"","meta":{"_uag_custom_page_level_css":"","site-sidebar-layout":"default","site-content-layout":"","ast-site-content-layout":"default","site-content-style":"default","site-sidebar-style":"default","ast-global-header-display":"","ast-banner-title-visibility":"","ast-main-header-display":"","ast-hfb-above-header-display":"","ast-hfb-below-header-display":"","ast-hfb-mobile-header-display":"","site-post-title":"","ast-breadcrumbs-content":"","ast-featured-img":"","footer-sml-layout":"","ast-disable-related-posts":"","theme-transparent-header-meta":"default","adv-header-id-meta":"","stick-header-meta":"","header-above-stick-meta":"","header-main-stick-meta":"","header-below-stick-meta":"","astra-migrate-meta-layouts":"set","ast-page-background-enabled":"default","ast-page-background-meta":{"desktop":{"background-color":"var(--ast-global-color-5)","background-image":"","background-repeat":"repeat","background-position":"center center","background-size":"auto","background-attachment":"scroll","background-type":"","background-media":"","overlay-type":"","overlay-color":"","overlay-opacity":"","overlay-gradient":""},"tablet":{"background-color":"","background-image":"","background-repeat":"repeat","background-position":"center center","background-size":"auto","background-attachment":"scroll","background-type":"","background-media":"","overlay-type":"","overlay-color":"","overlay-opacity":"","overlay-gradient":""},"mobile":{"background-color":"","background-image":"","background-repeat":"repeat","background-position":"center center","background-size":"auto","background-attachment":"scroll","background-type":"","background-media":"","overlay-type":"","overlay-color":"","overlay-opacity":"","overlay-gradient":""}},"ast-content-background-meta":{"desktop":{"background-color":"var(--ast-global-color-4)","background-image":"","background-repeat":"repeat","background-position":"center center","background-size":"auto","background-attachment":"scroll","background-type":"","background-media":"","overlay-type":"","overlay-color":"","overlay-opacity":"","overlay-gradient":""},"tablet":{"background-color":"var(--ast-global-color-4)","background-image":"","background-repeat":"repeat","background-position":"center center","background-size":"auto","background-attachment":"scroll","background-type":"","background-media":"","overlay-type":"","overlay-color":"","overlay-opacity":"","overlay-gradient":""},"mobile":{"background-color":"var(--ast-global-color-4)","background-image":"","background-repeat":"repeat","background-position":"center center","background-size":"auto","background-attachment":"scroll","background-type":"","background-media":"","overlay-type":"","overlay-color":"","overlay-opacity":"","overlay-gradient":""}}},"product_brand":[136],"product_cat":[55,53],"product_tag":[66,195,36,120,54,52],"class_list":{"0":"post-1074","1":"product","2":"type-product","3":"status-publish","4":"has-post-thumbnail","6":"product_brand-pastorelli","7":"product_cat-treeniasusteet","8":"product_cat-voimistelunarut","9":"product_tag-asusteet","10":"product_tag-pastorelli","11":"product_tag-rytminen-voimistelu","12":"product_tag-voimistelu","13":"product_tag-voimistelunaru","14":"product_tag-voimisteluvalineet","15":"pa_vari-aquamarine","16":"pa_vari-black","17":"pa_vari-blue","18":"pa_vari-english-lavender","19":"pa_vari-fuchsia","20":"pa_vari-light-blue","21":"pa_vari-lilac","22":"desktop-align-left","23":"tablet-align-left","24":"mobile-align-left","26":"first","27":"instock","28":"taxable","29":"shipping-taxable","30":"purchasable","31":"product-type-variable"},"supplier_id":null,"supplier_sku":"","barcode":null,"atum_controlled":true,"out_stock_date":null,"out_stock_threshold":null,"inheritable":true,"inbound_stock":0,"stock_on_hold":0,"sold_today":0,"sales_last_days":0,"reserved_stock":0,"customer_returns":0,"warehouse_damage":0,"lost_in_post":0,"other_logs":0,"out_stock_days":0,"lost_sales":0,"has_location":false,"update_date":"2026-04-29T03:50:45","atum_locations":[],"atum_stock_status":"instock","restock_status":false,"low_stock_amount":"","sales_update_date":"2026-04-29T03:50:45","calc_backorders":null,"uagb_featured_image_src":{"full":["https:\/\/www.stella-sisu.fi\/wp-content\/uploads\/2025\/04\/Stella-Sisu-products-7.webp",1080,1080,false],"thumbnail":["https:\/\/www.stella-sisu.fi\/wp-content\/uploads\/2025\/04\/Stella-Sisu-products-7-150x150.jpg",150,150,true],"medium":["https:\/\/www.stella-sisu.fi\/wp-content\/uploads\/2025\/04\/Stella-Sisu-products-7-300x300.jpg",300,300,true],"medium_large":["https:\/\/www.stella-sisu.fi\/wp-content\/uploads\/2025\/04\/Stella-Sisu-products-7-768x768.jpg",768,768,true],"large":["https:\/\/www.stella-sisu.fi\/wp-content\/uploads\/2025\/04\/Stella-Sisu-products-7-1024x1024.jpg",1024,1024,true],"1536x1536":["https:\/\/www.stella-sisu.fi\/wp-content\/uploads\/2025\/04\/Stella-Sisu-products-7.webp",1080,1080,false],"2048x2048":["https:\/\/www.stella-sisu.fi\/wp-content\/uploads\/2025\/04\/Stella-Sisu-products-7.webp",1080,1080,false],"trp-custom-language-flag":["https:\/\/www.stella-sisu.fi\/wp-content\/uploads\/2025\/04\/Stella-Sisu-products-7.webp",12,12,false],"woocommerce_thumbnail":["https:\/\/www.stella-sisu.fi\/wp-content\/uploads\/2025\/04\/Stella-Sisu-products-7-300x300.webp",300,300,true],"woocommerce_single":["https:\/\/www.stella-sisu.fi\/wp-content\/uploads\/2025\/04\/Stella-Sisu-products-7-600x600.webp",600,600,true],"woocommerce_gallery_thumbnail":["https:\/\/www.stella-sisu.fi\/wp-content\/uploads\/2025\/04\/Stella-Sisu-products-7-100x100.webp",100,100,true]},"uagb_author_info":{"display_name":"Stella Sisun Nadiia","author_link":"https:\/\/www.stella-sisu.fi\/en\/author\/"},"uagb_comment_info":0,"uagb_excerpt":"Pussi on suunniteltu erityisesti voimistelu narujen s\u00e4ilytykseen ja kuljettamiseen. Valmistettu vedenkest\u00e4v\u00e4st\u00e4 materiaalista.","_links":{"self":[{"href":"https:\/\/www.stella-sisu.fi\/en\/wp-json\/wp\/v2\/product\/1074","targetHints":{"allow":["GET"]}}],"collection":[{"href":"https:\/\/www.stella-sisu.fi\/en\/wp-json\/wp\/v2\/product"}],"about":[{"href":"https:\/\/www.stella-sisu.fi\/en\/wp-json\/wp\/v2\/types\/product"}],"wp:featuredmedia":[{"embeddable":true,"href":"https:\/\/www.stella-sisu.fi\/en\/wp-json\/wp\/v2\/media\/2685"}],"wp:attachment":[{"href":"https:\/\/www.stella-sisu.fi\/en\/wp-json\/wp\/v2\/media?parent=1074"}],"wp:term":[{"taxonomy":"product_brand","embeddable":true,"href":"https:\/\/www.stella-sisu.fi\/en\/wp-json\/wp\/v2\/product_brand?post=1074"},{"taxonomy":"product_cat","embeddable":true,"href":"https:\/\/www.stella-sisu.fi\/en\/wp-json\/wp\/v2\/product_cat?post=1074"},{"taxonomy":"product_tag","embeddable":true,"href":"https:\/\/www.stella-sisu.fi\/en\/wp-json\/wp\/v2\/product_tag?post=1074"}],"curies":[{"name":"wp","href":"https:\/\/api.w.org\/{rel}","templated":true}]}}