{"id":1073,"date":"2025-04-11T16:39:13","date_gmt":"2025-04-11T16:39:13","guid":{"rendered":"https:\/\/www.stella-sisu.fi\/index.php\/tuote\/pastorelli-keilateippi\/"},"modified":"2026-04-21T16:17:47","modified_gmt":"2026-04-21T16:17:47","slug":"pastorelli-keilateippi","status":"publish","type":"product","link":"https:\/\/www.stella-sisu.fi\/en\/product\/pastorelli-keilateippi\/","title":{"rendered":"Pastorelli club tape"},"content":{"rendered":"<h3>Pastorelli keilateippi on t\u00e4ydellinen lis\u00e4varuste rytmisen voimistelun keiloille, joka parantaa pitoa ja suojaa keilojen pienemp\u00e4\u00e4 p\u00e4\u00e4t\u00e4 kulumiselta.<\/h3>\n<p>&nbsp;<\/p>\n<p>Teippi on pehme\u00e4\u00e4, mik\u00e4 lis\u00e4\u00e4 k\u00e4ytt\u00f6mukavuutta ja varmistaa, ett\u00e4 keilat pysyv\u00e4t tukevasti k\u00e4siss\u00e4 my\u00f6s intensiivisten liikkeiden aikana.<\/p>\n<p>Teippi est\u00e4\u00e4 keiloja luiskahtamasta k\u00e4sist\u00e4, mik\u00e4 tekee liikkeist\u00e4 tarkempia ja varmoja. Saatavilla on useita eri v\u00e4rivaihtoehtoja, joten voit valita tyylisi ja kilpailuasusi kanssa sopivan s\u00e4vyn. V\u00e4rivaihtoehdot tuovat mahdollisuuden my\u00f6s yksil\u00f6id\u00e4 keilat omann\u00e4k\u00f6isiksi.<\/p>\n<p><strong>Product details:<\/strong><\/p>\n<ul>\n<li>Pituus: 5,40 m<\/li>\n<li>Leveys: 1,2 cm<\/li>\n<\/ul>\n<p>Teippi on helppo kiinnitt\u00e4\u00e4 keiloihin ja pysyy paikallaan harjoitusten ja kilpailujen aikana. Pehme\u00e4 materiaali suojaa keilojen pintaa tehokkaasti ja v\u00e4hent\u00e4\u00e4 iskuista aiheutuvaa kulumista, erityisesti keilan pienemm\u00e4ss\u00e4 p\u00e4\u00e4ss\u00e4.<\/p>","protected":false},"excerpt":{"rendered":"<p>Teippi on t\u00e4ydellinen lis\u00e4varuste rytmisen voimistelun keiloille, joka parantaa pitoa ja suojaa keilojen pienemp\u00e4\u00e4 p\u00e4\u00e4t\u00e4 kulumiselta.<\/p>","protected":false},"featured_media":2648,"template":"","meta":{"_uag_custom_page_level_css":"","site-sidebar-layout":"default","site-content-layout":"","ast-site-content-layout":"default","site-content-style":"default","site-sidebar-style":"default","ast-global-header-display":"","ast-banner-title-visibility":"","ast-main-header-display":"","ast-hfb-above-header-display":"","ast-hfb-below-header-display":"","ast-hfb-mobile-header-display":"","site-post-title":"","ast-breadcrumbs-content":"","ast-featured-img":"","footer-sml-layout":"","ast-disable-related-posts":"","theme-transparent-header-meta":"default","adv-header-id-meta":"","stick-header-meta":"","header-above-stick-meta":"","header-main-stick-meta":"","header-below-stick-meta":"","astra-migrate-meta-layouts":"set","ast-page-background-enabled":"default","ast-page-background-meta":{"desktop":{"background-color":"var(--ast-global-color-5)","background-image":"","background-repeat":"repeat","background-position":"center center","background-size":"auto","background-attachment":"scroll","background-type":"","background-media":"","overlay-type":"","overlay-color":"","overlay-opacity":"","overlay-gradient":""},"tablet":{"background-color":"","background-image":"","background-repeat":"repeat","background-position":"center center","background-size":"auto","background-attachment":"scroll","background-type":"","background-media":"","overlay-type":"","overlay-color":"","overlay-opacity":"","overlay-gradient":""},"mobile":{"background-color":"","background-image":"","background-repeat":"repeat","background-position":"center center","background-size":"auto","background-attachment":"scroll","background-type":"","background-media":"","overlay-type":"","overlay-color":"","overlay-opacity":"","overlay-gradient":""}},"ast-content-background-meta":{"desktop":{"background-color":"var(--ast-global-color-4)","background-image":"","background-repeat":"repeat","background-position":"center center","background-size":"auto","background-attachment":"scroll","background-type":"","background-media":"","overlay-type":"","overlay-color":"","overlay-opacity":"","overlay-gradient":""},"tablet":{"background-color":"var(--ast-global-color-4)","background-image":"","background-repeat":"repeat","background-position":"center center","background-size":"auto","background-attachment":"scroll","background-type":"","background-media":"","overlay-type":"","overlay-color":"","overlay-opacity":"","overlay-gradient":""},"mobile":{"background-color":"var(--ast-global-color-4)","background-image":"","background-repeat":"repeat","background-position":"center center","background-size":"auto","background-attachment":"scroll","background-type":"","background-media":"","overlay-type":"","overlay-color":"","overlay-opacity":"","overlay-gradient":""}}},"product_brand":[136],"product_cat":[55,49],"product_tag":[66,51,195,36,120,50,52],"class_list":{"0":"post-1073","1":"product","2":"type-product","3":"status-publish","4":"has-post-thumbnail","6":"product_brand-pastorelli","7":"product_cat-treeniasusteet","8":"product_cat-voimistelukeilat","9":"product_tag-asusteet","10":"product_tag-keilat","11":"product_tag-pastorelli","12":"product_tag-rytminen-voimistelu","13":"product_tag-voimistelu","14":"product_tag-voimistelukeilat","15":"product_tag-voimisteluvalineet","16":"pa_vari-black","17":"pa_vari-blue","18":"pa_vari-green","19":"pa_vari-orange","20":"pa_vari-pink","21":"pa_vari-violet","22":"pa_vari-white","23":"pa_vari-yellow","24":"desktop-align-left","25":"tablet-align-left","26":"mobile-align-left","28":"first","29":"instock","30":"taxable","31":"shipping-taxable","32":"purchasable","33":"product-type-variable"},"supplier_id":null,"supplier_sku":"","barcode":null,"atum_controlled":true,"out_stock_date":null,"out_stock_threshold":null,"inheritable":true,"inbound_stock":0,"stock_on_hold":0,"sold_today":0,"sales_last_days":0,"reserved_stock":0,"customer_returns":0,"warehouse_damage":0,"lost_in_post":0,"other_logs":0,"out_stock_days":0,"lost_sales":0,"has_location":false,"update_date":"2026-04-29T03:50:45","atum_locations":[],"atum_stock_status":"instock","restock_status":false,"low_stock_amount":"","sales_update_date":"2026-04-29T03:50:45","calc_backorders":null,"uagb_featured_image_src":{"full":["https:\/\/www.stella-sisu.fi\/wp-content\/uploads\/2025\/04\/Stella-Sisu-products-4.webp",1080,1080,false],"thumbnail":["https:\/\/www.stella-sisu.fi\/wp-content\/uploads\/2025\/04\/Stella-Sisu-products-4-150x150.jpg",150,150,true],"medium":["https:\/\/www.stella-sisu.fi\/wp-content\/uploads\/2025\/04\/Stella-Sisu-products-4-300x300.jpg",300,300,true],"medium_large":["https:\/\/www.stella-sisu.fi\/wp-content\/uploads\/2025\/04\/Stella-Sisu-products-4-768x768.jpg",768,768,true],"large":["https:\/\/www.stella-sisu.fi\/wp-content\/uploads\/2025\/04\/Stella-Sisu-products-4-1024x1024.jpg",1024,1024,true],"1536x1536":["https:\/\/www.stella-sisu.fi\/wp-content\/uploads\/2025\/04\/Stella-Sisu-products-4.webp",1080,1080,false],"2048x2048":["https:\/\/www.stella-sisu.fi\/wp-content\/uploads\/2025\/04\/Stella-Sisu-products-4.webp",1080,1080,false],"trp-custom-language-flag":["https:\/\/www.stella-sisu.fi\/wp-content\/uploads\/2025\/04\/Stella-Sisu-products-4.webp",12,12,false],"woocommerce_thumbnail":["https:\/\/www.stella-sisu.fi\/wp-content\/uploads\/2025\/04\/Stella-Sisu-products-4-300x300.webp",300,300,true],"woocommerce_single":["https:\/\/www.stella-sisu.fi\/wp-content\/uploads\/2025\/04\/Stella-Sisu-products-4-600x600.webp",600,600,true],"woocommerce_gallery_thumbnail":["https:\/\/www.stella-sisu.fi\/wp-content\/uploads\/2025\/04\/Stella-Sisu-products-4-100x100.webp",100,100,true]},"uagb_author_info":{"display_name":"Stella Sisun Nadiia","author_link":"https:\/\/www.stella-sisu.fi\/en\/author\/"},"uagb_comment_info":0,"uagb_excerpt":"Teippi on t\u00e4ydellinen lis\u00e4varuste rytmisen voimistelun keiloille, joka parantaa pitoa ja suojaa keilojen pienemp\u00e4\u00e4 p\u00e4\u00e4t\u00e4 kulumiselta.","_links":{"self":[{"href":"https:\/\/www.stella-sisu.fi\/en\/wp-json\/wp\/v2\/product\/1073","targetHints":{"allow":["GET"]}}],"collection":[{"href":"https:\/\/www.stella-sisu.fi\/en\/wp-json\/wp\/v2\/product"}],"about":[{"href":"https:\/\/www.stella-sisu.fi\/en\/wp-json\/wp\/v2\/types\/product"}],"wp:featuredmedia":[{"embeddable":true,"href":"https:\/\/www.stella-sisu.fi\/en\/wp-json\/wp\/v2\/media\/2648"}],"wp:attachment":[{"href":"https:\/\/www.stella-sisu.fi\/en\/wp-json\/wp\/v2\/media?parent=1073"}],"wp:term":[{"taxonomy":"product_brand","embeddable":true,"href":"https:\/\/www.stella-sisu.fi\/en\/wp-json\/wp\/v2\/product_brand?post=1073"},{"taxonomy":"product_cat","embeddable":true,"href":"https:\/\/www.stella-sisu.fi\/en\/wp-json\/wp\/v2\/product_cat?post=1073"},{"taxonomy":"product_tag","embeddable":true,"href":"https:\/\/www.stella-sisu.fi\/en\/wp-json\/wp\/v2\/product_tag?post=1073"}],"curies":[{"name":"wp","href":"https:\/\/api.w.org\/{rel}","templated":true}]}}