{"id":1062,"date":"2025-04-11T16:39:11","date_gmt":"2025-04-11T16:39:11","guid":{"rendered":"https:\/\/www.stella-sisu.fi\/index.php\/tuote\/chacott-jewelry-pallo-17-cm\/"},"modified":"2026-04-09T05:29:22","modified_gmt":"2026-04-09T05:29:22","slug":"chacott-jewelry-voimistelupallo-17-cm","status":"publish","type":"product","link":"https:\/\/www.stella-sisu.fi\/en\/product\/chacott-jewelry-voimistelupallo-17-cm\/","title":{"rendered":"Chacott Jewelry gymnastic ball 17 cm"},"content":{"rendered":"<h3>Chacott Jewelry voimistelupallo on osa upeaa Jewelry-mallistoa, joka tuo s\u00e4ihkett\u00e4 ja tyyli\u00e4 nuorille voimistelijoille.<\/h3>\n<p>&nbsp;<\/p>\n<p>T\u00e4m\u00e4 halkaisijaltaan 17 cm pallo sopii erityisesti alle 9-vuotiaille voimistelijoille, jotka ovat vasta aloittamassa rytmisen voimistelun taitojen kehitt\u00e4mist\u00e4. Pallon kaunis ulkon\u00e4k\u00f6 ja kimalteleva pinta tekev\u00e4t siit\u00e4 innostavan valinnan harjoituksiin.<\/p>\n<p>Pallolla ei ole <a href=\"https:\/\/www.gymnastics.sport\/site\/\" rel=\"noopener\">FIG:n<\/a> merkint\u00e4\u00e4, joten se soveltuu parhaiten harjoitusk\u00e4ytt\u00f6\u00f6n. Pallon kevyt ja tasapainoinen rakenne tarjoaa nuorille voimistelijoille helpon k\u00e4sitelt\u00e4vyyden, mik\u00e4 tukee oppimista ja suoritustarkkuutta.<\/p>\n<p><strong>Suositukset ja huolto:<\/strong><br \/>\nPident\u00e4\u00e4ksesi pallon ik\u00e4\u00e4, k\u00e4yt\u00e4 kuljetukseen <a href=\"https:\/\/www.stella-sisu.fi\/en\/product\/stella-sisu-pallopussi\/\">suojapussia<\/a>. Suosittelemme pumppaamiseen merkin <a href=\"https:\/\/www.stella-sisu.fi\/en\/product\/chacott-pallopumppu\/\">omaa pumppua<\/a> ja venttiili\u00e4 <a href=\"https:\/\/www.stella-sisu.fi\/en\/product\/sasaki-pallopumpun-pehmentaja\/\">suojaavaa geeli\u00e4<\/a> \u2013 n\u00e4in v\u00e4lt\u00e4t ilmavuodot ja optimoit pallon ominaisuudet.<\/p>\n<p><strong>Valmistajan takuu:<\/strong> 2 kuukautta<\/p>","protected":false},"excerpt":{"rendered":"<p>Jewelry pallo on osa upeaa mallistoa, joka tuo s\u00e4ihkett\u00e4 ja tyyli\u00e4 nuorille voimistelijoille. T\u00e4m\u00e4 halkaisijaltaan 17 cm pallo sopii erityisesti alle 9-vuotiaille voimistelijoille, jotka ovat vasta aloittamassa rytmisen voimistelun taitojen kehitt\u00e4mist\u00e4. Pallon kaunis ulkon\u00e4k\u00f6 ja kimalteleva pinta tekev\u00e4t siit\u00e4 innostavan valinnan harjoituksiin.<\/p>","protected":false},"featured_media":2137,"template":"","meta":{"_uag_custom_page_level_css":"","site-sidebar-layout":"default","site-content-layout":"","ast-site-content-layout":"default","site-content-style":"default","site-sidebar-style":"default","ast-global-header-display":"","ast-banner-title-visibility":"","ast-main-header-display":"","ast-hfb-above-header-display":"","ast-hfb-below-header-display":"","ast-hfb-mobile-header-display":"","site-post-title":"","ast-breadcrumbs-content":"","ast-featured-img":"","footer-sml-layout":"","ast-disable-related-posts":"","theme-transparent-header-meta":"default","adv-header-id-meta":"","stick-header-meta":"","header-above-stick-meta":"","header-main-stick-meta":"","header-below-stick-meta":"","astra-migrate-meta-layouts":"set","ast-page-background-enabled":"default","ast-page-background-meta":{"desktop":{"background-color":"var(--ast-global-color-5)","background-image":"","background-repeat":"repeat","background-position":"center center","background-size":"auto","background-attachment":"scroll","background-type":"","background-media":"","overlay-type":"","overlay-color":"","overlay-opacity":"","overlay-gradient":""},"tablet":{"background-color":"","background-image":"","background-repeat":"repeat","background-position":"center center","background-size":"auto","background-attachment":"scroll","background-type":"","background-media":"","overlay-type":"","overlay-color":"","overlay-opacity":"","overlay-gradient":""},"mobile":{"background-color":"","background-image":"","background-repeat":"repeat","background-position":"center center","background-size":"auto","background-attachment":"scroll","background-type":"","background-media":"","overlay-type":"","overlay-color":"","overlay-opacity":"","overlay-gradient":""}},"ast-content-background-meta":{"desktop":{"background-color":"var(--ast-global-color-4)","background-image":"","background-repeat":"repeat","background-position":"center center","background-size":"auto","background-attachment":"scroll","background-type":"","background-media":"","overlay-type":"","overlay-color":"","overlay-opacity":"","overlay-gradient":""},"tablet":{"background-color":"var(--ast-global-color-4)","background-image":"","background-repeat":"repeat","background-position":"center center","background-size":"auto","background-attachment":"scroll","background-type":"","background-media":"","overlay-type":"","overlay-color":"","overlay-opacity":"","overlay-gradient":""},"mobile":{"background-color":"var(--ast-global-color-4)","background-image":"","background-repeat":"repeat","background-position":"center center","background-size":"auto","background-attachment":"scroll","background-type":"","background-media":"","overlay-type":"","overlay-color":"","overlay-opacity":"","overlay-gradient":""}}},"product_brand":[27],"product_cat":[30],"product_tag":[77,36,43,52],"class_list":{"0":"post-1062","1":"product","2":"type-product","3":"status-publish","4":"has-post-thumbnail","6":"product_brand-chacott","7":"product_cat-voimistelupallot","8":"product_tag-chacott","9":"product_tag-rytminen-voimistelu","10":"product_tag-voimistelupallo","11":"product_tag-voimisteluvalineet","12":"pa_vari-gold","13":"pa_vari-silver","14":"desktop-align-left","15":"tablet-align-left","16":"mobile-align-left","18":"first","19":"instock","20":"taxable","21":"shipping-taxable","22":"purchasable","23":"product-type-variable"},"supplier_id":null,"supplier_sku":"","barcode":null,"atum_controlled":true,"out_stock_date":null,"out_stock_threshold":null,"inheritable":true,"inbound_stock":0,"stock_on_hold":0,"sold_today":0,"sales_last_days":0,"reserved_stock":0,"customer_returns":0,"warehouse_damage":0,"lost_in_post":0,"other_logs":0,"out_stock_days":0,"lost_sales":0,"has_location":false,"update_date":"2026-04-29T03:50:55","atum_locations":[],"atum_stock_status":"instock","restock_status":false,"low_stock_amount":"","sales_update_date":"2026-04-29T03:50:55","calc_backorders":null,"uagb_featured_image_src":{"full":["https:\/\/www.stella-sisu.fi\/wp-content\/uploads\/2025\/04\/15.webp",1080,1080,false],"thumbnail":["https:\/\/www.stella-sisu.fi\/wp-content\/uploads\/2025\/04\/15-150x150.jpg",150,150,true],"medium":["https:\/\/www.stella-sisu.fi\/wp-content\/uploads\/2025\/04\/15-300x300.jpg",300,300,true],"medium_large":["https:\/\/www.stella-sisu.fi\/wp-content\/uploads\/2025\/04\/15-768x768.jpg",768,768,true],"large":["https:\/\/www.stella-sisu.fi\/wp-content\/uploads\/2025\/04\/15-1024x1024.jpg",1024,1024,true],"1536x1536":["https:\/\/www.stella-sisu.fi\/wp-content\/uploads\/2025\/04\/15.webp",1080,1080,false],"2048x2048":["https:\/\/www.stella-sisu.fi\/wp-content\/uploads\/2025\/04\/15.webp",1080,1080,false],"trp-custom-language-flag":["https:\/\/www.stella-sisu.fi\/wp-content\/uploads\/2025\/04\/15.webp",12,12,false],"woocommerce_thumbnail":["https:\/\/www.stella-sisu.fi\/wp-content\/uploads\/2025\/04\/15-300x300.webp",300,300,true],"woocommerce_single":["https:\/\/www.stella-sisu.fi\/wp-content\/uploads\/2025\/04\/15-600x600.webp",600,600,true],"woocommerce_gallery_thumbnail":["https:\/\/www.stella-sisu.fi\/wp-content\/uploads\/2025\/04\/15-100x100.webp",100,100,true]},"uagb_author_info":{"display_name":"Stella Sisun Nadiia","author_link":"https:\/\/www.stella-sisu.fi\/en\/author\/"},"uagb_comment_info":0,"uagb_excerpt":"Jewelry pallo on osa upeaa mallistoa, joka tuo s\u00e4ihkett\u00e4 ja tyyli\u00e4 nuorille voimistelijoille. T\u00e4m\u00e4 halkaisijaltaan 17 cm pallo sopii erityisesti alle 9-vuotiaille voimistelijoille, jotka ovat vasta aloittamassa rytmisen voimistelun taitojen kehitt\u00e4mist\u00e4. Pallon kaunis ulkon\u00e4k\u00f6 ja kimalteleva pinta tekev\u00e4t siit\u00e4 innostavan valinnan harjoituksiin.","_links":{"self":[{"href":"https:\/\/www.stella-sisu.fi\/en\/wp-json\/wp\/v2\/product\/1062","targetHints":{"allow":["GET"]}}],"collection":[{"href":"https:\/\/www.stella-sisu.fi\/en\/wp-json\/wp\/v2\/product"}],"about":[{"href":"https:\/\/www.stella-sisu.fi\/en\/wp-json\/wp\/v2\/types\/product"}],"wp:featuredmedia":[{"embeddable":true,"href":"https:\/\/www.stella-sisu.fi\/en\/wp-json\/wp\/v2\/media\/2137"}],"wp:attachment":[{"href":"https:\/\/www.stella-sisu.fi\/en\/wp-json\/wp\/v2\/media?parent=1062"}],"wp:term":[{"taxonomy":"product_brand","embeddable":true,"href":"https:\/\/www.stella-sisu.fi\/en\/wp-json\/wp\/v2\/product_brand?post=1062"},{"taxonomy":"product_cat","embeddable":true,"href":"https:\/\/www.stella-sisu.fi\/en\/wp-json\/wp\/v2\/product_cat?post=1062"},{"taxonomy":"product_tag","embeddable":true,"href":"https:\/\/www.stella-sisu.fi\/en\/wp-json\/wp\/v2\/product_tag?post=1062"}],"curies":[{"name":"wp","href":"https:\/\/api.w.org\/{rel}","templated":true}]}}