{"id":1030,"date":"2025-04-11T16:39:04","date_gmt":"2025-04-11T16:39:04","guid":{"rendered":"https:\/\/www.stella-sisu.fi\/index.php\/tuote\/pastorelli-reppu\/"},"modified":"2026-02-14T11:07:00","modified_gmt":"2026-02-14T11:07:00","slug":"pastorelli-reppu","status":"publish","type":"product","link":"https:\/\/www.stella-sisu.fi\/en\/product\/pastorelli-reppu\/","title":{"rendered":"Pastorelli backpack"},"content":{"rendered":"<h3>Pastorelli Vanessa -reppu yhdist\u00e4\u00e4 tyylikkyyden ja k\u00e4yt\u00e4nn\u00f6llisyyden, tehden siit\u00e4 t\u00e4ydellisen valinnan treeneihin ja kilpailuihin.<\/h3>\n<p>&nbsp;<\/p>\n<p>T\u00e4m\u00e4 vedenkest\u00e4v\u00e4st\u00e4 ja vahvasta polyesterist\u00e4 valmistettu reppu suojaa varusteita s\u00e4\u00e4olosuhteilta ja kulutukselta, pit\u00e4en kaiken tarvittavan siistin\u00e4 ja turvassa.<\/p>\n<p>Reppu on saatavilla eri v\u00e4rivaihtoehdoissa, joten voit valita tyyliisi parhaiten sopivan version. Etupuolella on iso vetoketjullinen tasku, joka tarjoaa runsaasti tilaa pienemmille tavaroille, kuten puolitossuille, hiuskoristeille ja muille tarvikkeille. Vetoketju kulkee koko repun ymp\u00e4ri, joten sen voi avata kokonaan, mik\u00e4 helpottaa pakkaamista ja varusteiden j\u00e4rjestely\u00e4.<\/p>\n<p>Mukavat s\u00e4\u00e4dett\u00e4v\u00e4t olkahihnat ja pieni kantokahva tekev\u00e4t repusta k\u00e4yt\u00e4nn\u00f6llisen ja miellytt\u00e4v\u00e4n kantaa. Repun p\u00e4\u00e4llipuolella on kimalteleva Pastorelli-painatus, joka lis\u00e4\u00e4 reppuun ripauksen tyylikkyytt\u00e4.<\/p>","protected":false},"excerpt":{"rendered":"<p>Pastorelli Vanessa reppu yhdist\u00e4\u00e4 tyylikkyyden ja k\u00e4yt\u00e4nn\u00f6llisyyden, tehden siit\u00e4 t\u00e4ydellisen valinnan treeneihin ja kilpailuihin.<\/p>","protected":false},"featured_media":4391,"template":"","meta":{"_uag_custom_page_level_css":"","site-sidebar-layout":"default","site-content-layout":"","ast-site-content-layout":"default","site-content-style":"default","site-sidebar-style":"default","ast-global-header-display":"","ast-banner-title-visibility":"","ast-main-header-display":"","ast-hfb-above-header-display":"","ast-hfb-below-header-display":"","ast-hfb-mobile-header-display":"","site-post-title":"","ast-breadcrumbs-content":"","ast-featured-img":"","footer-sml-layout":"","ast-disable-related-posts":"","theme-transparent-header-meta":"default","adv-header-id-meta":"","stick-header-meta":"","header-above-stick-meta":"","header-main-stick-meta":"","header-below-stick-meta":"","astra-migrate-meta-layouts":"set","ast-page-background-enabled":"default","ast-page-background-meta":{"desktop":{"background-color":"var(--ast-global-color-5)","background-image":"","background-repeat":"repeat","background-position":"center center","background-size":"auto","background-attachment":"scroll","background-type":"","background-media":"","overlay-type":"","overlay-color":"","overlay-opacity":"","overlay-gradient":""},"tablet":{"background-color":"","background-image":"","background-repeat":"repeat","background-position":"center center","background-size":"auto","background-attachment":"scroll","background-type":"","background-media":"","overlay-type":"","overlay-color":"","overlay-opacity":"","overlay-gradient":""},"mobile":{"background-color":"","background-image":"","background-repeat":"repeat","background-position":"center center","background-size":"auto","background-attachment":"scroll","background-type":"","background-media":"","overlay-type":"","overlay-color":"","overlay-opacity":"","overlay-gradient":""}},"ast-content-background-meta":{"desktop":{"background-color":"var(--ast-global-color-4)","background-image":"","background-repeat":"repeat","background-position":"center center","background-size":"auto","background-attachment":"scroll","background-type":"","background-media":"","overlay-type":"","overlay-color":"","overlay-opacity":"","overlay-gradient":""},"tablet":{"background-color":"var(--ast-global-color-4)","background-image":"","background-repeat":"repeat","background-position":"center center","background-size":"auto","background-attachment":"scroll","background-type":"","background-media":"","overlay-type":"","overlay-color":"","overlay-opacity":"","overlay-gradient":""},"mobile":{"background-color":"var(--ast-global-color-4)","background-image":"","background-repeat":"repeat","background-position":"center center","background-size":"auto","background-attachment":"scroll","background-type":"","background-media":"","overlay-type":"","overlay-color":"","overlay-opacity":"","overlay-gradient":""}}},"product_brand":[136],"product_cat":[364,55],"product_tag":[42,66,195,36,69,148,120],"class_list":{"0":"post-1030","1":"product","2":"type-product","3":"status-publish","4":"has-post-thumbnail","6":"product_brand-pastorelli","7":"product_cat-alennukset","8":"product_cat-treeniasusteet","9":"product_tag-alennus","10":"product_tag-asusteet","11":"product_tag-pastorelli","12":"product_tag-rytminen-voimistelu","13":"product_tag-taitoluistelu","14":"product_tag-treeniasu","15":"product_tag-voimistelu","16":"pa_vari-black","17":"pa_vari-violet","18":"desktop-align-left","19":"tablet-align-left","20":"mobile-align-left","22":"first","23":"instock","24":"sale","25":"taxable","26":"shipping-taxable","27":"purchasable","28":"product-type-variable"},"supplier_id":null,"supplier_sku":"","barcode":null,"atum_controlled":true,"out_stock_date":null,"out_stock_threshold":null,"inheritable":true,"inbound_stock":0,"stock_on_hold":0,"sold_today":0,"sales_last_days":0,"reserved_stock":0,"customer_returns":0,"warehouse_damage":0,"lost_in_post":0,"other_logs":0,"out_stock_days":0,"lost_sales":0,"has_location":false,"update_date":"2026-04-29T03:50:55","atum_locations":[],"atum_stock_status":"instock","restock_status":false,"low_stock_amount":"","sales_update_date":"2026-04-29T03:50:55","calc_backorders":null,"uagb_featured_image_src":{"full":["https:\/\/www.stella-sisu.fi\/wp-content\/uploads\/2025\/05\/vanessa.webp",1200,1200,false],"thumbnail":["https:\/\/www.stella-sisu.fi\/wp-content\/uploads\/2025\/05\/vanessa-150x150.jpg",150,150,true],"medium":["https:\/\/www.stella-sisu.fi\/wp-content\/uploads\/2025\/05\/vanessa-300x300.jpg",300,300,true],"medium_large":["https:\/\/www.stella-sisu.fi\/wp-content\/uploads\/2025\/05\/vanessa-768x768.jpg",768,768,true],"large":["https:\/\/www.stella-sisu.fi\/wp-content\/uploads\/2025\/05\/vanessa-1024x1024.jpg",1024,1024,true],"1536x1536":["https:\/\/www.stella-sisu.fi\/wp-content\/uploads\/2025\/05\/vanessa.webp",1200,1200,false],"2048x2048":["https:\/\/www.stella-sisu.fi\/wp-content\/uploads\/2025\/05\/vanessa.webp",1200,1200,false],"trp-custom-language-flag":["https:\/\/www.stella-sisu.fi\/wp-content\/uploads\/2025\/05\/vanessa.webp",12,12,false],"woocommerce_thumbnail":["https:\/\/www.stella-sisu.fi\/wp-content\/uploads\/2025\/05\/vanessa-300x300.webp",300,300,true],"woocommerce_single":["https:\/\/www.stella-sisu.fi\/wp-content\/uploads\/2025\/05\/vanessa-600x600.webp",600,600,true],"woocommerce_gallery_thumbnail":["https:\/\/www.stella-sisu.fi\/wp-content\/uploads\/2025\/05\/vanessa-100x100.webp",100,100,true]},"uagb_author_info":{"display_name":"Stella Sisun Nadiia","author_link":"https:\/\/www.stella-sisu.fi\/en\/author\/"},"uagb_comment_info":0,"uagb_excerpt":"Pastorelli Vanessa reppu yhdist\u00e4\u00e4 tyylikkyyden ja k\u00e4yt\u00e4nn\u00f6llisyyden, tehden siit\u00e4 t\u00e4ydellisen valinnan treeneihin ja kilpailuihin.","_links":{"self":[{"href":"https:\/\/www.stella-sisu.fi\/en\/wp-json\/wp\/v2\/product\/1030","targetHints":{"allow":["GET"]}}],"collection":[{"href":"https:\/\/www.stella-sisu.fi\/en\/wp-json\/wp\/v2\/product"}],"about":[{"href":"https:\/\/www.stella-sisu.fi\/en\/wp-json\/wp\/v2\/types\/product"}],"wp:featuredmedia":[{"embeddable":true,"href":"https:\/\/www.stella-sisu.fi\/en\/wp-json\/wp\/v2\/media\/4391"}],"wp:attachment":[{"href":"https:\/\/www.stella-sisu.fi\/en\/wp-json\/wp\/v2\/media?parent=1030"}],"wp:term":[{"taxonomy":"product_brand","embeddable":true,"href":"https:\/\/www.stella-sisu.fi\/en\/wp-json\/wp\/v2\/product_brand?post=1030"},{"taxonomy":"product_cat","embeddable":true,"href":"https:\/\/www.stella-sisu.fi\/en\/wp-json\/wp\/v2\/product_cat?post=1030"},{"taxonomy":"product_tag","embeddable":true,"href":"https:\/\/www.stella-sisu.fi\/en\/wp-json\/wp\/v2\/product_tag?post=1030"}],"curies":[{"name":"wp","href":"https:\/\/api.w.org\/{rel}","templated":true}]}}