{"id":1023,"date":"2025-04-11T16:39:02","date_gmt":"2025-04-11T16:39:02","guid":{"rendered":"https:\/\/www.stella-sisu.fi\/index.php\/tuote\/pastorelli-avaimenpera\/"},"modified":"2026-02-14T10:55:18","modified_gmt":"2026-02-14T10:55:18","slug":"pastorelli-avaimenpera","status":"publish","type":"product","link":"https:\/\/www.stella-sisu.fi\/en\/product\/pastorelli-avaimenpera\/","title":{"rendered":"Pastorelli keychain"},"content":{"rendered":"<h3><strong>Pastorelli avaimenper\u00e4 \u2013 Tyylik\u00e4s ja uniikki lahja voimistelijoille<\/strong><\/h3>\n<p>&nbsp;<\/p>\n<p>T\u00e4m\u00e4 on t\u00e4ydellinen pieni lis\u00e4varuste, joka tuo iloa jokaisen voimistelijan arkeen. Jokainen asuste on varustettu hopeanv\u00e4risell\u00e4 metallisella kiinnityksell\u00e4, mik\u00e4 tekee siit\u00e4 kest\u00e4v\u00e4n ja helpon kiinnitt\u00e4\u00e4 avaimiin, treenilaukkuun tai reppuun.<\/p>\n<p><strong>Valikoimassamme on saatavilla useita upeita vaihtoehtoja:<\/strong><\/p>\n<ul>\n<li><strong>Liilat keilat<\/strong>, jotka ovat elegantti ja klassinen valinta.<\/li>\n<li><strong>Pinkki-liila kisapuku<\/strong>, joka on koristeltu s\u00e4ihkyvill\u00e4 strasseilla ja huokuu n\u00e4ytt\u00e4vyytt\u00e4.<\/li>\n<li><strong>Glitter-pallot<\/strong>, mustana ja sinisen\u00e4, jotka tuovat ripauksen kimallusta jokap\u00e4iv\u00e4iseen k\u00e4ytt\u00f6\u00f6n.<\/li>\n<li><strong>Kimalteleva voimistelutossu<\/strong>, joka korostaa voimistelun estetiikkaa ja intohimoa.<\/li>\n<\/ul>\n<p>N\u00e4m\u00e4 avaimenper\u00e4t eiv\u00e4t ole vain k\u00e4yt\u00e4nn\u00f6llisi\u00e4, vaan my\u00f6s kauniita ja yksityiskohtaisia, mik\u00e4 tekee niist\u00e4 <a href=\"https:\/\/www.stella-sisu.fi\/en\/top-5-lahjaa-voimistelijalle\/\">ihanteellisia lahjoja voimistelijoille ja heid\u00e4n tukijoukoilleen<\/a>. Valitse suosikkisi tai ker\u00e4\u00e4 koko sarja!<\/p>\n<p><strong>Tilaa nyt ja lis\u00e4\u00e4 treenivarusteisiisi ripaus kimallusta ja iloa!<\/strong><\/p>","protected":false},"excerpt":{"rendered":"<p>Tyylik\u00e4s ja uniikki lahja voimistelijoille. T\u00e4m\u00e4 on t\u00e4ydellinen pieni lis\u00e4varuste, joka tuo iloa jokaisen voimistelijan arkeen.<\/p>","protected":false},"featured_media":2596,"template":"","meta":{"_uag_custom_page_level_css":"","site-sidebar-layout":"default","site-content-layout":"","ast-site-content-layout":"default","site-content-style":"default","site-sidebar-style":"default","ast-global-header-display":"","ast-banner-title-visibility":"","ast-main-header-display":"","ast-hfb-above-header-display":"","ast-hfb-below-header-display":"","ast-hfb-mobile-header-display":"","site-post-title":"","ast-breadcrumbs-content":"","ast-featured-img":"","footer-sml-layout":"","ast-disable-related-posts":"","theme-transparent-header-meta":"default","adv-header-id-meta":"","stick-header-meta":"","header-above-stick-meta":"","header-main-stick-meta":"","header-below-stick-meta":"","astra-migrate-meta-layouts":"set","ast-page-background-enabled":"default","ast-page-background-meta":{"desktop":{"background-color":"var(--ast-global-color-5)","background-image":"","background-repeat":"repeat","background-position":"center center","background-size":"auto","background-attachment":"scroll","background-type":"","background-media":"","overlay-type":"","overlay-color":"","overlay-opacity":"","overlay-gradient":""},"tablet":{"background-color":"","background-image":"","background-repeat":"repeat","background-position":"center center","background-size":"auto","background-attachment":"scroll","background-type":"","background-media":"","overlay-type":"","overlay-color":"","overlay-opacity":"","overlay-gradient":""},"mobile":{"background-color":"","background-image":"","background-repeat":"repeat","background-position":"center center","background-size":"auto","background-attachment":"scroll","background-type":"","background-media":"","overlay-type":"","overlay-color":"","overlay-opacity":"","overlay-gradient":""}},"ast-content-background-meta":{"desktop":{"background-color":"var(--ast-global-color-4)","background-image":"","background-repeat":"repeat","background-position":"center center","background-size":"auto","background-attachment":"scroll","background-type":"","background-media":"","overlay-type":"","overlay-color":"","overlay-opacity":"","overlay-gradient":""},"tablet":{"background-color":"var(--ast-global-color-4)","background-image":"","background-repeat":"repeat","background-position":"center center","background-size":"auto","background-attachment":"scroll","background-type":"","background-media":"","overlay-type":"","overlay-color":"","overlay-opacity":"","overlay-gradient":""},"mobile":{"background-color":"var(--ast-global-color-4)","background-image":"","background-repeat":"repeat","background-position":"center center","background-size":"auto","background-attachment":"scroll","background-type":"","background-media":"","overlay-type":"","overlay-color":"","overlay-opacity":"","overlay-gradient":""}}},"product_brand":[136],"product_cat":[55],"product_tag":[66,161,195,36,120],"class_list":{"0":"post-1023","1":"product","2":"type-product","3":"status-publish","4":"has-post-thumbnail","6":"product_brand-pastorelli","7":"product_cat-treeniasusteet","8":"product_tag-asusteet","9":"product_tag-lahjaidea","10":"product_tag-pastorelli","11":"product_tag-rytminen-voimistelu","12":"product_tag-voimistelu","13":"desktop-align-left","14":"tablet-align-left","15":"mobile-align-left","17":"first","18":"instock","19":"taxable","20":"shipping-taxable","21":"purchasable","22":"product-type-variable"},"supplier_id":null,"supplier_sku":"","barcode":null,"atum_controlled":true,"out_stock_date":null,"out_stock_threshold":null,"inheritable":true,"inbound_stock":0,"stock_on_hold":0,"sold_today":0,"sales_last_days":0,"reserved_stock":0,"customer_returns":0,"warehouse_damage":0,"lost_in_post":0,"other_logs":0,"out_stock_days":0,"lost_sales":0,"has_location":false,"update_date":"2026-04-29T03:50:52","atum_locations":[],"atum_stock_status":"instock","restock_status":false,"low_stock_amount":"","sales_update_date":"2026-04-29T03:50:52","calc_backorders":null,"uagb_featured_image_src":{"full":["https:\/\/www.stella-sisu.fi\/wp-content\/uploads\/2025\/05\/98.webp",1080,1080,false],"thumbnail":["https:\/\/www.stella-sisu.fi\/wp-content\/uploads\/2025\/05\/98-150x150.jpg",150,150,true],"medium":["https:\/\/www.stella-sisu.fi\/wp-content\/uploads\/2025\/05\/98-300x300.jpg",300,300,true],"medium_large":["https:\/\/www.stella-sisu.fi\/wp-content\/uploads\/2025\/05\/98-768x768.jpg",768,768,true],"large":["https:\/\/www.stella-sisu.fi\/wp-content\/uploads\/2025\/05\/98-1024x1024.jpg",1024,1024,true],"1536x1536":["https:\/\/www.stella-sisu.fi\/wp-content\/uploads\/2025\/05\/98.webp",1080,1080,false],"2048x2048":["https:\/\/www.stella-sisu.fi\/wp-content\/uploads\/2025\/05\/98.webp",1080,1080,false],"trp-custom-language-flag":["https:\/\/www.stella-sisu.fi\/wp-content\/uploads\/2025\/05\/98.webp",12,12,false],"woocommerce_thumbnail":["https:\/\/www.stella-sisu.fi\/wp-content\/uploads\/2025\/05\/98-300x300.webp",300,300,true],"woocommerce_single":["https:\/\/www.stella-sisu.fi\/wp-content\/uploads\/2025\/05\/98-600x600.webp",600,600,true],"woocommerce_gallery_thumbnail":["https:\/\/www.stella-sisu.fi\/wp-content\/uploads\/2025\/05\/98-100x100.webp",100,100,true]},"uagb_author_info":{"display_name":"Stella Sisun Nadiia","author_link":"https:\/\/www.stella-sisu.fi\/en\/author\/"},"uagb_comment_info":0,"uagb_excerpt":"Tyylik\u00e4s ja uniikki lahja voimistelijoille. T\u00e4m\u00e4 on t\u00e4ydellinen pieni lis\u00e4varuste, joka tuo iloa jokaisen voimistelijan arkeen.","_links":{"self":[{"href":"https:\/\/www.stella-sisu.fi\/en\/wp-json\/wp\/v2\/product\/1023","targetHints":{"allow":["GET"]}}],"collection":[{"href":"https:\/\/www.stella-sisu.fi\/en\/wp-json\/wp\/v2\/product"}],"about":[{"href":"https:\/\/www.stella-sisu.fi\/en\/wp-json\/wp\/v2\/types\/product"}],"wp:featuredmedia":[{"embeddable":true,"href":"https:\/\/www.stella-sisu.fi\/en\/wp-json\/wp\/v2\/media\/2596"}],"wp:attachment":[{"href":"https:\/\/www.stella-sisu.fi\/en\/wp-json\/wp\/v2\/media?parent=1023"}],"wp:term":[{"taxonomy":"product_brand","embeddable":true,"href":"https:\/\/www.stella-sisu.fi\/en\/wp-json\/wp\/v2\/product_brand?post=1023"},{"taxonomy":"product_cat","embeddable":true,"href":"https:\/\/www.stella-sisu.fi\/en\/wp-json\/wp\/v2\/product_cat?post=1023"},{"taxonomy":"product_tag","embeddable":true,"href":"https:\/\/www.stella-sisu.fi\/en\/wp-json\/wp\/v2\/product_tag?post=1023"}],"curies":[{"name":"wp","href":"https:\/\/api.w.org\/{rel}","templated":true}]}}