{"id":1001,"date":"2025-04-11T16:38:57","date_gmt":"2025-04-11T16:38:57","guid":{"rendered":"https:\/\/www.stella-sisu.fi\/index.php\/tuote\/amaya-nauhakela\/"},"modified":"2026-02-09T11:29:54","modified_gmt":"2026-02-09T11:29:54","slug":"amaya-nauhakela","status":"publish","type":"product","link":"https:\/\/www.stella-sisu.fi\/en\/product\/amaya-nauhakela\/","title":{"rendered":"Amaya ribbon winder"},"content":{"rendered":"<h3>Amaya nauhakela on erinomainen valinta kaikille voimistelijoille, jotka haluavat pit\u00e4\u00e4 voimistelunauhansa siistin\u00e4, puhtaana ja silitettyn\u00e4.<\/h3>\n<p>&nbsp;<\/p>\n<p>T\u00e4m\u00e4 k\u00e4yt\u00e4nn\u00f6llinen v\u00e4line sopii kaikille nauhoille, joiden pituus on enint\u00e4\u00e4n 6 metri\u00e4, joten se on ihanteellinen sek\u00e4 harjoituksiin ett\u00e4 kilpailuihin.<\/p>\n<p>Nauhakelan avulla nauhan s\u00e4ilytys ja kuljetus on helppoa ja vaivatonta. Kelan k\u00e4ytt\u00f6 est\u00e4\u00e4 nauhaa rypistym\u00e4st\u00e4 ja likaantumasta, mik\u00e4 varmistaa, ett\u00e4 se pysyy hyv\u00e4ss\u00e4 kunnossa pidemp\u00e4\u00e4n. Lis\u00e4ksi nauhan rullaus kelalle tekee sen k\u00e4ytt\u00f6\u00f6notosta nopeaa ja sujuvaa, s\u00e4\u00e4st\u00e4en aikaa ja vaivaa.<\/p>\n<p>Nauhakela on paitsi k\u00e4yt\u00e4nn\u00f6llinen my\u00f6s edullinen ratkaisu voimistelunauhan s\u00e4ilytykseen ja kuljetukseen. Kompaktin kokonsa ansiosta kela mahtuu helposti treenilaukkuun, joten voit huolehtia nauhasi kunnosta miss\u00e4 ja milloin tahansa.<\/p>\n<p><strong>Huomio:<\/strong> Nauha ei sis\u00e4lly hintaan, vaan se on hankittava erikseen.<\/p>","protected":false},"excerpt":{"rendered":"<p>Nauhakela on erinomainen valinta kaikille voimistelijoille, jotka haluavat pit\u00e4\u00e4 voimistelunauhansa siistin\u00e4, puhtaana ja silitettyn\u00e4. T\u00e4m\u00e4 k\u00e4yt\u00e4nn\u00f6llinen v\u00e4line sopii kaikille nauhoille, joiden pituus on enint\u00e4\u00e4n 6 metri\u00e4, joten se on ihanteellinen sek\u00e4 harjoituksiin ett\u00e4 kilpailuihin.<\/p>\n<p>Nauhakelan avulla nauhan s\u00e4ilytys ja kuljetus on helppoa ja vaivatonta. Kelan k\u00e4ytt\u00f6 est\u00e4\u00e4 nauhaa rypistym\u00e4st\u00e4 ja likaantumasta, mik\u00e4 varmistaa, ett\u00e4 se pysyy hyv\u00e4ss\u00e4 kunnossa pidemp\u00e4\u00e4n. Lis\u00e4ksi nauhan rullaus kelalle tekee sen k\u00e4ytt\u00f6\u00f6notosta nopeaa ja sujuvaa, s\u00e4\u00e4st\u00e4en aikaa ja vaivaa.<\/p>","protected":false},"featured_media":4143,"template":"","meta":{"_uag_custom_page_level_css":"","site-sidebar-layout":"default","site-content-layout":"","ast-site-content-layout":"default","site-content-style":"default","site-sidebar-style":"default","ast-global-header-display":"","ast-banner-title-visibility":"","ast-main-header-display":"","ast-hfb-above-header-display":"","ast-hfb-below-header-display":"","ast-hfb-mobile-header-display":"","site-post-title":"","ast-breadcrumbs-content":"","ast-featured-img":"","footer-sml-layout":"","ast-disable-related-posts":"","theme-transparent-header-meta":"default","adv-header-id-meta":"","stick-header-meta":"","header-above-stick-meta":"","header-main-stick-meta":"","header-below-stick-meta":"","astra-migrate-meta-layouts":"set","ast-page-background-enabled":"default","ast-page-background-meta":{"desktop":{"background-color":"var(--ast-global-color-5)","background-image":"","background-repeat":"repeat","background-position":"center center","background-size":"auto","background-attachment":"scroll","background-type":"","background-media":"","overlay-type":"","overlay-color":"","overlay-opacity":"","overlay-gradient":""},"tablet":{"background-color":"","background-image":"","background-repeat":"repeat","background-position":"center center","background-size":"auto","background-attachment":"scroll","background-type":"","background-media":"","overlay-type":"","overlay-color":"","overlay-opacity":"","overlay-gradient":""},"mobile":{"background-color":"","background-image":"","background-repeat":"repeat","background-position":"center center","background-size":"auto","background-attachment":"scroll","background-type":"","background-media":"","overlay-type":"","overlay-color":"","overlay-opacity":"","overlay-gradient":""}},"ast-content-background-meta":{"desktop":{"background-color":"var(--ast-global-color-4)","background-image":"","background-repeat":"repeat","background-position":"center center","background-size":"auto","background-attachment":"scroll","background-type":"","background-media":"","overlay-type":"","overlay-color":"","overlay-opacity":"","overlay-gradient":""},"tablet":{"background-color":"var(--ast-global-color-4)","background-image":"","background-repeat":"repeat","background-position":"center center","background-size":"auto","background-attachment":"scroll","background-type":"","background-media":"","overlay-type":"","overlay-color":"","overlay-opacity":"","overlay-gradient":""},"mobile":{"background-color":"var(--ast-global-color-4)","background-image":"","background-repeat":"repeat","background-position":"center center","background-size":"auto","background-attachment":"scroll","background-type":"","background-media":"","overlay-type":"","overlay-color":"","overlay-opacity":"","overlay-gradient":""}}},"product_brand":[29],"product_cat":[55,56],"product_tag":[132,57,52],"class_list":{"0":"post-1001","1":"product","2":"type-product","3":"status-publish","4":"has-post-thumbnail","6":"product_brand-amaya","7":"product_cat-treeniasusteet","8":"product_cat-voimistelunauhat","9":"product_tag-amaya","10":"product_tag-voimistelunauha","11":"product_tag-voimisteluvalineet","12":"desktop-align-left","13":"tablet-align-left","14":"mobile-align-left","16":"first","17":"outofstock","18":"taxable","19":"shipping-taxable","20":"purchasable","21":"product-type-simple"},"supplier_id":5806,"supplier_sku":"","barcode":null,"atum_controlled":true,"out_stock_date":"2025-11-30 21:15:55","out_stock_threshold":null,"inheritable":false,"inbound_stock":0,"stock_on_hold":0,"sold_today":0,"sales_last_days":0,"reserved_stock":0,"customer_returns":0,"warehouse_damage":0,"lost_in_post":0,"other_logs":0,"out_stock_days":166,"lost_sales":377,"has_location":false,"update_date":"2026-05-16T00:05:34","atum_locations":[],"atum_stock_status":"outofstock","restock_status":false,"low_stock_amount":"","sales_update_date":"2026-05-16T00:05:34","calc_backorders":null,"uagb_featured_image_src":{"full":["https:\/\/www.stella-sisu.fi\/wp-content\/uploads\/2025\/04\/43-1.webp",1080,1080,false],"thumbnail":["https:\/\/www.stella-sisu.fi\/wp-content\/uploads\/2025\/04\/43-1-150x150.jpg",150,150,true],"medium":["https:\/\/www.stella-sisu.fi\/wp-content\/uploads\/2025\/04\/43-1-300x300.jpg",300,300,true],"medium_large":["https:\/\/www.stella-sisu.fi\/wp-content\/uploads\/2025\/04\/43-1-768x768.jpg",768,768,true],"large":["https:\/\/www.stella-sisu.fi\/wp-content\/uploads\/2025\/04\/43-1-1024x1024.jpg",1024,1024,true],"1536x1536":["https:\/\/www.stella-sisu.fi\/wp-content\/uploads\/2025\/04\/43-1.webp",1080,1080,false],"2048x2048":["https:\/\/www.stella-sisu.fi\/wp-content\/uploads\/2025\/04\/43-1.webp",1080,1080,false],"trp-custom-language-flag":["https:\/\/www.stella-sisu.fi\/wp-content\/uploads\/2025\/04\/43-1.webp",12,12,false],"woocommerce_thumbnail":["https:\/\/www.stella-sisu.fi\/wp-content\/uploads\/2025\/04\/43-1-300x300.webp",300,300,true],"woocommerce_single":["https:\/\/www.stella-sisu.fi\/wp-content\/uploads\/2025\/04\/43-1-600x600.webp",600,600,true],"woocommerce_gallery_thumbnail":["https:\/\/www.stella-sisu.fi\/wp-content\/uploads\/2025\/04\/43-1-100x100.webp",100,100,true]},"uagb_author_info":{"display_name":"Stella Sisun Nadiia","author_link":"https:\/\/www.stella-sisu.fi\/en\/author\/"},"uagb_comment_info":0,"uagb_excerpt":"Nauhakela on erinomainen valinta kaikille voimistelijoille, jotka haluavat pit\u00e4\u00e4 voimistelunauhansa siistin\u00e4, puhtaana ja silitettyn\u00e4. T\u00e4m\u00e4 k\u00e4yt\u00e4nn\u00f6llinen v\u00e4line sopii kaikille nauhoille, joiden pituus on enint\u00e4\u00e4n 6 metri\u00e4, joten se on ihanteellinen sek\u00e4 harjoituksiin ett\u00e4 kilpailuihin. Nauhakelan avulla nauhan s\u00e4ilytys ja kuljetus on helppoa ja vaivatonta. Kelan k\u00e4ytt\u00f6 est\u00e4\u00e4 nauhaa rypistym\u00e4st\u00e4 ja likaantumasta, mik\u00e4 varmistaa, ett\u00e4 se&hellip;","_links":{"self":[{"href":"https:\/\/www.stella-sisu.fi\/en\/wp-json\/wp\/v2\/product\/1001","targetHints":{"allow":["GET"]}}],"collection":[{"href":"https:\/\/www.stella-sisu.fi\/en\/wp-json\/wp\/v2\/product"}],"about":[{"href":"https:\/\/www.stella-sisu.fi\/en\/wp-json\/wp\/v2\/types\/product"}],"wp:featuredmedia":[{"embeddable":true,"href":"https:\/\/www.stella-sisu.fi\/en\/wp-json\/wp\/v2\/media\/4143"}],"wp:attachment":[{"href":"https:\/\/www.stella-sisu.fi\/en\/wp-json\/wp\/v2\/media?parent=1001"}],"wp:term":[{"taxonomy":"product_brand","embeddable":true,"href":"https:\/\/www.stella-sisu.fi\/en\/wp-json\/wp\/v2\/product_brand?post=1001"},{"taxonomy":"product_cat","embeddable":true,"href":"https:\/\/www.stella-sisu.fi\/en\/wp-json\/wp\/v2\/product_cat?post=1001"},{"taxonomy":"product_tag","embeddable":true,"href":"https:\/\/www.stella-sisu.fi\/en\/wp-json\/wp\/v2\/product_tag?post=1001"}],"curies":[{"name":"wp","href":"https:\/\/api.w.org\/{rel}","templated":true}]}}