{"id":1000,"date":"2025-04-11T16:38:57","date_gmt":"2025-04-11T16:38:57","guid":{"rendered":"https:\/\/www.stella-sisu.fi\/index.php\/tuote\/amaya-liukuvarjatty-naru-3-m\/"},"modified":"2026-04-19T10:39:47","modified_gmt":"2026-04-19T10:39:47","slug":"amaya-liukuvarjatty-voimistelunaru-3-m","status":"publish","type":"product","link":"https:\/\/www.stella-sisu.fi\/en\/product\/amaya-liukuvarjatty-voimistelunaru-3-m\/","title":{"rendered":"Amaya multi-colored gymnastic rope 3 m"},"content":{"rendered":"<h3>Amaya liukuv\u00e4rj\u00e4tty voimistelunaru on upea valinta rytmiseen voimisteluun.<\/h3>\n<p>&nbsp;<\/p>\n<p>T\u00e4m\u00e4 v\u00e4rik\u00e4s naru tarjoaa tyylikkyytt\u00e4 ja korkealaatuista suorituskyky\u00e4 niin harjoituksissa kuin kilpailuissakin. Naru on <a href=\"https:\/\/www.gymnastics.sport\/site\/\" rel=\"noopener\">Kansainv\u00e4lisen Voimisteluliiton (FIG)<\/a> hyv\u00e4ksym\u00e4, joten se t\u00e4ytt\u00e4\u00e4 kilpailuk\u00e4yt\u00f6n vaatimukset.<\/p>\n<p>Naru on pituudeltaan 2,9\u20133 metri\u00e4, ja sen voi helposti lyhent\u00e4\u00e4 k\u00e4ytt\u00e4j\u00e4n tarpeisiin sopivaksi. Paksuus on 0,9 cm, mik\u00e4 takaa erinomaisen hallittavuuden ja mukavuuden k\u00e4sittelyss\u00e4. Naru on t\u00e4ydellinen valinta kaiken tasoisille voimistelijoille, jotka haluavat lis\u00e4t\u00e4 liikkeisiins\u00e4 n\u00e4ytt\u00e4vyytt\u00e4 ja sulavuutta.<\/p>\n<p><strong>Suositukset:<\/strong><\/p>\n<ul>\n<li>FIG:n merkinn\u00e4n s\u00e4ilytt\u00e4miseksi suosittelemme lis\u00e4\u00e4m\u00e4\u00e4n l\u00e4pin\u00e4kyv\u00e4n teipin merkinn\u00e4n p\u00e4\u00e4lle, mik\u00e4 suojaa sit\u00e4 kulumiselta ja varmistaa, ett\u00e4 merkint\u00e4 pysyy n\u00e4kyviss\u00e4.<\/li>\n<li>Suosittelemme s\u00e4ilytt\u00e4m\u00e4\u00e4n ja kuljettamaan narun erityisess\u00e4 <a href=\"https:\/\/www.stella-sisu.fi\/en\/product\/pastorelli-narupussi\/\">narupussissa<\/a>, joka suojaa narua kulumiselta ja pit\u00e4\u00e4 sen hyv\u00e4ss\u00e4 kunnossa harjoitusten ja kilpailujen v\u00e4lill\u00e4.<\/li>\n<\/ul>\n<p>Liukuv\u00e4rj\u00e4tty naru on laadukas ja kest\u00e4v\u00e4 v\u00e4line, joka tuo voimistelusuorituksiisi v\u00e4rikkyytt\u00e4 ja tyylikkyytt\u00e4.<\/p>\n<p>Lue lis\u00e4\u00e4 vinkkej\u00e4 v\u00e4lineiden valinnasta ja huollosta <a href=\"https:\/\/www.stella-sisu.fi\/en\/miten-valitaan-rytmisen-voimistelun-valineita-oikealla-tavalla\/\">blogistamme<\/a>.<\/p>","protected":false},"excerpt":{"rendered":"<p>Liukuv\u00e4rj\u00e4tty naru on upea valinta rytmiseen voimisteluun. T\u00e4m\u00e4 v\u00e4rik\u00e4s naru tarjoaa tyylikkyytt\u00e4 ja korkealaatuista suorituskyky\u00e4 niin harjoituksissa kuin kilpailuissakin. Naru on Kansainv\u00e4lisen Voimisteluliiton\u00a0 hyv\u00e4ksym\u00e4, joten se t\u00e4ytt\u00e4\u00e4 kilpailuk\u00e4yt\u00f6n vaatimukset.<\/p>\n<p>Naru on pituudeltaan 2,9\u20133 metri\u00e4, ja sen voi helposti lyhent\u00e4\u00e4 k\u00e4ytt\u00e4j\u00e4n tarpeisiin sopivaksi. Paksuus on 0,9 cm, mik\u00e4 takaa erinomaisen hallittavuuden ja mukavuuden k\u00e4sittelyss\u00e4. Naru on t\u00e4ydellinen valinta kaiken tasoisille voimistelijoille, jotka haluavat lis\u00e4t\u00e4 liikkeisiins\u00e4 n\u00e4ytt\u00e4vyytt\u00e4 ja sulavuutta.<\/p>","protected":false},"featured_media":4132,"template":"","meta":{"_uag_custom_page_level_css":"","site-sidebar-layout":"default","site-content-layout":"","ast-site-content-layout":"default","site-content-style":"default","site-sidebar-style":"default","ast-global-header-display":"","ast-banner-title-visibility":"","ast-main-header-display":"","ast-hfb-above-header-display":"","ast-hfb-below-header-display":"","ast-hfb-mobile-header-display":"","site-post-title":"","ast-breadcrumbs-content":"","ast-featured-img":"","footer-sml-layout":"","ast-disable-related-posts":"","theme-transparent-header-meta":"default","adv-header-id-meta":"","stick-header-meta":"","header-above-stick-meta":"","header-main-stick-meta":"","header-below-stick-meta":"","astra-migrate-meta-layouts":"set","ast-page-background-enabled":"default","ast-page-background-meta":{"desktop":{"background-color":"var(--ast-global-color-5)","background-image":"","background-repeat":"repeat","background-position":"center center","background-size":"auto","background-attachment":"scroll","background-type":"","background-media":"","overlay-type":"","overlay-color":"","overlay-opacity":"","overlay-gradient":""},"tablet":{"background-color":"","background-image":"","background-repeat":"repeat","background-position":"center center","background-size":"auto","background-attachment":"scroll","background-type":"","background-media":"","overlay-type":"","overlay-color":"","overlay-opacity":"","overlay-gradient":""},"mobile":{"background-color":"","background-image":"","background-repeat":"repeat","background-position":"center center","background-size":"auto","background-attachment":"scroll","background-type":"","background-media":"","overlay-type":"","overlay-color":"","overlay-opacity":"","overlay-gradient":""}},"ast-content-background-meta":{"desktop":{"background-color":"var(--ast-global-color-4)","background-image":"","background-repeat":"repeat","background-position":"center center","background-size":"auto","background-attachment":"scroll","background-type":"","background-media":"","overlay-type":"","overlay-color":"","overlay-opacity":"","overlay-gradient":""},"tablet":{"background-color":"var(--ast-global-color-4)","background-image":"","background-repeat":"repeat","background-position":"center center","background-size":"auto","background-attachment":"scroll","background-type":"","background-media":"","overlay-type":"","overlay-color":"","overlay-opacity":"","overlay-gradient":""},"mobile":{"background-color":"var(--ast-global-color-4)","background-image":"","background-repeat":"repeat","background-position":"center center","background-size":"auto","background-attachment":"scroll","background-type":"","background-media":"","overlay-type":"","overlay-color":"","overlay-opacity":"","overlay-gradient":""}}},"product_brand":[29],"product_cat":[364,53],"product_tag":[132,54,52],"class_list":{"0":"post-1000","1":"product","2":"type-product","3":"status-publish","4":"has-post-thumbnail","6":"product_brand-amaya","7":"product_cat-alennukset","8":"product_cat-voimistelunarut","9":"product_tag-amaya","10":"product_tag-voimistelunaru","11":"product_tag-voimisteluvalineet","12":"desktop-align-left","13":"tablet-align-left","14":"mobile-align-left","16":"first","17":"instock","18":"sale","19":"taxable","20":"shipping-taxable","21":"purchasable","22":"product-type-variable"},"supplier_id":null,"supplier_sku":"","barcode":null,"atum_controlled":true,"out_stock_date":null,"out_stock_threshold":null,"inheritable":true,"inbound_stock":0,"stock_on_hold":0,"sold_today":0,"sales_last_days":0,"reserved_stock":0,"customer_returns":0,"warehouse_damage":0,"lost_in_post":0,"other_logs":0,"out_stock_days":0,"lost_sales":0,"has_location":false,"update_date":"2026-04-29T03:51:04","atum_locations":[],"atum_stock_status":"instock","restock_status":false,"low_stock_amount":"","sales_update_date":"2026-04-29T03:51:04","calc_backorders":null,"uagb_featured_image_src":{"full":["https:\/\/www.stella-sisu.fi\/wp-content\/uploads\/2025\/04\/32.webp",1080,1080,false],"thumbnail":["https:\/\/www.stella-sisu.fi\/wp-content\/uploads\/2025\/04\/32-150x150.jpg",150,150,true],"medium":["https:\/\/www.stella-sisu.fi\/wp-content\/uploads\/2025\/04\/32-300x300.jpg",300,300,true],"medium_large":["https:\/\/www.stella-sisu.fi\/wp-content\/uploads\/2025\/04\/32-768x768.jpg",768,768,true],"large":["https:\/\/www.stella-sisu.fi\/wp-content\/uploads\/2025\/04\/32-1024x1024.jpg",1024,1024,true],"1536x1536":["https:\/\/www.stella-sisu.fi\/wp-content\/uploads\/2025\/04\/32.webp",1080,1080,false],"2048x2048":["https:\/\/www.stella-sisu.fi\/wp-content\/uploads\/2025\/04\/32.webp",1080,1080,false],"trp-custom-language-flag":["https:\/\/www.stella-sisu.fi\/wp-content\/uploads\/2025\/04\/32.webp",12,12,false],"woocommerce_thumbnail":["https:\/\/www.stella-sisu.fi\/wp-content\/uploads\/2025\/04\/32-300x300.webp",300,300,true],"woocommerce_single":["https:\/\/www.stella-sisu.fi\/wp-content\/uploads\/2025\/04\/32-600x600.webp",600,600,true],"woocommerce_gallery_thumbnail":["https:\/\/www.stella-sisu.fi\/wp-content\/uploads\/2025\/04\/32-100x100.webp",100,100,true]},"uagb_author_info":{"display_name":"Stella Sisun Nadiia","author_link":"https:\/\/www.stella-sisu.fi\/en\/author\/"},"uagb_comment_info":0,"uagb_excerpt":"Liukuv\u00e4rj\u00e4tty naru on upea valinta rytmiseen voimisteluun. T\u00e4m\u00e4 v\u00e4rik\u00e4s naru tarjoaa tyylikkyytt\u00e4 ja korkealaatuista suorituskyky\u00e4 niin harjoituksissa kuin kilpailuissakin. Naru on Kansainv\u00e4lisen Voimisteluliiton\u00a0 hyv\u00e4ksym\u00e4, joten se t\u00e4ytt\u00e4\u00e4 kilpailuk\u00e4yt\u00f6n vaatimukset. Naru on pituudeltaan 2,9\u20133 metri\u00e4, ja sen voi helposti lyhent\u00e4\u00e4 k\u00e4ytt\u00e4j\u00e4n tarpeisiin sopivaksi. Paksuus on 0,9 cm, mik\u00e4 takaa erinomaisen hallittavuuden ja mukavuuden k\u00e4sittelyss\u00e4. Naru on&hellip;","_links":{"self":[{"href":"https:\/\/www.stella-sisu.fi\/en\/wp-json\/wp\/v2\/product\/1000","targetHints":{"allow":["GET"]}}],"collection":[{"href":"https:\/\/www.stella-sisu.fi\/en\/wp-json\/wp\/v2\/product"}],"about":[{"href":"https:\/\/www.stella-sisu.fi\/en\/wp-json\/wp\/v2\/types\/product"}],"wp:featuredmedia":[{"embeddable":true,"href":"https:\/\/www.stella-sisu.fi\/en\/wp-json\/wp\/v2\/media\/4132"}],"wp:attachment":[{"href":"https:\/\/www.stella-sisu.fi\/en\/wp-json\/wp\/v2\/media?parent=1000"}],"wp:term":[{"taxonomy":"product_brand","embeddable":true,"href":"https:\/\/www.stella-sisu.fi\/en\/wp-json\/wp\/v2\/product_brand?post=1000"},{"taxonomy":"product_cat","embeddable":true,"href":"https:\/\/www.stella-sisu.fi\/en\/wp-json\/wp\/v2\/product_cat?post=1000"},{"taxonomy":"product_tag","embeddable":true,"href":"https:\/\/www.stella-sisu.fi\/en\/wp-json\/wp\/v2\/product_tag?post=1000"}],"curies":[{"name":"wp","href":"https:\/\/api.w.org\/{rel}","templated":true}]}}