{"id":3176,"date":"2025-05-08T07:56:51","date_gmt":"2025-05-08T07:56:51","guid":{"rendered":"https:\/\/www.stella-sisu.fi\/?page_id=3176"},"modified":"2025-08-05T17:32:17","modified_gmt":"2025-08-05T17:32:17","slug":"muutos-ja-korjauspalvelut","status":"publish","type":"page","link":"https:\/\/www.stella-sisu.fi\/en\/muutos-ja-korjauspalvelut\/","title":{"rendered":"Modification and repair services"},"content":{"rendered":"<div class=\"wp-block-cover is-light\" style=\"min-height:300px;aspect-ratio:unset;\"><video class=\"wp-block-cover__video-background intrinsic-ignore\" autoplay muted loop playsinline src=\"https:\/\/www.stella-sisu.fi\/wp-content\/uploads\/2025\/05\/WhatsApp-Video-2024-01-30-at-18.01.37.mp4\" style=\"object-position:72% 70%\" data-object-fit=\"cover\" data-object-position=\"72% 70%\"><\/video><span aria-hidden=\"true\" class=\"wp-block-cover__background has-background-dim\" style=\"background-color:#FFF\"><\/span><div class=\"wp-block-cover__inner-container is-layout-constrained wp-block-cover-is-layout-constrained\">\n<p class=\"has-text-align-left has-ast-global-color-2-color has-text-color has-link-color has-medium-font-size wp-elements-0179ed964017028d1e61157ed180bcbd\" style=\"border-style:none;border-width:0px;border-radius:0px;padding-top:0;padding-right:0;padding-bottom:0;padding-left:0\">New life for your leotard - <br>Stella Ompelimo modification and repair services<\/p>\n\n\n\n<div class=\"wp-block-uagb-buttons uagb-buttons__outer-wrap uagb-btn__default-btn uagb-btn-tablet__default-btn uagb-btn-mobile__default-btn uagb-block-7530832c\"><div class=\"uagb-buttons__wrap uagb-buttons-layout-wrap\">\n<div class=\"wp-block-uagb-buttons-child uagb-buttons__outer-wrap uagb-block-43377b5e wp-block-button\"><div class=\"uagb-button__wrapper\"><a class=\"uagb-buttons-repeater ast-outline-button\" aria-label=\"\" style=\"border-width:revert-layer\" href=\"https:\/\/www.stella-sisu.fi\/en\/yhteystiedot\/\" rel=\"follow noopener\" target=\"_self\" role=\"button\"><div class=\"uagb-button__link\">Ask for a repair<\/div><\/a><\/div><\/div>\n<\/div><\/div>\n<\/div><\/div>\n\n\n\n<div class=\"wp-block-uagb-container uagb-block-3b23a9b4 alignfull uagb-is-root-container\"><div class=\"uagb-container-inner-blocks-wrap\">\n<div class=\"wp-block-uagb-container uagb-block-892e31c7\">\n<div class=\"wp-block-uagb-image uagb-block-515b7af4 wp-block-uagb-image--layout-default wp-block-uagb-image--effect-static wp-block-uagb-image--align-none\"><figure class=\"wp-block-uagb-image__figure\"><img decoding=\"async\" srcset=\"https:\/\/www.stella-sisu.fi\/wp-content\/uploads\/2025\/05\/Suomalaista_palvelua_su_eng_blue_rgb.png ,https:\/\/www.stella-sisu.fi\/wp-content\/uploads\/2025\/05\/Suomalaista_palvelua_su_eng_blue_rgb.png 780w, https:\/\/www.stella-sisu.fi\/wp-content\/uploads\/2025\/05\/Suomalaista_palvelua_su_eng_blue_rgb.png 360w\" sizes=\"auto, (max-width: 480px) 150px\" src=\"https:\/\/www.stella-sisu.fi\/wp-content\/uploads\/2025\/05\/Suomalaista_palvelua_su_eng_blue_rgb.png\" alt=\"\" class=\"uag-image-3738\" width=\"150\" height=\"190\" title=\"Suomalaista_palvelua_su_eng_blue_rgb\" loading=\"lazy\" role=\"img\"\/><\/figure><\/div>\n<\/div>\n\n\n\n<div class=\"wp-block-uagb-container uagb-block-b6af3e83\">\n<h2 class=\"wp-block-heading has-small-font-size\" style=\"margin-top:var(--wp--preset--spacing--20);margin-right:0;margin-bottom:var(--wp--preset--spacing--20);margin-left:0\">Designed and handmade in Finland<br>\ud83c\uddeb\ud83c\uddee Nordic \u2022  Finnish Federation of Labour<\/h2>\n<\/div>\n<\/div><\/div>\n\n\n\n<div class=\"wp-block-uagb-container uagb-block-aikoyqgr alignfull uagb-is-root-container\"><div class=\"uagb-container-inner-blocks-wrap\">\n<div class=\"wp-block-uagb-container uagb-block-unsd1wal\">\n<div class=\"wp-block-uagb-image alignleft uagb-block-d5uw1aka wp-block-uagb-image--layout-default wp-block-uagb-image--effect-static wp-block-uagb-image--align-left\"><figure class=\"wp-block-uagb-image__figure\"><img decoding=\"async\" srcset=\"https:\/\/www.stella-sisu.fi\/wp-content\/uploads\/2025\/05\/IMG_8267-768x1024.jpeg ,https:\/\/www.stella-sisu.fi\/wp-content\/uploads\/2025\/05\/IMG_8267-scaled.jpeg 780w, https:\/\/www.stella-sisu.fi\/wp-content\/uploads\/2025\/05\/IMG_8267-scaled.jpeg 360w\" sizes=\"auto, (max-width: 480px) 150px\" src=\"https:\/\/www.stella-sisu.fi\/wp-content\/uploads\/2025\/05\/IMG_8267-768x1024.jpeg\" alt=\"\" class=\"uag-image-3990\" width=\"564\" height=\"400\" title=\"IMG_8267\" loading=\"lazy\" role=\"img\"\/><\/figure><\/div>\n\n\n\n<div class=\"wp-block-uagb-info-box uagb-block-mbhwnqfv uagb-infobox__content-wrap  uagb-infobox-icon-above-title uagb-infobox-image-valign-top\"><div class=\"uagb-ifb-content\"><div class=\"uagb-ifb-title-wrap\"><h3 class=\"uagb-ifb-title\">What can we do for your repair project?<\/h3><\/div><p class=\"uagb-ifb-desc\">Stella Ompelimo's modofocation and repair services are designed to meet the needs of both individuals and teams. Whether it's a competition leotard, training or performance outfit, we'll help you get it exactly how you want it. You can bring the dress directly to our sewing studio in Espoo or alternatively conveniently send it by post - we'll take care of the rest.<br><br>Our services include a wide range of different sewing jobs, such as <strong>fit adjustment and repairs<\/strong>that allow the leotard to fit you perfectly and give you the best freedom of movement. <br><br>We also modify skirts, sleeves, and trousers according to your needs.<br><br>If you want to add or change rhinestones, it can be done conveniently with us. <br><br>We can also make changes or renew decorations so that your costume always looks fresh and personalized. <br><br>In addition, we update the leotards to comply with the rules of the sport so that it meets competition requirements. <br><br>We also offer small sewing jobs quickly and with high quality.<\/p><\/div><\/div>\n<\/div>\n\n\n\n<div class=\"wp-block-uagb-container uagb-block-htwp4dhj\">\n<div class=\"wp-block-uagb-info-box uagb-block-cqouk0a8 uagb-infobox__content-wrap  uagb-infobox-icon-above-title uagb-infobox-image-valign-top\"><div class=\"uagb-ifb-content\"><div class=\"uagb-ifb-title-wrap\"><h3 class=\"uagb-ifb-title\">This is how modification and repair services progress<\/h3><\/div><p class=\"uagb-ifb-desc\">Using our alteration and repair services is easy and smooth. First of all <a href=\"https:\/\/www.stella-sisu.fi\/en\/yhteystiedot\/\">contact us<\/a> and tell us exactly what kind of alteration or repair your leotard needs. You can include pictures of the leotard and the desired alterations so we can get a clear idea of \u200b\u200byour needs.<br><br>We will provide you with a preliminary estimate of the cost and schedule of the work so that you can plan the repair in advance. When you are ready, you can send the leotard to us by mail or bring it directly to the sewing studio in Espoo.<br><br>Once the leotard arrives, we will make an accurate estimate of the repair, after which we will confirm the final price and schedule for you before starting the work.<br><br>When the work is complete, we will notify you that the leotard is available for pickup, or we can deliver it to you.<br><br>Finally, you will receive an invoice by email, making payment easy and flexible.<br><br>Our service is designed to make your leotard repair hassle-free and reliable.<\/p><\/div><\/div>\n\n\n\n<div class=\"wp-block-uagb-image alignleft uagb-block-vf6i8uep wp-block-uagb-image--layout-default wp-block-uagb-image--effect-static wp-block-uagb-image--align-left\"><figure class=\"wp-block-uagb-image__figure\"><img decoding=\"async\" srcset=\"https:\/\/www.stella-sisu.fi\/wp-content\/uploads\/2025\/05\/IMG_8193-768x1024.jpeg ,https:\/\/www.stella-sisu.fi\/wp-content\/uploads\/2025\/05\/IMG_8193-scaled.jpeg 780w, https:\/\/www.stella-sisu.fi\/wp-content\/uploads\/2025\/05\/IMG_8193-scaled.jpeg 360w\" sizes=\"auto, (max-width: 480px) 150px\" src=\"https:\/\/www.stella-sisu.fi\/wp-content\/uploads\/2025\/05\/IMG_8193-768x1024.jpeg\" alt=\"\" class=\"uag-image-3992\" width=\"564\" height=\"400\" title=\"IMG_8193\" loading=\"lazy\" role=\"img\"\/><\/figure><\/div>\n<\/div>\n<\/div><\/div>\n\n\n\n<div class=\"wp-block-uagb-container uagb-layout-flex uagb-block-b64236f3 alignfull uagb-is-root-container\"><div class=\"uagb-container-inner-blocks-wrap\">\n<div class=\"wp-block-uagb-advanced-heading uagb-block-c9e99cf8\"><h2 class=\"uagb-heading-text\">FAQ<\/h2><\/div>\n\n\n\n<div class=\"wp-block-uagb-container uagb-layout-grid uagb-block-95b8d1d9\"><div class=\"wp-block-uagb-faq uagb-faq__outer-wrap uagb-block-02949fe9 uagb-faq-icon-row-reverse uagb-faq-layout-accordion uagb-faq-expand-first-false uagb-faq-inactive-other-true uagb-faq__wrap uagb-buttons-layout-wrap uagb-faq-equal-height\" data-faqtoggle=\"true\" role=\"tablist\"><div class=\"wp-block-uagb-faq-child uagb-faq-child__outer-wrap uagb-faq-item uagb-block-75c34708\" role=\"tab\" tabindex=\"0\"><div class=\"uagb-faq-questions-button uagb-faq-questions\">\t\t\t<span class=\"uagb-icon uagb-faq-icon-wrap\">\n\t\t\t\t\t\t\t\t<svg xmlns=\"https:\/\/www.w3.org\/2000\/svg\" viewbox= \"0 0 448 512\"><path d=\"M432 256c0 17.69-14.33 32.01-32 32.01H256v144c0 17.69-14.33 31.99-32 31.99s-32-14.3-32-31.99v-144H48c-17.67 0-32-14.32-32-32.01s14.33-31.99 32-31.99H192v-144c0-17.69 14.33-32.01 32-32.01s32 14.32 32 32.01v144h144C417.7 224 432 238.3 432 256z\"><\/path><\/svg>\n\t\t\t\t\t\t\t<\/span>\n\t\t\t\t\t\t<span class=\"uagb-icon-active uagb-faq-icon-wrap\">\n\t\t\t\t\t\t\t\t<svg xmlns=\"https:\/\/www.w3.org\/2000\/svg\" viewbox= \"0 0 448 512\"><path d=\"M400 288h-352c-17.69 0-32-14.32-32-32.01s14.31-31.99 32-31.99h352c17.69 0 32 14.3 32 31.99S417.7 288 400 288z\"><\/path><\/svg>\n\t\t\t\t\t\t\t<\/span>\n\t\t\t<p class=\"uagb-question\">Can I get a quote for a repair based on just a picture?<\/p><\/div><div class=\"uagb-faq-content\"><p>In most cases we are able to provide <strong>indicative price estimate based on the picture and description<\/strong>. The final price will be confirmed when we will check the leotard in more detail on site, because the quality of the seams and the attachment of the rhinestones are often decisive in the evaluation. <br>So please attach a picture that is as clear as possible and tell us what corrections or changes you would like to make.<\/p><\/div><\/div><div class=\"wp-block-uagb-faq-child uagb-faq-child__outer-wrap uagb-faq-item uagb-block-5ef87068\" role=\"tab\" tabindex=\"0\"><div class=\"uagb-faq-questions-button uagb-faq-questions\">\t\t\t<span class=\"uagb-icon uagb-faq-icon-wrap\">\n\t\t\t\t\t\t\t\t<svg xmlns=\"https:\/\/www.w3.org\/2000\/svg\" viewbox= \"0 0 448 512\"><path d=\"M432 256c0 17.69-14.33 32.01-32 32.01H256v144c0 17.69-14.33 31.99-32 31.99s-32-14.3-32-31.99v-144H48c-17.67 0-32-14.32-32-32.01s14.33-31.99 32-31.99H192v-144c0-17.69 14.33-32.01 32-32.01s32 14.32 32 32.01v144h144C417.7 224 432 238.3 432 256z\"><\/path><\/svg>\n\t\t\t\t\t\t\t<\/span>\n\t\t\t\t\t\t<span class=\"uagb-icon-active uagb-faq-icon-wrap\">\n\t\t\t\t\t\t\t\t<svg xmlns=\"https:\/\/www.w3.org\/2000\/svg\" viewbox= \"0 0 448 512\"><path d=\"M400 288h-352c-17.69 0-32-14.32-32-32.01s14.31-31.99 32-31.99h352c17.69 0 32 14.3 32 31.99S417.7 288 400 288z\"><\/path><\/svg>\n\t\t\t\t\t\t\t<\/span>\n\t\t\t<p class=\"uagb-question\">What does the repair cost?<\/p><\/div><div class=\"uagb-faq-content\"><p>Prices for repairs vary depending on the scope of the work. Small adjustments, such as seam repairs or skirt shortening, start at around <strong>25 \u20ac<\/strong>, while more extensive changes, such as fit adjustments or changes according to new rules, are priced separately.<br>You can ask <strong>an indicative offer by sending a picture and description<\/strong> of the need for repairs - the final price will be confirmed based on more detailed information.<\/p><\/div><\/div><\/div>\n\n<div class=\"wp-block-uagb-faq uagb-faq__outer-wrap uagb-block-d5c43ae5 uagb-faq-icon-row-reverse uagb-faq-layout-accordion uagb-faq-expand-first-false uagb-faq-inactive-other-true uagb-faq__wrap uagb-buttons-layout-wrap uagb-faq-equal-height\" data-faqtoggle=\"true\" role=\"tablist\"><div class=\"wp-block-uagb-faq-child uagb-faq-child__outer-wrap uagb-faq-item uagb-block-4e025901\" role=\"tab\" tabindex=\"0\"><div class=\"uagb-faq-questions-button uagb-faq-questions\">\t\t\t<span class=\"uagb-icon uagb-faq-icon-wrap\">\n\t\t\t\t\t\t\t\t<svg xmlns=\"https:\/\/www.w3.org\/2000\/svg\" viewbox= \"0 0 448 512\"><path d=\"M432 256c0 17.69-14.33 32.01-32 32.01H256v144c0 17.69-14.33 31.99-32 31.99s-32-14.3-32-31.99v-144H48c-17.67 0-32-14.32-32-32.01s14.33-31.99 32-31.99H192v-144c0-17.69 14.33-32.01 32-32.01s32 14.32 32 32.01v144h144C417.7 224 432 238.3 432 256z\"><\/path><\/svg>\n\t\t\t\t\t\t\t<\/span>\n\t\t\t\t\t\t<span class=\"uagb-icon-active uagb-faq-icon-wrap\">\n\t\t\t\t\t\t\t\t<svg xmlns=\"https:\/\/www.w3.org\/2000\/svg\" viewbox= \"0 0 448 512\"><path d=\"M400 288h-352c-17.69 0-32-14.32-32-32.01s14.31-31.99 32-31.99h352c17.69 0 32 14.3 32 31.99S417.7 288 400 288z\"><\/path><\/svg>\n\t\t\t\t\t\t\t<\/span>\n\t\t\t<p class=\"uagb-question\">How quickly will I get my leotard back?<\/p><\/div><div class=\"uagb-faq-content\"><p>The duration of a repair or modification depends on the scope of the work and the current work queue. Small repairs are often completed <strong>in 1-2 weeks<\/strong>, while more extensive changes may take a little longer.<br>If you need the leotard urgently, <strong>tell us in advance<\/strong> \u2013 we will do our best according to the schedule.<\/p><\/div><\/div><div class=\"wp-block-uagb-faq-child uagb-faq-child__outer-wrap uagb-faq-item uagb-block-fd9caee7\" role=\"tab\" tabindex=\"0\"><div class=\"uagb-faq-questions-button uagb-faq-questions\">\t\t\t<span class=\"uagb-icon uagb-faq-icon-wrap\">\n\t\t\t\t\t\t\t\t<svg xmlns=\"https:\/\/www.w3.org\/2000\/svg\" viewbox= \"0 0 448 512\"><path d=\"M432 256c0 17.69-14.33 32.01-32 32.01H256v144c0 17.69-14.33 31.99-32 31.99s-32-14.3-32-31.99v-144H48c-17.67 0-32-14.32-32-32.01s14.33-31.99 32-31.99H192v-144c0-17.69 14.33-32.01 32-32.01s32 14.32 32 32.01v144h144C417.7 224 432 238.3 432 256z\"><\/path><\/svg>\n\t\t\t\t\t\t\t<\/span>\n\t\t\t\t\t\t<span class=\"uagb-icon-active uagb-faq-icon-wrap\">\n\t\t\t\t\t\t\t\t<svg xmlns=\"https:\/\/www.w3.org\/2000\/svg\" viewbox= \"0 0 448 512\"><path d=\"M400 288h-352c-17.69 0-32-14.32-32-32.01s14.31-31.99 32-31.99h352c17.69 0 32 14.3 32 31.99S417.7 288 400 288z\"><\/path><\/svg>\n\t\t\t\t\t\t\t<\/span>\n\t\t\t<p class=\"uagb-question\">Do you also offer repairs to costumes made by others?<\/p><\/div><div class=\"uagb-faq-content\"><p>Yes! We also do repairs and modifications <strong>for leotard made in other sewing workshops<\/strong>, whether it's a competition leotard, training or performance outfit. You can bring the garnment to us for evaluation or send us pictures and a description of the repair need by email.<\/p><\/div><\/div><\/div><\/div>\n<\/div><\/div>","protected":false},"excerpt":{"rendered":"<p>Suunniteltu ja ommeltu Espoossa k\u00e4sity\u00f6n\u00e4\ud83c\uddeb\ud83c\uddee Kotimainen \u2022 Suomalaisen Ty\u00f6n Liiton j\u00e4sen Usein kysytty\u00e4<\/p>","protected":false},"author":1,"featured_media":0,"parent":0,"menu_order":0,"comment_status":"closed","ping_status":"closed","template":"","meta":{"_uag_custom_page_level_css":"","site-sidebar-layout":"default","site-content-layout":"","ast-site-content-layout":"","site-content-style":"default","site-sidebar-style":"default","ast-global-header-display":"","ast-banner-title-visibility":"","ast-main-header-display":"","ast-hfb-above-header-display":"","ast-hfb-below-header-display":"","ast-hfb-mobile-header-display":"","site-post-title":"disabled","ast-breadcrumbs-content":"","ast-featured-img":"","footer-sml-layout":"","ast-disable-related-posts":"","theme-transparent-header-meta":"","adv-header-id-meta":"","stick-header-meta":"","header-above-stick-meta":"","header-main-stick-meta":"","header-below-stick-meta":"","astra-migrate-meta-layouts":"default","ast-page-background-enabled":"default","ast-page-background-meta":{"desktop":{"background-color":"var(--ast-global-color-4)","background-image":"","background-repeat":"repeat","background-position":"center center","background-size":"auto","background-attachment":"scroll","background-type":"","background-media":"","overlay-type":"","overlay-color":"","overlay-opacity":"","overlay-gradient":""},"tablet":{"background-color":"","background-image":"","background-repeat":"repeat","background-position":"center center","background-size":"auto","background-attachment":"scroll","background-type":"","background-media":"","overlay-type":"","overlay-color":"","overlay-opacity":"","overlay-gradient":""},"mobile":{"background-color":"","background-image":"","background-repeat":"repeat","background-position":"center center","background-size":"auto","background-attachment":"scroll","background-type":"","background-media":"","overlay-type":"","overlay-color":"","overlay-opacity":"","overlay-gradient":""}},"ast-content-background-meta":{"desktop":{"background-color":"var(--ast-global-color-5)","background-image":"","background-repeat":"repeat","background-position":"center center","background-size":"auto","background-attachment":"scroll","background-type":"","background-media":"","overlay-type":"","overlay-color":"","overlay-opacity":"","overlay-gradient":""},"tablet":{"background-color":"var(--ast-global-color-5)","background-image":"","background-repeat":"repeat","background-position":"center center","background-size":"auto","background-attachment":"scroll","background-type":"","background-media":"","overlay-type":"","overlay-color":"","overlay-opacity":"","overlay-gradient":""},"mobile":{"background-color":"var(--ast-global-color-5)","background-image":"","background-repeat":"repeat","background-position":"center center","background-size":"auto","background-attachment":"scroll","background-type":"","background-media":"","overlay-type":"","overlay-color":"","overlay-opacity":"","overlay-gradient":""}},"footnotes":""},"class_list":["post-3176","page","type-page","status-publish","hentry"],"uagb_featured_image_src":{"full":false,"thumbnail":false,"medium":false,"medium_large":false,"large":false,"1536x1536":false,"2048x2048":false,"trp-custom-language-flag":false,"woocommerce_thumbnail":false,"woocommerce_single":false,"woocommerce_gallery_thumbnail":false},"uagb_author_info":{"display_name":"Stella Sisun Nadiia","author_link":"https:\/\/www.stella-sisu.fi\/en\/author\/admin\/"},"uagb_comment_info":0,"uagb_excerpt":"Suunniteltu ja ommeltu Espoossa k\u00e4sity\u00f6n\u00e4\ud83c\uddeb\ud83c\uddee Kotimainen \u2022 Suomalaisen Ty\u00f6n Liiton j\u00e4sen Usein kysytty\u00e4","_links":{"self":[{"href":"https:\/\/www.stella-sisu.fi\/en\/wp-json\/wp\/v2\/pages\/3176","targetHints":{"allow":["GET"]}}],"collection":[{"href":"https:\/\/www.stella-sisu.fi\/en\/wp-json\/wp\/v2\/pages"}],"about":[{"href":"https:\/\/www.stella-sisu.fi\/en\/wp-json\/wp\/v2\/types\/page"}],"author":[{"embeddable":true,"href":"https:\/\/www.stella-sisu.fi\/en\/wp-json\/wp\/v2\/users\/1"}],"replies":[{"embeddable":true,"href":"https:\/\/www.stella-sisu.fi\/en\/wp-json\/wp\/v2\/comments?post=3176"}],"version-history":[{"count":1,"href":"https:\/\/www.stella-sisu.fi\/en\/wp-json\/wp\/v2\/pages\/3176\/revisions"}],"predecessor-version":[{"id":5719,"href":"https:\/\/www.stella-sisu.fi\/en\/wp-json\/wp\/v2\/pages\/3176\/revisions\/5719"}],"wp:attachment":[{"href":"https:\/\/www.stella-sisu.fi\/en\/wp-json\/wp\/v2\/media?parent=3176"}],"curies":[{"name":"wp","href":"https:\/\/api.w.org\/{rel}","templated":true}]}}